{"id":18495,"date":"2022-05-21T17:14:28","date_gmt":"2022-05-21T17:14:28","guid":{"rendered":"https:\/\/qube-hotel-heidelberg.de\/?page_id=18495"},"modified":"2026-02-02T15:47:54","modified_gmt":"2026-02-02T15:47:54","slug":"fruehstuecken","status":"publish","type":"page","link":"https:\/\/qube-hotel-heidelberg.de\/en\/fruehstuecken\/","title":{"rendered":"Breakfast"},"content":{"rendered":"<div data-elementor-type=\"wp-page\" data-elementor-id=\"18495\" class=\"elementor elementor-18495\" data-elementor-post-type=\"page\">\n\t\t\t\t\t\t<section class=\"elementor-section elementor-top-section elementor-element elementor-element-4fc56a8 elementor-section-full_width scheme_light elementor-section-height-full elementor-section-height-default elementor-section-items-middle sc_fly_static\" data-id=\"4fc56a8\" data-element_type=\"section\" data-settings=\"{&quot;background_background&quot;:&quot;classic&quot;,&quot;background_motion_fx_motion_fx_scrolling&quot;:&quot;yes&quot;,&quot;background_motion_fx_opacity_effect&quot;:&quot;yes&quot;,&quot;background_motion_fx_opacity_direction&quot;:&quot;in-out&quot;,&quot;background_motion_fx_opacity_range&quot;:{&quot;unit&quot;:&quot;%&quot;,&quot;size&quot;:&quot;&quot;,&quot;sizes&quot;:{&quot;start&quot;:36,&quot;end&quot;:48}},&quot;background_motion_fx_scale_effect&quot;:&quot;yes&quot;,&quot;background_motion_fx_scale_speed&quot;:{&quot;unit&quot;:&quot;px&quot;,&quot;size&quot;:3,&quot;sizes&quot;:[]},&quot;background_motion_fx_scale_range&quot;:{&quot;unit&quot;:&quot;%&quot;,&quot;size&quot;:&quot;&quot;,&quot;sizes&quot;:{&quot;start&quot;:21,&quot;end&quot;:69}},&quot;background_motion_fx_opacity_level&quot;:{&quot;unit&quot;:&quot;px&quot;,&quot;size&quot;:10,&quot;sizes&quot;:[]},&quot;background_motion_fx_scale_direction&quot;:&quot;out-in&quot;,&quot;background_motion_fx_devices&quot;:[&quot;desktop&quot;,&quot;tablet&quot;,&quot;mobile&quot;],&quot;_ha_eqh_enable&quot;:false}\">\n\t\t\t\t\t\t\t<div class=\"elementor-background-overlay\"><\/div>\n\t\t\t\t\t\t\t<div class=\"elementor-container elementor-column-gap-no\">\n\t\t\t\t\t<div class=\"elementor-column elementor-col-100 elementor-top-column elementor-element elementor-element-17cc9a9 sc-mobile_inner_width_none sc-mobile_content_align_inherit sc-tablet_inner_width_none sc_content_align_inherit sc_layouts_column_icons_position_left sc_fly_static\" data-id=\"17cc9a9\" data-element_type=\"column\">\n\t\t\t<div class=\"elementor-widget-wrap elementor-element-populated\">\n\t\t\t\t\t\t<div class=\"elementor-element elementor-element-2f74204 sc_fly_static elementor-widget elementor-widget-spacer\" data-id=\"2f74204\" data-element_type=\"widget\" data-widget_type=\"spacer.default\">\n\t\t\t\t<div class=\"elementor-widget-container\">\n\t\t\t\t\t<div class=\"elementor-spacer\">\n\t\t\t<div class=\"elementor-spacer-inner\"><\/div>\n\t\t<\/div>\n\t\t\t\t<\/div>\n\t\t\t\t<\/div>\n\t\t\t\t<div class=\"elementor-element elementor-element-550b08d ha-has-bg-overlay sc_fly_static elementor-widget elementor-widget-trx_sc_title\" data-id=\"550b08d\" data-element_type=\"widget\" data-widget_type=\"trx_sc_title.default\">\n\t\t\t\t<div class=\"elementor-widget-container\">\n\t\t\t<div\t\tclass=\"sc_title sc_title_default\" ><h1 class=\"sc_item_title sc_title_title sc_align_center sc_item_title_style_default sc_item_title_tag trx_addons_inline_96215512\"\n\t\t\t><span class=\"sc_item_title_text\">Breakfast<\/span><\/h1><\/div>\t\t<\/div>\n\t\t\t\t<\/div>\n\t\t\t\t<div class=\"elementor-element elementor-element-a96837a sc_fly_static elementor-widget elementor-widget-spacer\" data-id=\"a96837a\" data-element_type=\"widget\" data-widget_type=\"spacer.default\">\n\t\t\t\t<div class=\"elementor-widget-container\">\n\t\t\t\t\t<div class=\"elementor-spacer\">\n\t\t\t<div class=\"elementor-spacer-inner\"><\/div>\n\t\t<\/div>\n\t\t\t\t<\/div>\n\t\t\t\t<\/div>\n\t\t\t\t\t<\/div>\n\t\t<\/div>\n\t\t\t\t\t<\/div>\n\t\t<\/section>\n\t\t\t\t<section class=\"elementor-section elementor-top-section elementor-element elementor-element-f25d3f3 elementor-section-boxed elementor-section-height-default elementor-section-height-default sc_fly_static\" data-id=\"f25d3f3\" data-element_type=\"section\" data-settings=\"{&quot;_ha_eqh_enable&quot;:false}\">\n\t\t\t\t\t\t<div class=\"elementor-container elementor-column-gap-extended\">\n\t\t\t\t\t<div class=\"elementor-column elementor-col-100 elementor-top-column elementor-element elementor-element-1199205 sc_content_align_inherit sc_layouts_column_icons_position_left sc_fly_static\" data-id=\"1199205\" data-element_type=\"column\">\n\t\t\t<div class=\"elementor-widget-wrap elementor-element-populated\">\n\t\t\t\t\t\t<div class=\"elementor-element elementor-element-17d4490 sc_fly_static elementor-widget elementor-widget-ha-advanced-slider happy-addon ha-advanced-slider happy-addon-pro\" data-id=\"17d4490\" data-element_type=\"widget\" data-settings=\"{&quot;effect&quot;:&quot;fade&quot;,&quot;thumbs_navigation&quot;:&quot;yes&quot;,&quot;infinity_loop&quot;:&quot;true&quot;,&quot;slider_type&quot;:&quot;single&quot;,&quot;slider_direction&quot;:&quot;horizontal&quot;,&quot;effect_speed&quot;:500,&quot;space_between_slides&quot;:0,&quot;slider_content_animation&quot;:&quot;ha_fadeInUp&quot;,&quot;pagination_type&quot;:&quot;none&quot;,&quot;space_between_thumbs&quot;:10,&quot;autoplay&quot;:&quot;yes&quot;,&quot;autoplay_speed&quot;:5000}\" data-widget_type=\"ha-advanced-slider.default\">\n\t\t\t\t<div class=\"elementor-widget-container\">\n\t\t\t        <div class=\"ha-slider-widget-wrapper ha-unique-widget-id-17d4490 ha-slider-direction-horizontal\">\n            <div class=\"swiper-container gallery-top ha-slider-container\">\n                <div class=\"swiper-wrapper ha-slider-wrapper\">\n                                                <div class=\"swiper-slide ha-slider-slide elementor-repeater-item-24677c1\">\n                                                                    <div class=\"ha-slider-content-wrapper elementor-repeater-item-24677c1\">\n                                        <div class=\"ha-slider-content elementor-repeater-item-24677c1 ha_fadeInUp\">\n                                            \n                                                                                                                                                                                                                        <\/div>\n                                    <\/div>\n                                                            <\/div>\n                                                <div class=\"swiper-slide ha-slider-slide elementor-repeater-item-1275e59\">\n                                                                    <div class=\"ha-slider-content-wrapper elementor-repeater-item-1275e59\">\n                                        <div class=\"ha-slider-content elementor-repeater-item-1275e59 ha_fadeInUp\">\n                                            \n                                                                                                                                                                                                                        <\/div>\n                                    <\/div>\n                                                            <\/div>\n                                                <div class=\"swiper-slide ha-slider-slide elementor-repeater-item-556768f\">\n                                                                    <div class=\"ha-slider-content-wrapper elementor-repeater-item-556768f\">\n                                        <div class=\"ha-slider-content elementor-repeater-item-556768f ha_fadeInUp\">\n                                            \n                                                                                                                                                                                                                        <\/div>\n                                    <\/div>\n                                                            <\/div>\n                                                <div class=\"swiper-slide ha-slider-slide elementor-repeater-item-cdb6aad\">\n                                                                    <div class=\"ha-slider-content-wrapper elementor-repeater-item-cdb6aad\">\n                                        <div class=\"ha-slider-content elementor-repeater-item-cdb6aad ha_fadeInUp\">\n                                            \n                                                                                                                                                                                                                        <\/div>\n                                    <\/div>\n                                                            <\/div>\n                                                <div class=\"swiper-slide ha-slider-slide elementor-repeater-item-bfc8a3c\">\n                                                                    <div class=\"ha-slider-content-wrapper elementor-repeater-item-bfc8a3c\">\n                                        <div class=\"ha-slider-content elementor-repeater-item-bfc8a3c ha_fadeInUp\">\n                                            \n                                                                                                                                                                                                                        <\/div>\n                                    <\/div>\n                                                            <\/div>\n                                                <div class=\"swiper-slide ha-slider-slide elementor-repeater-item-d0ff198\">\n                                                                    <div class=\"ha-slider-content-wrapper elementor-repeater-item-d0ff198\">\n                                        <div class=\"ha-slider-content elementor-repeater-item-d0ff198 ha_fadeInUp\">\n                                            \n                                                                                                                                                                                                                        <\/div>\n                                    <\/div>\n                                                            <\/div>\n                                                <div class=\"swiper-slide ha-slider-slide elementor-repeater-item-9dac177\">\n                                                                    <div class=\"ha-slider-content-wrapper elementor-repeater-item-9dac177\">\n                                        <div class=\"ha-slider-content elementor-repeater-item-9dac177 ha_fadeInUp\">\n                                            \n                                                                                                                                                                                                                        <\/div>\n                                    <\/div>\n                                                            <\/div>\n                                                <div class=\"swiper-slide ha-slider-slide elementor-repeater-item-913c80b\">\n                                                                    <div class=\"ha-slider-content-wrapper elementor-repeater-item-913c80b\">\n                                        <div class=\"ha-slider-content elementor-repeater-item-913c80b ha_fadeInUp\">\n                                            \n                                                                                                                                                                                                                        <\/div>\n                                    <\/div>\n                                                            <\/div>\n                                                <div class=\"swiper-slide ha-slider-slide elementor-repeater-item-020f3e1\">\n                                                                    <div class=\"ha-slider-content-wrapper elementor-repeater-item-020f3e1\">\n                                        <div class=\"ha-slider-content elementor-repeater-item-020f3e1 ha_fadeInUp\">\n                                            \n                                                                                                                                                                                                                        <\/div>\n                                    <\/div>\n                                                            <\/div>\n                                                <div class=\"swiper-slide ha-slider-slide elementor-repeater-item-8c6f7f1\">\n                                                                    <div class=\"ha-slider-content-wrapper elementor-repeater-item-8c6f7f1\">\n                                        <div class=\"ha-slider-content elementor-repeater-item-8c6f7f1 ha_fadeInUp\">\n                                            \n                                                                                                                                                                                                                        <\/div>\n                                    <\/div>\n                                                            <\/div>\n                                    <\/div>\n                                            <\/div>\n\n            \n\n                            <div class=\"swiper-container ha-slider-gallery-thumbs\">\n                    <div class=\"swiper-wrapper\">\n                                                        <div class=\"swiper-slide ha-slider-gallery-slide elementor-repeater-item-24677c1\">\n                                                                    <\/div>\n                                                        <div class=\"swiper-slide ha-slider-gallery-slide elementor-repeater-item-1275e59\">\n                                                                    <\/div>\n                                                        <div class=\"swiper-slide ha-slider-gallery-slide elementor-repeater-item-556768f\">\n                                                                    <\/div>\n                                                        <div class=\"swiper-slide ha-slider-gallery-slide elementor-repeater-item-cdb6aad\">\n                                                                    <\/div>\n                                                        <div class=\"swiper-slide ha-slider-gallery-slide elementor-repeater-item-bfc8a3c\">\n                                                                    <\/div>\n                                                        <div class=\"swiper-slide ha-slider-gallery-slide elementor-repeater-item-d0ff198\">\n                                                                    <\/div>\n                                                        <div class=\"swiper-slide ha-slider-gallery-slide elementor-repeater-item-9dac177\">\n                                                                    <\/div>\n                                                        <div class=\"swiper-slide ha-slider-gallery-slide elementor-repeater-item-913c80b\">\n                                                                    <\/div>\n                                                        <div class=\"swiper-slide ha-slider-gallery-slide elementor-repeater-item-020f3e1\">\n                                                                    <\/div>\n                                                        <div class=\"swiper-slide ha-slider-gallery-slide elementor-repeater-item-8c6f7f1\">\n                                                                    <\/div>\n                                            <\/div>\n                <\/div>\n                    <\/div>\n\n\t\t<\/div>\n\t\t\t\t<\/div>\n\t\t\t\t<div class=\"elementor-element elementor-element-f4fcd3a sc_fly_static elementor-widget elementor-widget-spacer\" data-id=\"f4fcd3a\" data-element_type=\"widget\" data-widget_type=\"spacer.default\">\n\t\t\t\t<div class=\"elementor-widget-container\">\n\t\t\t\t\t<div class=\"elementor-spacer\">\n\t\t\t<div class=\"elementor-spacer-inner\"><\/div>\n\t\t<\/div>\n\t\t\t\t<\/div>\n\t\t\t\t<\/div>\n\t\t\t\t<section class=\"elementor-section elementor-inner-section elementor-element elementor-element-64cf274 elementor-section-boxed elementor-section-height-default elementor-section-height-default sc_fly_static\" data-id=\"64cf274\" data-element_type=\"section\" data-settings=\"{&quot;_ha_eqh_enable&quot;:false}\">\n\t\t\t\t\t\t<div class=\"elementor-container elementor-column-gap-extended\">\n\t\t\t\t\t<div class=\"elementor-column elementor-col-100 elementor-inner-column elementor-element elementor-element-1566970 sc_content_align_inherit sc_layouts_column_icons_position_left sc_fly_static\" data-id=\"1566970\" data-element_type=\"column\">\n\t\t\t<div class=\"elementor-widget-wrap elementor-element-populated\">\n\t\t\t\t\t\t<div class=\"elementor-element elementor-element-20aed2a sc_fly_static elementor-widget elementor-widget-elementskit-heading\" data-id=\"20aed2a\" data-element_type=\"widget\" data-widget_type=\"elementskit-heading.default\">\n\t\t\t\t<div class=\"elementor-widget-container\">\n\t\t\t<div class=\"ekit-wid-con\" ><div class=\"ekit-heading elementskit-section-title-wraper text_left   ekit_heading_tablet-   ekit_heading_mobile-\"><h2 class=\"ekit-heading--title elementskit-section-title\">Breakfast at Qube Bahnstadt<\/h2>\t\t\t\t<div class='ekit-heading__description'>\n\t\t\t\t\t<p>Our breakfast buffet offers a wide selection of various delicacies. If you like to eat hearty, then you can choose from our various cold cuts, different types of cheese or a selection of fish specialties. If you prefer something sweet or healthy, we offer a wide range of jams and cereals for every taste, or enjoy some of our lavish range of fruit.<\/p>\n<p>Breakfast is served in our restaurant by:<br \/>Breakfast is served Monday to Friday from 6:30 a.m. to 10:30 a.m., and Saturday and Sunday from 7:00 a.m. to 11:30 a.m. For our hotel guests, breakfast costs \u20ac22.90 per person.<br \/>Guests not staying at the hotel are welcome to join us for breakfast (subject to availability \u2013 no guarantee). The buffet costs \u20ac27.90 per person. Children up to 5 years old eat breakfast free of charge. Children aged 6 to 15 pay \u20ac11.90. Children aged 16 and over pay the regular breakfast price.<\/p>\n\t\t\t\t<\/div>\n\t\t\t<\/div><\/div>\t\t<\/div>\n\t\t\t\t<\/div>\n\t\t\t\t<div class=\"elementor-element elementor-element-2266cf4 elementor-widget__width-auto elementor-mobile-align-justify elementor-widget-mobile__width-inherit sc_fly_static elementor-widget elementor-widget-button\" data-id=\"2266cf4\" data-element_type=\"widget\" data-widget_type=\"button.default\">\n\t\t\t\t<div class=\"elementor-widget-container\">\n\t\t\t\t\t\t\t<div class=\"elementor-button-wrapper\">\n\t\t\t\t\t<a class=\"elementor-button elementor-button-link elementor-size-sm\" href=\"#\">\n\t\t\t\t\t\t<span class=\"elementor-button-content-wrapper\">\n\t\t\t\t\t\t\t\t\t<span class=\"elementor-button-text\">Book a room <\/span>\n\t\t\t\t\t<\/span>\n\t\t\t\t\t<\/a>\n\t\t\t\t<\/div>\n\t\t\t\t\t\t<\/div>\n\t\t\t\t<\/div>\n\t\t\t\t<div class=\"elementor-element elementor-element-30b5b7c elementor-widget__width-auto elementor-mobile-align-justify elementor-widget-mobile__width-inherit sc_fly_static elementor-widget elementor-widget-button\" data-id=\"30b5b7c\" data-element_type=\"widget\" data-widget_type=\"button.default\">\n\t\t\t\t<div class=\"elementor-widget-container\">\n\t\t\t\t\t\t\t<div class=\"elementor-button-wrapper\">\n\t\t\t\t\t<a class=\"elementor-button elementor-button-link elementor-size-sm\" href=\"https:\/\/qube-hotel-heidelberg.de\/en\/tischreservierung\/\">\n\t\t\t\t\t\t<span class=\"elementor-button-content-wrapper\">\n\t\t\t\t\t\t\t\t\t<span class=\"elementor-button-text\">Table reservation<\/span>\n\t\t\t\t\t<\/span>\n\t\t\t\t\t<\/a>\n\t\t\t\t<\/div>\n\t\t\t\t\t\t<\/div>\n\t\t\t\t<\/div>\n\t\t\t\t\t<\/div>\n\t\t<\/div>\n\t\t\t\t\t<\/div>\n\t\t<\/section>\n\t\t\t\t\t<\/div>\n\t\t<\/div>\n\t\t\t\t\t<\/div>\n\t\t<\/section>\n\t\t\t\t<section class=\"elementor-section elementor-top-section elementor-element elementor-element-5d5f3f0 elementor-section-boxed elementor-section-height-default elementor-section-height-default sc_fly_static\" data-id=\"5d5f3f0\" data-element_type=\"section\" data-settings=\"{&quot;_ha_eqh_enable&quot;:false}\">\n\t\t\t\t\t\t<div class=\"elementor-container elementor-column-gap-extended\">\n\t\t\t\t\t<div class=\"elementor-column elementor-col-100 elementor-top-column elementor-element elementor-element-44f9475 sc_content_align_inherit sc_layouts_column_icons_position_left sc_fly_static\" data-id=\"44f9475\" data-element_type=\"column\">\n\t\t\t<div class=\"elementor-widget-wrap elementor-element-populated\">\n\t\t\t\t\t\t<section class=\"elementor-section elementor-inner-section elementor-element elementor-element-f66b13c elementor-section-boxed elementor-section-height-default elementor-section-height-default sc_fly_static\" data-id=\"f66b13c\" data-element_type=\"section\" data-settings=\"{&quot;_ha_eqh_enable&quot;:false}\">\n\t\t\t\t\t\t<div class=\"elementor-container elementor-column-gap-extended\">\n\t\t\t\t\t<div class=\"elementor-column elementor-col-100 elementor-inner-column elementor-element elementor-element-d5a7acf sc_content_align_inherit sc_layouts_column_icons_position_left sc_fly_static\" data-id=\"d5a7acf\" data-element_type=\"column\">\n\t\t\t<div class=\"elementor-widget-wrap elementor-element-populated\">\n\t\t\t\t\t\t<div class=\"elementor-element elementor-element-492db79 sc_fly_static elementor-widget elementor-widget-html\" data-id=\"492db79\" data-element_type=\"widget\" data-widget_type=\"html.default\">\n\t\t\t\t<div class=\"elementor-widget-container\">\n\t\t\t<script src='https:\/\/js-sdk.dirs21.de\/e7ff37b3-65fb-4154-b21e-4c6df4c987d7?culture=de-DE' type='text\/javascript' async><\/script>\n<script>\n\/\/Add Class \"d21-trigger-ibe\" to Hotel --> Booking\nlet lang = document.getElementsByTagName(\"body\")[0].classList[1];\nlang = lang.substring(lang.indexOf(\"-\") + 1);\nswitch (lang) {\n\tcase 'en':\n\t\tdocument.getElementsByClassName(\"page_item page-item-947\")[0].classList.add(\"d21-trigger-ibe\");\n\t\tbreak;\n\tcase 'es':\n\t\tdocument.getElementsByClassName(\"page_item page-item-1262\")[0].classList.add(\"d21-trigger-ibe\");\n\t\tbreak;\n\tcase 'fr':\n\t\tdocument.getElementsByClassName(\"page_item page-item-1490\")[0].classList.add(\"d21-trigger-ibe\");\n\t\tbreak;\n\tcase 'it':\n\t\tdocument.getElementsByClassName(\"page_item page-item-1384\")[0].classList.add(\"d21-trigger-ibe\");\n\t\tbreak;\n\tcase 'ru':\n\t\tdocument.getElementsByClassName(\"page_item page-item-2241\")[0].classList.add(\"d21-trigger-ibe\");\n\t\tbreak;\n\tdefault:\n\t\tdocument.getElementsByClassName(\"page_item page-item-295\")[0].classList.add(\"d21-trigger-ibe\");\n\t\tbreak;\n}\n<\/script>\t\t<\/div>\n\t\t\t\t<\/div>\n\t\t\t\t\t<\/div>\n\t\t<\/div>\n\t\t\t\t\t<\/div>\n\t\t<\/section>\n\t\t\t\t\t<\/div>\n\t\t<\/div>\n\t\t\t\t\t<\/div>\n\t\t<\/section>\n\t\t\t\t<\/div>","protected":false},"excerpt":{"rendered":"<p>Fr\u00fchst\u00fcck Fr\u00fchst\u00fccken im Qube Bahnstadt Unser Fr\u00fchst\u00fccksb\u00fcffet bietet eine reiche Auswahl an diversen K\u00f6stlichkeiten. Essen Sie gerne herzhaft, dann greifen Sie auf unsere verschiedene Aufschnitte, verschiedene K\u00e4sesorten oder auf eine&hellip;<\/p>","protected":false},"author":1,"featured_media":0,"parent":0,"menu_order":0,"comment_status":"closed","ping_status":"closed","template":"","meta":{"footnotes":""},"class_list":["post-18495","page","type-page","status-publish","hentry"],"_links":{"self":[{"href":"https:\/\/qube-hotel-heidelberg.de\/en\/wp-json\/wp\/v2\/pages\/18495","targetHints":{"allow":["GET"]}}],"collection":[{"href":"https:\/\/qube-hotel-heidelberg.de\/en\/wp-json\/wp\/v2\/pages"}],"about":[{"href":"https:\/\/qube-hotel-heidelberg.de\/en\/wp-json\/wp\/v2\/types\/page"}],"author":[{"embeddable":true,"href":"https:\/\/qube-hotel-heidelberg.de\/en\/wp-json\/wp\/v2\/users\/1"}],"replies":[{"embeddable":true,"href":"https:\/\/qube-hotel-heidelberg.de\/en\/wp-json\/wp\/v2\/comments?post=18495"}],"version-history":[{"count":40,"href":"https:\/\/qube-hotel-heidelberg.de\/en\/wp-json\/wp\/v2\/pages\/18495\/revisions"}],"predecessor-version":[{"id":34174,"href":"https:\/\/qube-hotel-heidelberg.de\/en\/wp-json\/wp\/v2\/pages\/18495\/revisions\/34174"}],"wp:attachment":[{"href":"https:\/\/qube-hotel-heidelberg.de\/en\/wp-json\/wp\/v2\/media?parent=18495"}],"curies":[{"name":"wp","href":"https:\/\/api.w.org\/{rel}","templated":true}]}}