{"id":18510,"date":"2022-05-21T17:18:27","date_gmt":"2022-05-21T17:18:27","guid":{"rendered":"https:\/\/qube-hotel-heidelberg.de\/?page_id=18510"},"modified":"2026-03-27T08:57:29","modified_gmt":"2026-03-27T08:57:29","slug":"parken","status":"publish","type":"page","link":"https:\/\/qube-hotel-heidelberg.de\/en\/parken\/","title":{"rendered":"Parking"},"content":{"rendered":"<div data-elementor-type=\"wp-page\" data-elementor-id=\"18510\" class=\"elementor elementor-18510\" data-elementor-post-type=\"page\">\n\t\t\t\t\t\t<section class=\"elementor-section elementor-top-section elementor-element elementor-element-4fc56a8 elementor-section-full_width scheme_dark elementor-section-height-full elementor-section-height-default elementor-section-items-middle sc_fly_static\" data-id=\"4fc56a8\" data-element_type=\"section\" data-settings=\"{&quot;background_background&quot;:&quot;classic&quot;,&quot;background_motion_fx_motion_fx_scrolling&quot;:&quot;yes&quot;,&quot;background_motion_fx_opacity_effect&quot;:&quot;yes&quot;,&quot;background_motion_fx_opacity_direction&quot;:&quot;in-out&quot;,&quot;background_motion_fx_opacity_range&quot;:{&quot;unit&quot;:&quot;%&quot;,&quot;size&quot;:&quot;&quot;,&quot;sizes&quot;:{&quot;start&quot;:36,&quot;end&quot;:48}},&quot;background_motion_fx_scale_effect&quot;:&quot;yes&quot;,&quot;background_motion_fx_scale_speed&quot;:{&quot;unit&quot;:&quot;px&quot;,&quot;size&quot;:3,&quot;sizes&quot;:[]},&quot;background_motion_fx_scale_range&quot;:{&quot;unit&quot;:&quot;%&quot;,&quot;size&quot;:&quot;&quot;,&quot;sizes&quot;:{&quot;start&quot;:21,&quot;end&quot;:69}},&quot;background_motion_fx_opacity_level&quot;:{&quot;unit&quot;:&quot;px&quot;,&quot;size&quot;:10,&quot;sizes&quot;:[]},&quot;background_motion_fx_scale_direction&quot;:&quot;out-in&quot;,&quot;background_motion_fx_devices&quot;:[&quot;desktop&quot;,&quot;tablet&quot;,&quot;mobile&quot;],&quot;_ha_eqh_enable&quot;:false}\">\n\t\t\t\t\t\t\t<div class=\"elementor-background-overlay\"><\/div>\n\t\t\t\t\t\t\t<div class=\"elementor-container elementor-column-gap-no\">\n\t\t\t\t\t<div class=\"elementor-column elementor-col-100 elementor-top-column elementor-element elementor-element-913173a sc-mobile_inner_width_none sc-mobile_content_align_inherit sc-tablet_inner_width_none sc_content_align_inherit sc_layouts_column_icons_position_left sc_fly_static\" data-id=\"913173a\" data-element_type=\"column\">\n\t\t\t<div class=\"elementor-widget-wrap elementor-element-populated\">\n\t\t\t\t\t\t<div class=\"elementor-element elementor-element-f1ae74c sc_fly_static elementor-widget elementor-widget-spacer\" data-id=\"f1ae74c\" data-element_type=\"widget\" data-widget_type=\"spacer.default\">\n\t\t\t\t<div class=\"elementor-widget-container\">\n\t\t\t\t\t<div class=\"elementor-spacer\">\n\t\t\t<div class=\"elementor-spacer-inner\"><\/div>\n\t\t<\/div>\n\t\t\t\t<\/div>\n\t\t\t\t<\/div>\n\t\t\t\t<div class=\"elementor-element elementor-element-c9296d5 ha-has-bg-overlay sc_fly_static elementor-widget elementor-widget-trx_sc_title\" data-id=\"c9296d5\" data-element_type=\"widget\" data-widget_type=\"trx_sc_title.default\">\n\t\t\t\t<div class=\"elementor-widget-container\">\n\t\t\t<div\t\tclass=\"sc_title sc_title_default\" ><h1 class=\"sc_item_title sc_title_title sc_align_center sc_item_title_style_default sc_item_title_tag trx_addons_inline_1476654810\"\n\t\t\t><span class=\"sc_item_title_text\">Parking<\/span><\/h1><\/div>\t\t<\/div>\n\t\t\t\t<\/div>\n\t\t\t\t<div class=\"elementor-element elementor-element-b8069b0 sc_fly_static elementor-widget elementor-widget-spacer\" data-id=\"b8069b0\" data-element_type=\"widget\" data-widget_type=\"spacer.default\">\n\t\t\t\t<div class=\"elementor-widget-container\">\n\t\t\t\t\t<div class=\"elementor-spacer\">\n\t\t\t<div class=\"elementor-spacer-inner\"><\/div>\n\t\t<\/div>\n\t\t\t\t<\/div>\n\t\t\t\t<\/div>\n\t\t\t\t\t<\/div>\n\t\t<\/div>\n\t\t\t\t\t<\/div>\n\t\t<\/section>\n\t\t\t\t<section class=\"elementor-section elementor-top-section elementor-element elementor-element-71e57da6 elementor-section-boxed elementor-section-height-default elementor-section-height-default sc_fly_static\" data-id=\"71e57da6\" data-element_type=\"section\" data-settings=\"{&quot;background_background&quot;:&quot;classic&quot;,&quot;_ha_eqh_enable&quot;:false}\">\n\t\t\t\t\t\t<div class=\"elementor-container elementor-column-gap-extended\">\n\t\t\t\t\t<div class=\"elementor-column elementor-col-100 elementor-top-column elementor-element elementor-element-3ff961ed sc_content_align_inherit sc_layouts_column_icons_position_left sc_fly_static\" data-id=\"3ff961ed\" data-element_type=\"column\">\n\t\t\t<div class=\"elementor-widget-wrap elementor-element-populated\">\n\t\t\t\t\t\t<section class=\"elementor-section elementor-inner-section elementor-element elementor-element-481a1b05 elementor-section-boxed elementor-section-height-default elementor-section-height-default sc_fly_static\" data-id=\"481a1b05\" data-element_type=\"section\" data-settings=\"{&quot;_ha_eqh_enable&quot;:false}\">\n\t\t\t\t\t\t<div class=\"elementor-container elementor-column-gap-extended\">\n\t\t\t\t\t<div class=\"elementor-column elementor-col-100 elementor-inner-column elementor-element elementor-element-70956448 sc_content_align_inherit sc_layouts_column_icons_position_left sc_fly_static\" data-id=\"70956448\" data-element_type=\"column\">\n\t\t\t<div class=\"elementor-widget-wrap elementor-element-populated\">\n\t\t\t\t\t\t<div class=\"elementor-element elementor-element-5e8e74c6 sc_fly_static elementor-widget elementor-widget-elementskit-heading\" data-id=\"5e8e74c6\" data-element_type=\"widget\" data-widget_type=\"elementskit-heading.default\">\n\t\t\t\t<div class=\"elementor-widget-container\">\n\t\t\t<div class=\"ekit-wid-con\" ><div class=\"ekit-heading elementskit-section-title-wraper text_left   ekit_heading_tablet-   ekit_heading_mobile-\"><h2 class=\"ekit-heading--title elementskit-section-title\">Parking garage<\/h2>\t\t\t\t<div class='ekit-heading__description'>\n\t\t\t\t\t<p class=\"s2\">Qube Bahnstadt features a spacious underground parking garage. The fee for using the garage is \u20ac18.80 per night. For organizational reasons, parking spaces cannot be reserved in advance. We appreciate your understanding. The garage offers ample space for securely parking bicycles. It also houses two Wattif charging stations for electric vehicles, each with an 11kW output, Type 2 socket, AC \u2013 three-phase. Further information about the Wattif charging stations can be found here:<\/p>\n\t\t\t\t<\/div>\n\t\t\t<\/div><\/div>\t\t<\/div>\n\t\t\t\t<\/div>\n\t\t\t\t<div class=\"elementor-element elementor-element-e88f9fd ha-dual-button--align-flex-start ha-dual-button--layout-queue ha-dual-button--tablet-layout-queue ha-dual-button--mobile-layout-queue sc_fly_static elementor-widget elementor-widget-ha-dual-button happy-addon ha-dual-button\" data-id=\"e88f9fd\" data-element_type=\"widget\" data-widget_type=\"ha-dual-button.default\">\n\t\t\t\t<div class=\"elementor-widget-container\">\n\t\t\t        <div class=\"ha-dual-btn-wrapper\">\n            <a class=\"ha-dual-btn ha-dual-btn--left\" href=\"https:\/\/qube-hotel-heidelberg.de\/wp-content\/uploads\/2026\/03\/Wattif-Quickguide_Charging_DEde-en_2504_web.pdf\" target=\"_blank\">\n                                                    <span >Wattif quick guide<\/span>\n                                            <\/a>\n                    <\/div>\n        <div class=\"ha-dual-btn-wrapper\">\n            <a class=\"ha-dual-btn ha-dual-btn--right\" href=\"https:\/\/qube-hotel-heidelberg.de\/wp-content\/uploads\/2026\/03\/Wattif-FAQ_Hotellerie_DEde_2504_web.pdf\" target=\"_blank\">\n                                                    <span >Wattif FAQ Hotel Industry<\/span>\n                                            <\/a>\n        <\/div>\n        \t\t<\/div>\n\t\t\t\t<\/div>\n\t\t\t\t<div class=\"elementor-element elementor-element-a44d4a6 sc_fly_static elementor-widget elementor-widget-elementskit-heading\" data-id=\"a44d4a6\" data-element_type=\"widget\" data-widget_type=\"elementskit-heading.default\">\n\t\t\t\t<div class=\"elementor-widget-container\">\n\t\t\t<div class=\"ekit-wid-con\" ><div class=\"ekit-heading elementskit-section-title-wraper text_left   ekit_heading_tablet-   ekit_heading_mobile-\">\t\t\t\t<div class='ekit-heading__description'>\n\t\t\t\t\t<p class=\"s2\">Additionally, the following charging options are located directly around the corner from the hotel:<\/p>\n\t\t\t\t<\/div>\n\t\t\t<\/div><\/div>\t\t<\/div>\n\t\t\t\t<\/div>\n\t\t\t\t<div class=\"elementor-element elementor-element-2e2d040 sc_fly_static elementor-widget elementor-widget-elementskit-heading\" data-id=\"2e2d040\" data-element_type=\"widget\" data-widget_type=\"elementskit-heading.default\">\n\t\t\t\t<div class=\"elementor-widget-container\">\n\t\t\t<div class=\"ekit-wid-con\" ><div class=\"ekit-heading elementskit-section-title-wraper text_left   ekit_heading_tablet-   ekit_heading_mobile-\"><a href=\"https:\/\/maps.app.goo.gl\/Hej7RiSqEqvwoJ7t9\"><h2 class=\"ekit-heading--title elementskit-section-title\">Westarkaden parking garage charging station<\/h2><\/a>\t\t\t\t<div class='ekit-heading__description'>\n\t\t\t\t\t<p>Distance 150 m <br \/>Da Vinci Street 15 <br \/>4 x TYPE 2 sockets 22 KW \/ alternating current - three-phase<\/p>\n\t\t\t\t<\/div>\n\t\t\t<\/div><\/div>\t\t<\/div>\n\t\t\t\t<\/div>\n\t\t\t\t<div class=\"elementor-element elementor-element-569904e sc_fly_static elementor-widget elementor-widget-elementskit-heading\" data-id=\"569904e\" data-element_type=\"widget\" data-widget_type=\"elementskit-heading.default\">\n\t\t\t\t<div class=\"elementor-widget-container\">\n\t\t\t<div class=\"ekit-wid-con\" ><div class=\"ekit-heading elementskit-section-title-wraper text_left   ekit_heading_tablet-   ekit_heading_mobile-\"><a href=\"https:\/\/maps.app.goo.gl\/nCLqsXZGfrfuUevd6\"><h2 class=\"ekit-heading--title elementskit-section-title\">Stadtwerke Heidelberg Energy Charging Station<\/h2><\/a>\t\t\t\t<div class='ekit-heading__description'>\n\t\t\t\t\t<p>Distance 150 m <br \/>Da Vinci Street <br \/>4 x TYPE 2 sockets 22 KW \/ alternating current - three-phase<\/p>\n\t\t\t\t<\/div>\n\t\t\t<\/div><\/div>\t\t<\/div>\n\t\t\t\t<\/div>\n\t\t\t\t<div class=\"elementor-element elementor-element-4000ed4 sc_fly_static elementor-widget elementor-widget-elementskit-heading\" data-id=\"4000ed4\" data-element_type=\"widget\" data-widget_type=\"elementskit-heading.default\">\n\t\t\t\t<div class=\"elementor-widget-container\">\n\t\t\t<div class=\"ekit-wid-con\" ><div class=\"ekit-heading elementskit-section-title-wraper text_left   ekit_heading_tablet-   ekit_heading_mobile-\"><a href=\"https:\/\/maps.app.goo.gl\/76ziq1rNcSjkURrP6\"><h2 class=\"ekit-heading--title elementskit-section-title\">Stadtwerke Heidelberg Energy Charging Station<\/h2><\/a>\t\t\t\t<div class='ekit-heading__description'>\n\t\t\t\t\t<p>Distance 250 m <br \/>Long Anger 175 <br \/>4 x TYPE 2 sockets 22 KW \/ alternating current - three-phase<\/p>\n\t\t\t\t<\/div>\n\t\t\t<\/div><\/div>\t\t<\/div>\n\t\t\t\t<\/div>\n\t\t\t\t<div class=\"elementor-element elementor-element-b0f5b31 sc_fly_static elementor-widget elementor-widget-elementskit-heading\" data-id=\"b0f5b31\" data-element_type=\"widget\" data-widget_type=\"elementskit-heading.default\">\n\t\t\t\t<div class=\"elementor-widget-container\">\n\t\t\t<div class=\"ekit-wid-con\" ><div class=\"ekit-heading elementskit-section-title-wraper text_left   ekit_heading_tablet-   ekit_heading_mobile-\"><a href=\"https:\/\/maps.app.goo.gl\/uUuf9tEobV8Qxrvx8\"><h2 class=\"ekit-heading--title elementskit-section-title\">Stadtwerke Heidelberg Energy Charging Station<\/h2><\/a>\t\t\t\t<div class='ekit-heading__description'>\n\t\t\t\t\t<p>Distance 350 m<br \/>Green Mile 31<br \/>4 x TYPE 2 sockets 22 KW \/ alternating current - three-phase<\/p>\n\t\t\t\t<\/div>\n\t\t\t<\/div><\/div>\t\t<\/div>\n\t\t\t\t<\/div>\n\t\t\t\t<div class=\"elementor-element elementor-element-590cd95 sc_fly_static elementor-widget elementor-widget-elementskit-heading\" data-id=\"590cd95\" data-element_type=\"widget\" data-widget_type=\"elementskit-heading.default\">\n\t\t\t\t<div class=\"elementor-widget-container\">\n\t\t\t<div class=\"ekit-wid-con\" ><div class=\"ekit-heading elementskit-section-title-wraper text_left   ekit_heading_tablet-   ekit_heading_mobile-\">\t\t\t\t<div class='ekit-heading__description'>\n\t\t\t\t\t<p>You can find a current occupancy plan for the charging stations in real time at <a title=\"https:\/\/de.chargemap.com\/heidelberg-bahnstadt.html\" href=\"https:\/\/de.chargemap.com\/heidelberg-bahnstadt.html\">https:\/\/de.chargemap.com\/heidelberg-bahnstadt.html<\/a><\/p>\n\t\t\t\t<\/div>\n\t\t\t<\/div><\/div>\t\t<\/div>\n\t\t\t\t<\/div>\n\t\t\t\t\t<\/div>\n\t\t<\/div>\n\t\t\t\t\t<\/div>\n\t\t<\/section>\n\t\t\t\t<div class=\"elementor-element elementor-element-facacce elementor-widget__width-auto elementor-mobile-align-justify elementor-widget-mobile__width-inherit sc_fly_static elementor-widget elementor-widget-button\" data-id=\"facacce\" data-element_type=\"widget\" data-widget_type=\"button.default\">\n\t\t\t\t<div class=\"elementor-widget-container\">\n\t\t\t\t\t\t\t<div class=\"elementor-button-wrapper\">\n\t\t\t\t\t<a class=\"elementor-button elementor-button-link elementor-size-sm\" href=\"#\">\n\t\t\t\t\t\t<span class=\"elementor-button-content-wrapper\">\n\t\t\t\t\t\t\t\t\t<span class=\"elementor-button-text\">Book a room <\/span>\n\t\t\t\t\t<\/span>\n\t\t\t\t\t<\/a>\n\t\t\t\t<\/div>\n\t\t\t\t\t\t<\/div>\n\t\t\t\t<\/div>\n\t\t\t\t<div class=\"elementor-element elementor-element-35c1c06 elementor-widget__width-auto elementor-mobile-align-justify elementor-widget-mobile__width-inherit sc_fly_static elementor-widget elementor-widget-button\" data-id=\"35c1c06\" data-element_type=\"widget\" data-widget_type=\"button.default\">\n\t\t\t\t<div class=\"elementor-widget-container\">\n\t\t\t\t\t\t\t<div class=\"elementor-button-wrapper\">\n\t\t\t\t\t<a class=\"elementor-button elementor-button-link elementor-size-sm\" href=\"https:\/\/qube-hotel-heidelberg.de\/en\/tischreservierung\/\">\n\t\t\t\t\t\t<span class=\"elementor-button-content-wrapper\">\n\t\t\t\t\t\t\t\t\t<span class=\"elementor-button-text\">Table reservation<\/span>\n\t\t\t\t\t<\/span>\n\t\t\t\t\t<\/a>\n\t\t\t\t<\/div>\n\t\t\t\t\t\t<\/div>\n\t\t\t\t<\/div>\n\t\t\t\t\t<\/div>\n\t\t<\/div>\n\t\t\t\t\t<\/div>\n\t\t<\/section>\n\t\t\t\t<section class=\"elementor-section elementor-top-section elementor-element elementor-element-0a7bf78 elementor-section-boxed elementor-section-height-default elementor-section-height-default sc_fly_static\" data-id=\"0a7bf78\" data-element_type=\"section\" data-settings=\"{&quot;_ha_eqh_enable&quot;:false}\">\n\t\t\t\t\t\t<div class=\"elementor-container elementor-column-gap-extended\">\n\t\t\t\t\t<div class=\"elementor-column elementor-col-100 elementor-top-column elementor-element elementor-element-59670cc sc_content_align_inherit sc_layouts_column_icons_position_left sc_fly_static\" data-id=\"59670cc\" data-element_type=\"column\">\n\t\t\t<div class=\"elementor-widget-wrap elementor-element-populated\">\n\t\t\t\t\t\t<section class=\"elementor-section elementor-inner-section elementor-element elementor-element-8e9915c elementor-section-boxed elementor-section-height-default elementor-section-height-default sc_fly_static\" data-id=\"8e9915c\" data-element_type=\"section\" data-settings=\"{&quot;_ha_eqh_enable&quot;:false}\">\n\t\t\t\t\t\t<div class=\"elementor-container elementor-column-gap-extended\">\n\t\t\t\t\t<div class=\"elementor-column elementor-col-100 elementor-inner-column elementor-element elementor-element-d837684 sc_content_align_inherit sc_layouts_column_icons_position_left sc_fly_static\" data-id=\"d837684\" data-element_type=\"column\">\n\t\t\t<div class=\"elementor-widget-wrap elementor-element-populated\">\n\t\t\t\t\t\t<div class=\"elementor-element elementor-element-e9bc865 sc_fly_static elementor-widget elementor-widget-html\" data-id=\"e9bc865\" data-element_type=\"widget\" data-widget_type=\"html.default\">\n\t\t\t\t<div class=\"elementor-widget-container\">\n\t\t\t<script src='https:\/\/js-sdk.dirs21.de\/e7ff37b3-65fb-4154-b21e-4c6df4c987d7?culture=de-DE' type='text\/javascript' async><\/script>\n<script>\n\/\/Add Class \"d21-trigger-ibe\" to Hotel --> Booking\nlet lang = document.getElementsByTagName(\"body\")[0].classList[1];\nlang = lang.substring(lang.indexOf(\"-\") + 1);\nswitch (lang) {\n\tcase 'en':\n\t\tdocument.getElementsByClassName(\"page_item page-item-947\")[0].classList.add(\"d21-trigger-ibe\");\n\t\tbreak;\n\tcase 'es':\n\t\tdocument.getElementsByClassName(\"page_item page-item-1262\")[0].classList.add(\"d21-trigger-ibe\");\n\t\tbreak;\n\tcase 'fr':\n\t\tdocument.getElementsByClassName(\"page_item page-item-1490\")[0].classList.add(\"d21-trigger-ibe\");\n\t\tbreak;\n\tcase 'it':\n\t\tdocument.getElementsByClassName(\"page_item page-item-1384\")[0].classList.add(\"d21-trigger-ibe\");\n\t\tbreak;\n\tcase 'ru':\n\t\tdocument.getElementsByClassName(\"page_item page-item-2241\")[0].classList.add(\"d21-trigger-ibe\");\n\t\tbreak;\n\tdefault:\n\t\tdocument.getElementsByClassName(\"page_item page-item-295\")[0].classList.add(\"d21-trigger-ibe\");\n\t\tbreak;\n}\n<\/script>\t\t<\/div>\n\t\t\t\t<\/div>\n\t\t\t\t\t<\/div>\n\t\t<\/div>\n\t\t\t\t\t<\/div>\n\t\t<\/section>\n\t\t\t\t\t<\/div>\n\t\t<\/div>\n\t\t\t\t\t<\/div>\n\t\t<\/section>\n\t\t\t\t<\/div>","protected":false},"excerpt":{"rendered":"<p>Parken Parkhaus Im Qube Bahnstadt befindet sich eine ger\u00e4umige Tiefgarage. Die Geb\u00fchr f\u00fcr die Nutzung der Tiefgarage betr\u00e4gt \u20ac 18,80 pro Nacht. Aus organisatorischen Gr\u00fcnden k\u00f6nnen keine Parkpl\u00e4tze im Voraus&hellip;<\/p>","protected":false},"author":1,"featured_media":0,"parent":0,"menu_order":0,"comment_status":"closed","ping_status":"closed","template":"","meta":{"footnotes":""},"class_list":["post-18510","page","type-page","status-publish","hentry"],"_links":{"self":[{"href":"https:\/\/qube-hotel-heidelberg.de\/en\/wp-json\/wp\/v2\/pages\/18510","targetHints":{"allow":["GET"]}}],"collection":[{"href":"https:\/\/qube-hotel-heidelberg.de\/en\/wp-json\/wp\/v2\/pages"}],"about":[{"href":"https:\/\/qube-hotel-heidelberg.de\/en\/wp-json\/wp\/v2\/types\/page"}],"author":[{"embeddable":true,"href":"https:\/\/qube-hotel-heidelberg.de\/en\/wp-json\/wp\/v2\/users\/1"}],"replies":[{"embeddable":true,"href":"https:\/\/qube-hotel-heidelberg.de\/en\/wp-json\/wp\/v2\/comments?post=18510"}],"version-history":[{"count":36,"href":"https:\/\/qube-hotel-heidelberg.de\/en\/wp-json\/wp\/v2\/pages\/18510\/revisions"}],"predecessor-version":[{"id":34659,"href":"https:\/\/qube-hotel-heidelberg.de\/en\/wp-json\/wp\/v2\/pages\/18510\/revisions\/34659"}],"wp:attachment":[{"href":"https:\/\/qube-hotel-heidelberg.de\/en\/wp-json\/wp\/v2\/media?parent=18510"}],"curies":[{"name":"wp","href":"https:\/\/api.w.org\/{rel}","templated":true}]}}