{"id":18957,"date":"2022-05-26T09:56:35","date_gmt":"2022-05-26T09:56:35","guid":{"rendered":"https:\/\/qube-hotel-heidelberg.de\/?page_id=18957"},"modified":"2023-12-22T19:32:40","modified_gmt":"2023-12-22T19:32:40","slug":"feiern_bergheim","status":"publish","type":"page","link":"https:\/\/qube-hotel-heidelberg.de\/en\/feiern_bergheim\/","title":{"rendered":"celebrate_bergheim"},"content":{"rendered":"<div data-elementor-type=\"wp-page\" data-elementor-id=\"18957\" class=\"elementor elementor-18957\" data-elementor-post-type=\"page\">\n\t\t\t\t\t\t<section class=\"elementor-section elementor-top-section elementor-element elementor-element-4fc56a8 elementor-section-full_width scheme_dark elementor-section-height-full elementor-section-height-default elementor-section-items-middle sc_fly_static\" data-id=\"4fc56a8\" data-element_type=\"section\" data-settings=\"{&quot;background_background&quot;:&quot;classic&quot;,&quot;background_motion_fx_motion_fx_scrolling&quot;:&quot;yes&quot;,&quot;background_motion_fx_opacity_effect&quot;:&quot;yes&quot;,&quot;background_motion_fx_opacity_direction&quot;:&quot;in-out&quot;,&quot;background_motion_fx_opacity_range&quot;:{&quot;unit&quot;:&quot;%&quot;,&quot;size&quot;:&quot;&quot;,&quot;sizes&quot;:{&quot;start&quot;:36,&quot;end&quot;:48}},&quot;background_motion_fx_scale_effect&quot;:&quot;yes&quot;,&quot;background_motion_fx_scale_speed&quot;:{&quot;unit&quot;:&quot;px&quot;,&quot;size&quot;:3,&quot;sizes&quot;:[]},&quot;background_motion_fx_scale_range&quot;:{&quot;unit&quot;:&quot;%&quot;,&quot;size&quot;:&quot;&quot;,&quot;sizes&quot;:{&quot;start&quot;:21,&quot;end&quot;:69}},&quot;background_motion_fx_opacity_level&quot;:{&quot;unit&quot;:&quot;px&quot;,&quot;size&quot;:10,&quot;sizes&quot;:[]},&quot;background_motion_fx_scale_direction&quot;:&quot;out-in&quot;,&quot;background_motion_fx_devices&quot;:[&quot;desktop&quot;,&quot;tablet&quot;,&quot;mobile&quot;],&quot;_ha_eqh_enable&quot;:false}\">\n\t\t\t\t\t\t\t<div class=\"elementor-background-overlay\"><\/div>\n\t\t\t\t\t\t\t<div class=\"elementor-container elementor-column-gap-no\">\n\t\t\t\t\t<div class=\"elementor-column elementor-col-100 elementor-top-column elementor-element elementor-element-4c7dc7b sc-mobile_inner_width_none sc-mobile_content_align_inherit sc-tablet_inner_width_none sc_content_align_inherit sc_layouts_column_icons_position_left sc_fly_static\" data-id=\"4c7dc7b\" data-element_type=\"column\">\n\t\t\t<div class=\"elementor-widget-wrap elementor-element-populated\">\n\t\t\t\t\t\t<div class=\"elementor-element elementor-element-fa64943 sc_fly_static elementor-widget elementor-widget-spacer\" data-id=\"fa64943\" data-element_type=\"widget\" data-widget_type=\"spacer.default\">\n\t\t\t\t<div class=\"elementor-widget-container\">\n\t\t\t\t\t<div class=\"elementor-spacer\">\n\t\t\t<div class=\"elementor-spacer-inner\"><\/div>\n\t\t<\/div>\n\t\t\t\t<\/div>\n\t\t\t\t<\/div>\n\t\t\t\t<div class=\"elementor-element elementor-element-de1cb6d ha-has-bg-overlay sc_fly_static elementor-widget elementor-widget-trx_sc_title\" data-id=\"de1cb6d\" data-element_type=\"widget\" data-widget_type=\"trx_sc_title.default\">\n\t\t\t\t<div class=\"elementor-widget-container\">\n\t\t\t<div\t\tclass=\"sc_title sc_title_default\" ><h1 class=\"sc_item_title sc_title_title sc_align_center sc_item_title_style_default sc_item_title_tag trx_addons_inline_244776405\"\n\t\t\t><span class=\"sc_item_title_text\">Celebrate<\/span><\/h1><\/div>\t\t<\/div>\n\t\t\t\t<\/div>\n\t\t\t\t<div class=\"elementor-element elementor-element-86c52d4 sc_fly_static elementor-widget elementor-widget-spacer\" data-id=\"86c52d4\" data-element_type=\"widget\" data-widget_type=\"spacer.default\">\n\t\t\t\t<div class=\"elementor-widget-container\">\n\t\t\t\t\t<div class=\"elementor-spacer\">\n\t\t\t<div class=\"elementor-spacer-inner\"><\/div>\n\t\t<\/div>\n\t\t\t\t<\/div>\n\t\t\t\t<\/div>\n\t\t\t\t\t<\/div>\n\t\t<\/div>\n\t\t\t\t\t<\/div>\n\t\t<\/section>\n\t\t\t\t<section class=\"elementor-section elementor-top-section elementor-element elementor-element-71e57da6 elementor-section-boxed elementor-section-height-default elementor-section-height-default sc_fly_static\" data-id=\"71e57da6\" data-element_type=\"section\" data-settings=\"{&quot;background_background&quot;:&quot;classic&quot;,&quot;_ha_eqh_enable&quot;:false}\">\n\t\t\t\t\t\t<div class=\"elementor-container elementor-column-gap-extended\">\n\t\t\t\t\t<div class=\"elementor-column elementor-col-100 elementor-top-column elementor-element elementor-element-3ff961ed sc_content_align_inherit sc_layouts_column_icons_position_left sc_fly_static\" data-id=\"3ff961ed\" data-element_type=\"column\">\n\t\t\t<div class=\"elementor-widget-wrap elementor-element-populated\">\n\t\t\t\t\t\t<div class=\"elementor-element elementor-element-0771452 elementor-skin-slideshow elementor-arrows-yes sc_fly_static elementor-widget elementor-widget-media-carousel\" data-id=\"0771452\" data-element_type=\"widget\" data-settings=\"{&quot;skin&quot;:&quot;slideshow&quot;,&quot;effect&quot;:&quot;fade&quot;,&quot;centered_slides&quot;:&quot;yes&quot;,&quot;show_arrows&quot;:&quot;yes&quot;,&quot;speed&quot;:500,&quot;autoplay&quot;:&quot;yes&quot;,&quot;autoplay_speed&quot;:5000,&quot;loop&quot;:&quot;yes&quot;,&quot;pause_on_hover&quot;:&quot;yes&quot;,&quot;pause_on_interaction&quot;:&quot;yes&quot;,&quot;space_between&quot;:{&quot;unit&quot;:&quot;px&quot;,&quot;size&quot;:10,&quot;sizes&quot;:[]},&quot;space_between_tablet&quot;:{&quot;unit&quot;:&quot;px&quot;,&quot;size&quot;:10,&quot;sizes&quot;:[]},&quot;space_between_mobile&quot;:{&quot;unit&quot;:&quot;px&quot;,&quot;size&quot;:10,&quot;sizes&quot;:[]}}\" data-widget_type=\"media-carousel.default\">\n\t\t\t\t<div class=\"elementor-widget-container\">\n\t\t\t\t\t<div class=\"elementor-swiper\">\n\t\t\t<div class=\"elementor-main-swiper swiper\">\n\t\t\t\t<div class=\"swiper-wrapper\">\n\t\t\t\t\t\t\t\t\t\t\t<div class=\"swiper-slide\">\n\t\t\t\t\t\t\t\t\t<div class=\"elementor-carousel-image\" role=\"img\" aria-label=\"2022-05_QUBE_DOROTHEEPIROELLE-1060070\" style=\"background-image: url(&#039;https:\/\/qube-hotel-heidelberg.de\/wp-content\/uploads\/2022\/07\/2022-05_QUBE_DOROTHEEPIROELLE-1060070-scaled.jpg&#039;)\">\n\n\t\t\t\n\t\t\t\t\t<\/div>\n\t\t\t\t\t\t\t\t<\/div>\n\t\t\t\t\t\t\t\t\t\t\t<div class=\"swiper-slide\">\n\t\t\t\t\t\t\t\t\t<div class=\"elementor-carousel-image\" role=\"img\" aria-label=\"2022-05_QUBE_DOROTHEEPIROELLE-1060101\" style=\"background-image: url(&#039;https:\/\/qube-hotel-heidelberg.de\/wp-content\/uploads\/2022\/07\/2022-05_QUBE_DOROTHEEPIROELLE-1060101-scaled.jpg&#039;)\">\n\n\t\t\t\n\t\t\t\t\t<\/div>\n\t\t\t\t\t\t\t\t<\/div>\n\t\t\t\t\t\t\t\t\t\t\t<div class=\"swiper-slide\">\n\t\t\t\t\t\t\t\t\t<div class=\"elementor-carousel-image\" role=\"img\" aria-label=\"2022-05_QUBE_DOROTHEEPIROELLE-1060074\" style=\"background-image: url(&#039;https:\/\/qube-hotel-heidelberg.de\/wp-content\/uploads\/2022\/07\/2022-05_QUBE_DOROTHEEPIROELLE-1060074-scaled.jpg&#039;)\">\n\n\t\t\t\n\t\t\t\t\t<\/div>\n\t\t\t\t\t\t\t\t<\/div>\n\t\t\t\t\t\t\t\t\t\t\t<div class=\"swiper-slide\">\n\t\t\t\t\t\t\t\t\t<div class=\"elementor-carousel-image\" role=\"img\" aria-label=\"2022-05_QUBE_DOROTHEEPIROELLE-1060105\" style=\"background-image: url(&#039;https:\/\/qube-hotel-heidelberg.de\/wp-content\/uploads\/2022\/07\/2022-05_QUBE_DOROTHEEPIROELLE-1060105-scaled.jpg&#039;)\">\n\n\t\t\t\n\t\t\t\t\t<\/div>\n\t\t\t\t\t\t\t\t<\/div>\n\t\t\t\t\t\t\t\t\t\t\t<div class=\"swiper-slide\">\n\t\t\t\t\t\t\t\t\t<div class=\"elementor-carousel-image\" role=\"img\" aria-label=\"2020_QUBEBERGHEIM-831\" style=\"background-image: url(&#039;https:\/\/qube-hotel-heidelberg.de\/wp-content\/uploads\/2022\/07\/2020_QUBEBERGHEIM-831-scaled.jpg&#039;)\">\n\n\t\t\t\n\t\t\t\t\t<\/div>\n\t\t\t\t\t\t\t\t<\/div>\n\t\t\t\t\t\t\t\t\t\t\t<div class=\"swiper-slide\">\n\t\t\t\t\t\t\t\t\t<div class=\"elementor-carousel-image\" role=\"img\" aria-label=\"2020_QUBEBERGHEIM-805\" style=\"background-image: url(&#039;https:\/\/qube-hotel-heidelberg.de\/wp-content\/uploads\/2022\/07\/2020_QUBEBERGHEIM-805-scaled.jpg&#039;)\">\n\n\t\t\t\n\t\t\t\t\t<\/div>\n\t\t\t\t\t\t\t\t<\/div>\n\t\t\t\t\t\t\t\t\t\t\t<div class=\"swiper-slide\">\n\t\t\t\t\t\t\t\t\t<div class=\"elementor-carousel-image\" role=\"img\" aria-label=\"2020_QUBEBERGHEIM-810\" style=\"background-image: url(&#039;https:\/\/qube-hotel-heidelberg.de\/wp-content\/uploads\/2022\/07\/2020_QUBEBERGHEIM-810-scaled.jpg&#039;)\">\n\n\t\t\t\n\t\t\t\t\t<\/div>\n\t\t\t\t\t\t\t\t<\/div>\n\t\t\t\t\t\t\t\t\t\t\t<div class=\"swiper-slide\">\n\t\t\t\t\t\t\t\t\t<div class=\"elementor-carousel-image\" role=\"img\" aria-label=\"2020_QUBEBERGHEIM-793\" style=\"background-image: url(&#039;https:\/\/qube-hotel-heidelberg.de\/wp-content\/uploads\/2022\/07\/2020_QUBEBERGHEIM-793-scaled.jpg&#039;)\">\n\n\t\t\t\n\t\t\t\t\t<\/div>\n\t\t\t\t\t\t\t\t<\/div>\n\t\t\t\t\t\t\t\t\t<\/div>\n\t\t\t\t\t\t\t\t\t\t\t\t\t\t\t\t\t\t\t\t<div class=\"elementor-swiper-button elementor-swiper-button-prev\" role=\"button\" tabindex=\"0\">\n\t\t\t\t\t\t\t<i aria-hidden=\"true\" class=\"eicon-chevron-left\"><\/i>\t\t\t\t\t\t\t<span class=\"elementor-screen-only\">Previous<\/span>\n\t\t\t\t\t\t<\/div>\n\t\t\t\t\t\t<div class=\"elementor-swiper-button elementor-swiper-button-next\" role=\"button\" tabindex=\"0\">\n\t\t\t\t\t\t\t<i aria-hidden=\"true\" class=\"eicon-chevron-right\"><\/i>\t\t\t\t\t\t\t<span class=\"elementor-screen-only\">Next<\/span>\n\t\t\t\t\t\t<\/div>\n\t\t\t\t\t\t\t\t\t\t\t\t<\/div>\n\t\t<\/div>\n\t\t\t\t<div class=\"elementor-swiper\">\n\t\t\t<div class=\"elementor-thumbnails-swiper swiper\">\n\t\t\t\t<div class=\"swiper-wrapper\">\n\t\t\t\t\t\t\t\t\t\t\t<div class=\"swiper-slide\">\n\t\t\t\t\t\t\t\t\t<div class=\"elementor-carousel-image\" role=\"img\" aria-label=\"2022-05_QUBE_DOROTHEEPIROELLE-1060070\" style=\"background-image: url(&#039;https:\/\/qube-hotel-heidelberg.de\/wp-content\/uploads\/2022\/07\/2022-05_QUBE_DOROTHEEPIROELLE-1060070-scaled.jpg&#039;)\">\n\n\t\t\t\n\t\t\t\t\t<\/div>\n\t\t\t\t\t\t\t\t<\/div>\n\t\t\t\t\t\t\t\t\t\t\t<div class=\"swiper-slide\">\n\t\t\t\t\t\t\t\t\t<div class=\"elementor-carousel-image\" role=\"img\" aria-label=\"2022-05_QUBE_DOROTHEEPIROELLE-1060101\" style=\"background-image: url(&#039;https:\/\/qube-hotel-heidelberg.de\/wp-content\/uploads\/2022\/07\/2022-05_QUBE_DOROTHEEPIROELLE-1060101-scaled.jpg&#039;)\">\n\n\t\t\t\n\t\t\t\t\t<\/div>\n\t\t\t\t\t\t\t\t<\/div>\n\t\t\t\t\t\t\t\t\t\t\t<div class=\"swiper-slide\">\n\t\t\t\t\t\t\t\t\t<div class=\"elementor-carousel-image\" role=\"img\" aria-label=\"2022-05_QUBE_DOROTHEEPIROELLE-1060074\" style=\"background-image: url(&#039;https:\/\/qube-hotel-heidelberg.de\/wp-content\/uploads\/2022\/07\/2022-05_QUBE_DOROTHEEPIROELLE-1060074-scaled.jpg&#039;)\">\n\n\t\t\t\n\t\t\t\t\t<\/div>\n\t\t\t\t\t\t\t\t<\/div>\n\t\t\t\t\t\t\t\t\t\t\t<div class=\"swiper-slide\">\n\t\t\t\t\t\t\t\t\t<div class=\"elementor-carousel-image\" role=\"img\" aria-label=\"2022-05_QUBE_DOROTHEEPIROELLE-1060105\" style=\"background-image: url(&#039;https:\/\/qube-hotel-heidelberg.de\/wp-content\/uploads\/2022\/07\/2022-05_QUBE_DOROTHEEPIROELLE-1060105-scaled.jpg&#039;)\">\n\n\t\t\t\n\t\t\t\t\t<\/div>\n\t\t\t\t\t\t\t\t<\/div>\n\t\t\t\t\t\t\t\t\t\t\t<div class=\"swiper-slide\">\n\t\t\t\t\t\t\t\t\t<div class=\"elementor-carousel-image\" role=\"img\" aria-label=\"2020_QUBEBERGHEIM-831\" style=\"background-image: url(&#039;https:\/\/qube-hotel-heidelberg.de\/wp-content\/uploads\/2022\/07\/2020_QUBEBERGHEIM-831-scaled.jpg&#039;)\">\n\n\t\t\t\n\t\t\t\t\t<\/div>\n\t\t\t\t\t\t\t\t<\/div>\n\t\t\t\t\t\t\t\t\t\t\t<div class=\"swiper-slide\">\n\t\t\t\t\t\t\t\t\t<div class=\"elementor-carousel-image\" role=\"img\" aria-label=\"2020_QUBEBERGHEIM-805\" style=\"background-image: url(&#039;https:\/\/qube-hotel-heidelberg.de\/wp-content\/uploads\/2022\/07\/2020_QUBEBERGHEIM-805-scaled.jpg&#039;)\">\n\n\t\t\t\n\t\t\t\t\t<\/div>\n\t\t\t\t\t\t\t\t<\/div>\n\t\t\t\t\t\t\t\t\t\t\t<div class=\"swiper-slide\">\n\t\t\t\t\t\t\t\t\t<div class=\"elementor-carousel-image\" role=\"img\" aria-label=\"2020_QUBEBERGHEIM-810\" style=\"background-image: url(&#039;https:\/\/qube-hotel-heidelberg.de\/wp-content\/uploads\/2022\/07\/2020_QUBEBERGHEIM-810-scaled.jpg&#039;)\">\n\n\t\t\t\n\t\t\t\t\t<\/div>\n\t\t\t\t\t\t\t\t<\/div>\n\t\t\t\t\t\t\t\t\t\t\t<div class=\"swiper-slide\">\n\t\t\t\t\t\t\t\t\t<div class=\"elementor-carousel-image\" role=\"img\" aria-label=\"2020_QUBEBERGHEIM-793\" style=\"background-image: url(&#039;https:\/\/qube-hotel-heidelberg.de\/wp-content\/uploads\/2022\/07\/2020_QUBEBERGHEIM-793-scaled.jpg&#039;)\">\n\n\t\t\t\n\t\t\t\t\t<\/div>\n\t\t\t\t\t\t\t\t<\/div>\n\t\t\t\t\t\t\t\t\t<\/div>\n\t\t\t\t\t\t\t\t\t\t\t\t\t\t\t\t\t\t\t\t\t<\/div>\n\t\t<\/div>\n\t\t\t\t<\/div>\n\t\t\t\t<\/div>\n\t\t\t\t<div class=\"elementor-element elementor-element-3a995ea5 sc_fly_static elementor-widget elementor-widget-spacer\" data-id=\"3a995ea5\" data-element_type=\"widget\" data-widget_type=\"spacer.default\">\n\t\t\t\t<div class=\"elementor-widget-container\">\n\t\t\t\t\t<div class=\"elementor-spacer\">\n\t\t\t<div class=\"elementor-spacer-inner\"><\/div>\n\t\t<\/div>\n\t\t\t\t<\/div>\n\t\t\t\t<\/div>\n\t\t\t\t<section class=\"elementor-section elementor-inner-section elementor-element elementor-element-481a1b05 elementor-section-boxed elementor-section-height-default elementor-section-height-default sc_fly_static\" data-id=\"481a1b05\" data-element_type=\"section\" data-settings=\"{&quot;_ha_eqh_enable&quot;:false}\">\n\t\t\t\t\t\t<div class=\"elementor-container elementor-column-gap-extended\">\n\t\t\t\t\t<div class=\"elementor-column elementor-col-100 elementor-inner-column elementor-element elementor-element-70956448 sc_content_align_inherit sc_layouts_column_icons_position_left sc_fly_static\" data-id=\"70956448\" data-element_type=\"column\">\n\t\t\t<div class=\"elementor-widget-wrap elementor-element-populated\">\n\t\t\t\t\t\t<div class=\"elementor-element elementor-element-5e8e74c6 sc_fly_static elementor-widget elementor-widget-elementskit-heading\" data-id=\"5e8e74c6\" data-element_type=\"widget\" data-widget_type=\"elementskit-heading.default\">\n\t\t\t\t<div class=\"elementor-widget-container\">\n\t\t\t<div class=\"ekit-wid-con\" ><div class=\"ekit-heading elementskit-section-title-wraper text_left   ekit_heading_tablet-   ekit_heading_mobile-\"><h2 class=\"ekit-heading--title elementskit-section-title\">Celebrate<\/h2>\t\t\t\t<div class='ekit-heading__description'>\n\t\t\t\t\t<p>The Qube Bergheim has a perfect setting for events, parties or family celebrations in Heidelberg. The whole<strong> event area<\/strong>\u00a0in the main building on the 5th floor, the restaurant with its bar area or the cozy lounge can be used for events. The award-winning and multi-award-winning cuisine offers you and your guests festive menus for special occasions.<\/p>\n<p>With the Qube Villa we offer you the opportunity to rent an entire house exclusively for you and your guests. 21 high-quality rooms with five terraces, an event area for up to 35 people and the beautiful Qube Garden with a spacious lounge terrace are available.<\/p>\n<p>Our roof terrace with its beautiful view of the picturesque city and the famous Heidelberg Castle is also available for receptions or events. <strong>\u201cExtraordinarily good and special in every area\u201d\u00a0<\/strong>is the credo of the Qube kitchen. Stunningly tender fillet of Charolais beef from the Bavarian Forest, sashimi-quality tuna, particularly fine olive oil from Italy or top-quality cheese from France and the local nut hole are used.<\/p>\n<p>How about a reception on the lounge terrace in the garden of the Qube Villa or on the roof terrace followed by dinner in our restaurant?<\/p>\n<p>We plan your menu with you, discuss the table decorations in the restaurant and arrange your celebration according to your ideas - talk to us!<\/p>\n\t\t\t\t<\/div>\n\t\t\t<\/div><\/div>\t\t<\/div>\n\t\t\t\t<\/div>\n\t\t\t\t\t<\/div>\n\t\t<\/div>\n\t\t\t\t\t<\/div>\n\t\t<\/section>\n\t\t\t\t<section class=\"elementor-section elementor-inner-section elementor-element elementor-element-f0e9453 elementor-section-boxed elementor-section-height-default elementor-section-height-default sc_fly_static\" data-id=\"f0e9453\" data-element_type=\"section\" data-settings=\"{&quot;_ha_eqh_enable&quot;:false}\">\n\t\t\t\t\t\t<div class=\"elementor-container elementor-column-gap-extended\">\n\t\t\t\t\t<div class=\"elementor-column elementor-col-100 elementor-inner-column elementor-element elementor-element-1b720dd sc_content_align_inherit sc_layouts_column_icons_position_left sc_fly_static\" data-id=\"1b720dd\" data-element_type=\"column\">\n\t\t\t<div class=\"elementor-widget-wrap elementor-element-populated\">\n\t\t\t\t\t\t<div class=\"elementor-element elementor-element-489d0c9 elementor-widget__width-auto elementor-view-default sc_fly_static elementor-widget elementor-widget-icon\" data-id=\"489d0c9\" data-element_type=\"widget\" data-widget_type=\"icon.default\">\n\t\t\t\t<div class=\"elementor-widget-container\">\n\t\t\t\t\t<div class=\"elementor-icon-wrapper\">\n\t\t\t<div class=\"elementor-icon\">\n\t\t\t<i aria-hidden=\"true\" class=\"icon icon-phone-call\"><\/i>\t\t\t<\/div>\n\t\t<\/div>\n\t\t\t\t<\/div>\n\t\t\t\t<\/div>\n\t\t\t\t<div class=\"elementor-element elementor-element-23575ee elementor-widget__width-auto sc_fly_static elementor-widget elementor-widget-text-editor\" data-id=\"23575ee\" data-element_type=\"widget\" data-widget_type=\"text-editor.default\">\n\t\t\t\t<div class=\"elementor-widget-container\">\n\t\t\t\t\t\t\t<a style=\"color: #a71d22\" href=\"tel:00496221187990\">+49 6221-187990<\/a>\t\t\t\t\t\t<\/div>\n\t\t\t\t<\/div>\n\t\t\t\t\t<\/div>\n\t\t<\/div>\n\t\t\t\t\t<\/div>\n\t\t<\/section>\n\t\t\t\t<section class=\"elementor-section elementor-inner-section elementor-element elementor-element-f0a6df5 elementor-section-boxed elementor-section-height-default elementor-section-height-default sc_fly_static\" data-id=\"f0a6df5\" data-element_type=\"section\" data-settings=\"{&quot;_ha_eqh_enable&quot;:false}\">\n\t\t\t\t\t\t<div class=\"elementor-container elementor-column-gap-extended\">\n\t\t\t\t\t<div class=\"elementor-column elementor-col-100 elementor-inner-column elementor-element elementor-element-389cd50 sc_content_align_inherit sc_layouts_column_icons_position_left sc_fly_static\" data-id=\"389cd50\" data-element_type=\"column\">\n\t\t\t<div class=\"elementor-widget-wrap elementor-element-populated\">\n\t\t\t\t\t\t<div class=\"elementor-element elementor-element-2e7a81c elementor-widget__width-auto elementor-view-default sc_fly_static elementor-widget elementor-widget-icon\" data-id=\"2e7a81c\" data-element_type=\"widget\" data-widget_type=\"icon.default\">\n\t\t\t\t<div class=\"elementor-widget-container\">\n\t\t\t\t\t<div class=\"elementor-icon-wrapper\">\n\t\t\t<div class=\"elementor-icon\">\n\t\t\t<i aria-hidden=\"true\" class=\"icon icon-email\"><\/i>\t\t\t<\/div>\n\t\t<\/div>\n\t\t\t\t<\/div>\n\t\t\t\t<\/div>\n\t\t\t\t<div class=\"elementor-element elementor-element-ab562f7 elementor-widget__width-auto sc_fly_static elementor-widget elementor-widget-text-editor\" data-id=\"ab562f7\" data-element_type=\"widget\" data-widget_type=\"text-editor.default\">\n\t\t\t\t<div class=\"elementor-widget-container\">\n\t\t\t\t\t\t\t<a style=\"color: #a71d22\" href=\"mailto:bergheim@qube-heidelberg.de\">bergheim@qube-heidelberg.de<\/a>\t\t\t\t\t\t<\/div>\n\t\t\t\t<\/div>\n\t\t\t\t\t<\/div>\n\t\t<\/div>\n\t\t\t\t\t<\/div>\n\t\t<\/section>\n\t\t\t\t\t<\/div>\n\t\t<\/div>\n\t\t\t\t\t<\/div>\n\t\t<\/section>\n\t\t\t\t<\/div>","protected":false},"excerpt":{"rendered":"<p>Feiern Voriger N\u00e4chster Feiern Das Qube Bergheim verf\u00fcgt \u00fcber einen perfekten Rahmen f\u00fcr Veranstaltungen, Gesellschaften oder Familienfeiern in Heidelberg. Der gesamte Veranstaltungsbereich\u00a0im Haupthaus im 5. OG, das Restaurant mit seinem&hellip;<\/p>","protected":false},"author":1,"featured_media":0,"parent":0,"menu_order":0,"comment_status":"closed","ping_status":"closed","template":"","meta":{"footnotes":""},"class_list":["post-18957","page","type-page","status-publish","hentry"],"_links":{"self":[{"href":"https:\/\/qube-hotel-heidelberg.de\/en\/wp-json\/wp\/v2\/pages\/18957","targetHints":{"allow":["GET"]}}],"collection":[{"href":"https:\/\/qube-hotel-heidelberg.de\/en\/wp-json\/wp\/v2\/pages"}],"about":[{"href":"https:\/\/qube-hotel-heidelberg.de\/en\/wp-json\/wp\/v2\/types\/page"}],"author":[{"embeddable":true,"href":"https:\/\/qube-hotel-heidelberg.de\/en\/wp-json\/wp\/v2\/users\/1"}],"replies":[{"embeddable":true,"href":"https:\/\/qube-hotel-heidelberg.de\/en\/wp-json\/wp\/v2\/comments?post=18957"}],"version-history":[{"count":3,"href":"https:\/\/qube-hotel-heidelberg.de\/en\/wp-json\/wp\/v2\/pages\/18957\/revisions"}],"predecessor-version":[{"id":25841,"href":"https:\/\/qube-hotel-heidelberg.de\/en\/wp-json\/wp\/v2\/pages\/18957\/revisions\/25841"}],"wp:attachment":[{"href":"https:\/\/qube-hotel-heidelberg.de\/en\/wp-json\/wp\/v2\/media?parent=18957"}],"curies":[{"name":"wp","href":"https:\/\/api.w.org\/{rel}","templated":true}]}}