{"id":19316,"date":"2022-05-26T21:36:10","date_gmt":"2022-05-26T21:36:10","guid":{"rendered":"https:\/\/qube-hotel-heidelberg.de\/?page_id=19316"},"modified":"2026-02-16T08:00:08","modified_gmt":"2026-02-16T08:00:08","slug":"fuehstueck_bergheim","status":"publish","type":"page","link":"https:\/\/qube-hotel-heidelberg.de\/en\/fuehstueck_bergheim\/","title":{"rendered":"Breakfast_bergheim"},"content":{"rendered":"<div data-elementor-type=\"wp-page\" data-elementor-id=\"19316\" class=\"elementor elementor-19316\" data-elementor-post-type=\"page\">\n\t\t\t\t\t\t<section class=\"elementor-section elementor-top-section elementor-element elementor-element-4fc56a8 elementor-section-full_width scheme_light elementor-section-height-full elementor-section-height-default elementor-section-items-middle sc_fly_static\" data-id=\"4fc56a8\" data-element_type=\"section\" data-settings=\"{&quot;background_background&quot;:&quot;classic&quot;,&quot;background_motion_fx_motion_fx_scrolling&quot;:&quot;yes&quot;,&quot;background_motion_fx_opacity_effect&quot;:&quot;yes&quot;,&quot;background_motion_fx_opacity_direction&quot;:&quot;in-out&quot;,&quot;background_motion_fx_opacity_range&quot;:{&quot;unit&quot;:&quot;%&quot;,&quot;size&quot;:&quot;&quot;,&quot;sizes&quot;:{&quot;start&quot;:36,&quot;end&quot;:48}},&quot;background_motion_fx_scale_effect&quot;:&quot;yes&quot;,&quot;background_motion_fx_scale_speed&quot;:{&quot;unit&quot;:&quot;px&quot;,&quot;size&quot;:3,&quot;sizes&quot;:[]},&quot;background_motion_fx_scale_range&quot;:{&quot;unit&quot;:&quot;%&quot;,&quot;size&quot;:&quot;&quot;,&quot;sizes&quot;:{&quot;start&quot;:21,&quot;end&quot;:69}},&quot;background_motion_fx_opacity_level&quot;:{&quot;unit&quot;:&quot;px&quot;,&quot;size&quot;:10,&quot;sizes&quot;:[]},&quot;background_motion_fx_scale_direction&quot;:&quot;out-in&quot;,&quot;background_motion_fx_devices&quot;:[&quot;desktop&quot;,&quot;tablet&quot;,&quot;mobile&quot;],&quot;_ha_eqh_enable&quot;:false}\">\n\t\t\t\t\t\t\t<div class=\"elementor-background-overlay\"><\/div>\n\t\t\t\t\t\t\t<div class=\"elementor-container elementor-column-gap-no\">\n\t\t\t\t\t<div class=\"elementor-column elementor-col-100 elementor-top-column elementor-element elementor-element-ae3b491 sc-mobile_inner_width_none sc-mobile_content_align_inherit sc-tablet_inner_width_none sc_content_align_inherit sc_layouts_column_icons_position_left sc_fly_static\" data-id=\"ae3b491\" data-element_type=\"column\">\n\t\t\t<div class=\"elementor-widget-wrap elementor-element-populated\">\n\t\t\t\t\t\t<div class=\"elementor-element elementor-element-199a2b9 sc_fly_static elementor-widget elementor-widget-spacer\" data-id=\"199a2b9\" data-element_type=\"widget\" data-widget_type=\"spacer.default\">\n\t\t\t\t<div class=\"elementor-widget-container\">\n\t\t\t\t\t<div class=\"elementor-spacer\">\n\t\t\t<div class=\"elementor-spacer-inner\"><\/div>\n\t\t<\/div>\n\t\t\t\t<\/div>\n\t\t\t\t<\/div>\n\t\t\t\t<div class=\"elementor-element elementor-element-117c7a7 ha-has-bg-overlay sc_fly_static elementor-widget elementor-widget-trx_sc_title\" data-id=\"117c7a7\" data-element_type=\"widget\" data-widget_type=\"trx_sc_title.default\">\n\t\t\t\t<div class=\"elementor-widget-container\">\n\t\t\t<div\t\tclass=\"sc_title sc_title_default\" ><h3 class=\"sc_item_title sc_title_title sc_align_center sc_item_title_style_default sc_item_title_tag trx_addons_inline_1390424789\"\n\t\t\t><span class=\"sc_item_title_text\">Breakfast<\/span><\/h3><\/div>\t\t<\/div>\n\t\t\t\t<\/div>\n\t\t\t\t<div class=\"elementor-element elementor-element-4e57a73 sc_fly_static elementor-widget elementor-widget-spacer\" data-id=\"4e57a73\" data-element_type=\"widget\" data-widget_type=\"spacer.default\">\n\t\t\t\t<div class=\"elementor-widget-container\">\n\t\t\t\t\t<div class=\"elementor-spacer\">\n\t\t\t<div class=\"elementor-spacer-inner\"><\/div>\n\t\t<\/div>\n\t\t\t\t<\/div>\n\t\t\t\t<\/div>\n\t\t\t\t\t<\/div>\n\t\t<\/div>\n\t\t\t\t\t<\/div>\n\t\t<\/section>\n\t\t\t\t<section class=\"elementor-section elementor-top-section elementor-element elementor-element-71e57da6 scheme_default elementor-section-boxed elementor-section-height-default elementor-section-height-default sc_fly_static\" data-id=\"71e57da6\" data-element_type=\"section\" data-settings=\"{&quot;background_background&quot;:&quot;classic&quot;,&quot;_ha_eqh_enable&quot;:false}\">\n\t\t\t\t\t\t<div class=\"elementor-container elementor-column-gap-extended\">\n\t\t\t\t\t<div class=\"elementor-column elementor-col-100 elementor-top-column elementor-element elementor-element-3ff961ed sc_content_align_inherit sc_layouts_column_icons_position_left sc_fly_static\" data-id=\"3ff961ed\" data-element_type=\"column\">\n\t\t\t<div class=\"elementor-widget-wrap elementor-element-populated\">\n\t\t\t\t\t\t<div class=\"elementor-element elementor-element-28c72f1 sc_fly_static elementor-widget elementor-widget-ha-advanced-slider happy-addon ha-advanced-slider happy-addon-pro\" data-id=\"28c72f1\" data-element_type=\"widget\" data-settings=\"{&quot;effect&quot;:&quot;fade&quot;,&quot;thumbs_navigation&quot;:&quot;yes&quot;,&quot;infinity_loop&quot;:&quot;true&quot;,&quot;slider_type&quot;:&quot;single&quot;,&quot;slider_direction&quot;:&quot;horizontal&quot;,&quot;effect_speed&quot;:500,&quot;space_between_slides&quot;:0,&quot;slider_content_animation&quot;:&quot;ha_fadeInUp&quot;,&quot;pagination_type&quot;:&quot;none&quot;,&quot;space_between_thumbs&quot;:10,&quot;autoplay&quot;:&quot;yes&quot;,&quot;autoplay_speed&quot;:5000}\" data-widget_type=\"ha-advanced-slider.default\">\n\t\t\t\t<div class=\"elementor-widget-container\">\n\t\t\t        <div class=\"ha-slider-widget-wrapper ha-unique-widget-id-28c72f1 ha-slider-direction-horizontal\">\n            <div class=\"swiper-container gallery-top ha-slider-container\">\n                <div class=\"swiper-wrapper ha-slider-wrapper\">\n                                                <div class=\"swiper-slide ha-slider-slide elementor-repeater-item-24677c1\">\n                                                                    <div class=\"ha-slider-content-wrapper elementor-repeater-item-24677c1\">\n                                        <div class=\"ha-slider-content elementor-repeater-item-24677c1 ha_fadeInUp\">\n                                            \n                                                                                                                                                                                                                        <\/div>\n                                    <\/div>\n                                                            <\/div>\n                                                <div class=\"swiper-slide ha-slider-slide elementor-repeater-item-1275e59\">\n                                                                    <div class=\"ha-slider-content-wrapper elementor-repeater-item-1275e59\">\n                                        <div class=\"ha-slider-content elementor-repeater-item-1275e59 ha_fadeInUp\">\n                                            \n                                                                                                                                                                                                                        <\/div>\n                                    <\/div>\n                                                            <\/div>\n                                                <div class=\"swiper-slide ha-slider-slide elementor-repeater-item-556768f\">\n                                                                    <div class=\"ha-slider-content-wrapper elementor-repeater-item-556768f\">\n                                        <div class=\"ha-slider-content elementor-repeater-item-556768f ha_fadeInUp\">\n                                            \n                                                                                                                                                                                                                        <\/div>\n                                    <\/div>\n                                                            <\/div>\n                                                <div class=\"swiper-slide ha-slider-slide elementor-repeater-item-cdb6aad\">\n                                                                    <div class=\"ha-slider-content-wrapper elementor-repeater-item-cdb6aad\">\n                                        <div class=\"ha-slider-content elementor-repeater-item-cdb6aad ha_fadeInUp\">\n                                            \n                                                                                                                                                                                                                        <\/div>\n                                    <\/div>\n                                                            <\/div>\n                                                <div class=\"swiper-slide ha-slider-slide elementor-repeater-item-bfc8a3c\">\n                                                                    <div class=\"ha-slider-content-wrapper elementor-repeater-item-bfc8a3c\">\n                                        <div class=\"ha-slider-content elementor-repeater-item-bfc8a3c ha_fadeInUp\">\n                                            \n                                                                                                                                                                                                                        <\/div>\n                                    <\/div>\n                                                            <\/div>\n                                                <div class=\"swiper-slide ha-slider-slide elementor-repeater-item-d0ff198\">\n                                                                    <div class=\"ha-slider-content-wrapper elementor-repeater-item-d0ff198\">\n                                        <div class=\"ha-slider-content elementor-repeater-item-d0ff198 ha_fadeInUp\">\n                                            \n                                                                                                                                                                                                                        <\/div>\n                                    <\/div>\n                                                            <\/div>\n                                    <\/div>\n                                            <\/div>\n\n            \n\n                            <div class=\"swiper-container ha-slider-gallery-thumbs\">\n                    <div class=\"swiper-wrapper\">\n                                                        <div class=\"swiper-slide ha-slider-gallery-slide elementor-repeater-item-24677c1\">\n                                                                    <\/div>\n                                                        <div class=\"swiper-slide ha-slider-gallery-slide elementor-repeater-item-1275e59\">\n                                                                    <\/div>\n                                                        <div class=\"swiper-slide ha-slider-gallery-slide elementor-repeater-item-556768f\">\n                                                                    <\/div>\n                                                        <div class=\"swiper-slide ha-slider-gallery-slide elementor-repeater-item-cdb6aad\">\n                                                                    <\/div>\n                                                        <div class=\"swiper-slide ha-slider-gallery-slide elementor-repeater-item-bfc8a3c\">\n                                                                    <\/div>\n                                                        <div class=\"swiper-slide ha-slider-gallery-slide elementor-repeater-item-d0ff198\">\n                                                                    <\/div>\n                                            <\/div>\n                <\/div>\n                    <\/div>\n\n\t\t<\/div>\n\t\t\t\t<\/div>\n\t\t\t\t<section class=\"elementor-section elementor-inner-section elementor-element elementor-element-481a1b05 elementor-section-boxed elementor-section-height-default elementor-section-height-default sc_fly_static\" data-id=\"481a1b05\" data-element_type=\"section\" data-settings=\"{&quot;_ha_eqh_enable&quot;:false}\">\n\t\t\t\t\t\t<div class=\"elementor-container elementor-column-gap-extended\">\n\t\t\t\t\t<div class=\"elementor-column elementor-col-100 elementor-inner-column elementor-element elementor-element-70956448 sc_content_align_inherit sc_layouts_column_icons_position_left sc_fly_static\" data-id=\"70956448\" data-element_type=\"column\">\n\t\t\t<div class=\"elementor-widget-wrap elementor-element-populated\">\n\t\t\t\t\t\t<div class=\"elementor-element elementor-element-c8482e7 sc_fly_static elementor-widget elementor-widget-spacer\" data-id=\"c8482e7\" data-element_type=\"widget\" data-widget_type=\"spacer.default\">\n\t\t\t\t<div class=\"elementor-widget-container\">\n\t\t\t\t\t<div class=\"elementor-spacer\">\n\t\t\t<div class=\"elementor-spacer-inner\"><\/div>\n\t\t<\/div>\n\t\t\t\t<\/div>\n\t\t\t\t<\/div>\n\t\t\t\t<div class=\"elementor-element elementor-element-5e8e74c6 sc_fly_static elementor-widget elementor-widget-elementskit-heading\" data-id=\"5e8e74c6\" data-element_type=\"widget\" data-widget_type=\"elementskit-heading.default\">\n\t\t\t\t<div class=\"elementor-widget-container\">\n\t\t\t<div class=\"ekit-wid-con\" ><div class=\"ekit-heading elementskit-section-title-wraper text_left   ekit_heading_tablet-   ekit_heading_mobile-\"><h2 class=\"ekit-heading--title elementskit-section-title\">Breakfast at the Qube Bergheim<\/h2>\t\t\t\t<div class='ekit-heading__description'>\n\t\t\t\t\t<p>Our breakfast buffet offers a wide selection of delicious specialties.\nIf you prefer savory options, enjoy our assortment of cold cuts, various cheeses, and a selection of fish specialties.\nFor those who prefer something sweet or healthy, we offer a variety of jams, cereals for every taste, and a generous selection of fresh fruit.<\/p>\n<p>Breakfast is served in our restaurant\nMonday to Friday from 6:30 am to 10:30 am,\nSaturday from 7:00 am to 11:00 am,\nSunday from 7:00 am to 11:30 am.<\/p>\n<p>If you book the breakfast buffet in advance or together with your room reservation, the price is \u20ac22.90 per person.\nIf you decide on breakfast on site, the price is \u20ac24.90 per person.\n\nExternal guests are also welcome to join our breakfast buffet (subject to availability).\nIn this case, the price is \u20ac27.90 per person.\n\nChildren up to 5 years eat free of charge.\nChildren aged 6 to 15 years pay \u20ac11.90.\nChildren aged 16 and above pay the regular breakfast price.<\/p>\n\t\t\t\t<\/div>\n\t\t\t<\/div><\/div>\t\t<\/div>\n\t\t\t\t<\/div>\n\t\t\t\t<div class=\"elementor-element elementor-element-27b8d52 elementor-widget__width-auto elementor-widget-mobile__width-inherit d21-trigger-ibe sc_fly_static elementor-widget elementor-widget-button\" data-id=\"27b8d52\" data-element_type=\"widget\" data-widget_type=\"button.default\">\n\t\t\t\t<div class=\"elementor-widget-container\">\n\t\t\t\t\t\t\t<div class=\"elementor-button-wrapper\">\n\t\t\t\t\t<a class=\"elementor-button elementor-button-link elementor-size-sm\" href=\"#\">\n\t\t\t\t\t\t<span class=\"elementor-button-content-wrapper\">\n\t\t\t\t\t\t\t\t\t<span class=\"elementor-button-text\">Book a room <\/span>\n\t\t\t\t\t<\/span>\n\t\t\t\t\t<\/a>\n\t\t\t\t<\/div>\n\t\t\t\t\t\t<\/div>\n\t\t\t\t<\/div>\n\t\t\t\t<div class=\"elementor-element elementor-element-e070e3b elementor-widget__width-auto elementor-widget-mobile__width-inherit sc_fly_static elementor-widget elementor-widget-button\" data-id=\"e070e3b\" data-element_type=\"widget\" data-widget_type=\"button.default\">\n\t\t\t\t<div class=\"elementor-widget-container\">\n\t\t\t\t\t\t\t<div class=\"elementor-button-wrapper\">\n\t\t\t\t\t<a class=\"elementor-button elementor-button-link elementor-size-sm\" href=\"https:\/\/qube-hotel-heidelberg.de\/en\/tischreservierung_bergheim\/\">\n\t\t\t\t\t\t<span class=\"elementor-button-content-wrapper\">\n\t\t\t\t\t\t\t\t\t<span class=\"elementor-button-text\">Table reservation<\/span>\n\t\t\t\t\t<\/span>\n\t\t\t\t\t<\/a>\n\t\t\t\t<\/div>\n\t\t\t\t\t\t<\/div>\n\t\t\t\t<\/div>\n\t\t\t\t\t<\/div>\n\t\t<\/div>\n\t\t\t\t\t<\/div>\n\t\t<\/section>\n\t\t\t\t\t<\/div>\n\t\t<\/div>\n\t\t\t\t\t<\/div>\n\t\t<\/section>\n\t\t\t\t<section class=\"elementor-section elementor-top-section elementor-element elementor-element-410e51d elementor-section-boxed elementor-section-height-default elementor-section-height-default sc_fly_static\" data-id=\"410e51d\" data-element_type=\"section\" data-settings=\"{&quot;_ha_eqh_enable&quot;:false}\">\n\t\t\t\t\t\t<div class=\"elementor-container elementor-column-gap-extended\">\n\t\t\t\t\t<div class=\"elementor-column elementor-col-100 elementor-top-column elementor-element elementor-element-1fbd896 sc_content_align_inherit sc_layouts_column_icons_position_left sc_fly_static\" data-id=\"1fbd896\" data-element_type=\"column\">\n\t\t\t<div class=\"elementor-widget-wrap elementor-element-populated\">\n\t\t\t\t\t\t<section class=\"elementor-section elementor-inner-section elementor-element elementor-element-bfab3f3 elementor-section-boxed elementor-section-height-default elementor-section-height-default sc_fly_static\" data-id=\"bfab3f3\" data-element_type=\"section\" data-settings=\"{&quot;_ha_eqh_enable&quot;:false}\">\n\t\t\t\t\t\t<div class=\"elementor-container elementor-column-gap-extended\">\n\t\t\t\t\t<div class=\"elementor-column elementor-col-100 elementor-inner-column elementor-element elementor-element-c771955 sc_content_align_inherit sc_layouts_column_icons_position_left sc_fly_static\" data-id=\"c771955\" data-element_type=\"column\">\n\t\t\t<div class=\"elementor-widget-wrap elementor-element-populated\">\n\t\t\t\t\t\t<div class=\"elementor-element elementor-element-b658d55 sc_fly_static elementor-widget elementor-widget-html\" data-id=\"b658d55\" data-element_type=\"widget\" data-widget_type=\"html.default\">\n\t\t\t\t<div class=\"elementor-widget-container\">\n\t\t\t<script src='https:\/\/js-sdk.dirs21.de\/405a8288-1727-47c5-aca3-002f84c985fa?culture=de-DE' type='text\/javascript' async='async'><\/script>\n<script>\n\/\/Add Class \"d21-trigger-ibe\" to Hotel --> Booking\nlet lang = document.getElementsByTagName(\"body\")[0].classList[1];\nlang = lang.substring(lang.indexOf(\"-\") + 1);\nswitch (lang) {\n\tcase 'en':\n\t\tdocument.getElementsByClassName(\"page_item page-item-947\")[0].classList.add(\"d21-trigger-ibe\");\n\t\tbreak;\n\tcase 'es':\n\t\tdocument.getElementsByClassName(\"page_item page-item-1262\")[0].classList.add(\"d21-trigger-ibe\");\n\t\tbreak;\n\tcase 'fr':\n\t\tdocument.getElementsByClassName(\"page_item page-item-1490\")[0].classList.add(\"d21-trigger-ibe\");\n\t\tbreak;\n\tcase 'it':\n\t\tdocument.getElementsByClassName(\"page_item page-item-1384\")[0].classList.add(\"d21-trigger-ibe\");\n\t\tbreak;\n\tcase 'ru':\n\t\tdocument.getElementsByClassName(\"page_item page-item-2241\")[0].classList.add(\"d21-trigger-ibe\");\n\t\tbreak;\n\tdefault:\n\t\tdocument.getElementsByClassName(\"page_item page-item-295\")[0].classList.add(\"d21-trigger-ibe\");\n\t\tbreak;\n}\n<\/script>\t\t<\/div>\n\t\t\t\t<\/div>\n\t\t\t\t\t<\/div>\n\t\t<\/div>\n\t\t\t\t\t<\/div>\n\t\t<\/section>\n\t\t\t\t\t<\/div>\n\t\t<\/div>\n\t\t\t\t\t<\/div>\n\t\t<\/section>\n\t\t\t\t<\/div>","protected":false},"excerpt":{"rendered":"<p>Fr\u00fchst\u00fcck Fr\u00fchst\u00fcck im Qube Bergheim Unser Fr\u00fchst\u00fccksb\u00fcffet bietet eine reiche Auswahl an diversen K\u00f6stlichkeiten. Essen Sie gerne herzhaft, dann greifen Sie auf unsere verschiedenen Aufschnitte, verschiedene K\u00e4sesorten oder auf eine&hellip;<\/p>","protected":false},"author":1,"featured_media":0,"parent":0,"menu_order":0,"comment_status":"closed","ping_status":"closed","template":"","meta":{"footnotes":""},"class_list":["post-19316","page","type-page","status-publish","hentry"],"_links":{"self":[{"href":"https:\/\/qube-hotel-heidelberg.de\/en\/wp-json\/wp\/v2\/pages\/19316","targetHints":{"allow":["GET"]}}],"collection":[{"href":"https:\/\/qube-hotel-heidelberg.de\/en\/wp-json\/wp\/v2\/pages"}],"about":[{"href":"https:\/\/qube-hotel-heidelberg.de\/en\/wp-json\/wp\/v2\/types\/page"}],"author":[{"embeddable":true,"href":"https:\/\/qube-hotel-heidelberg.de\/en\/wp-json\/wp\/v2\/users\/1"}],"replies":[{"embeddable":true,"href":"https:\/\/qube-hotel-heidelberg.de\/en\/wp-json\/wp\/v2\/comments?post=19316"}],"version-history":[{"count":48,"href":"https:\/\/qube-hotel-heidelberg.de\/en\/wp-json\/wp\/v2\/pages\/19316\/revisions"}],"predecessor-version":[{"id":34217,"href":"https:\/\/qube-hotel-heidelberg.de\/en\/wp-json\/wp\/v2\/pages\/19316\/revisions\/34217"}],"wp:attachment":[{"href":"https:\/\/qube-hotel-heidelberg.de\/en\/wp-json\/wp\/v2\/media?parent=19316"}],"curies":[{"name":"wp","href":"https:\/\/api.w.org\/{rel}","templated":true}]}}