{"id":19432,"date":"2022-05-27T06:45:18","date_gmt":"2022-05-27T06:45:18","guid":{"rendered":"https:\/\/qube-hotel-heidelberg.de\/?page_id=19432"},"modified":"2024-11-20T08:47:18","modified_gmt":"2024-11-20T08:47:18","slug":"doppelzimmer","status":"publish","type":"page","link":"https:\/\/qube-hotel-heidelberg.de\/en\/doppelzimmer\/","title":{"rendered":"Double rooms"},"content":{"rendered":"<div data-elementor-type=\"wp-page\" data-elementor-id=\"19432\" class=\"elementor elementor-19432\" data-elementor-post-type=\"page\">\n\t\t\t\t\t\t<section class=\"elementor-section elementor-top-section elementor-element elementor-element-4fc56a8 elementor-section-full_width scheme_light elementor-section-height-full sc_layouts_hide_on_mobile elementor-section-height-default elementor-section-items-middle sc_fly_static\" data-id=\"4fc56a8\" data-element_type=\"section\" data-settings=\"{&quot;background_background&quot;:&quot;classic&quot;,&quot;background_motion_fx_motion_fx_scrolling&quot;:&quot;yes&quot;,&quot;background_motion_fx_opacity_effect&quot;:&quot;yes&quot;,&quot;background_motion_fx_opacity_direction&quot;:&quot;in-out&quot;,&quot;background_motion_fx_opacity_range&quot;:{&quot;unit&quot;:&quot;%&quot;,&quot;size&quot;:&quot;&quot;,&quot;sizes&quot;:{&quot;start&quot;:36,&quot;end&quot;:48}},&quot;background_motion_fx_scale_effect&quot;:&quot;yes&quot;,&quot;background_motion_fx_scale_speed&quot;:{&quot;unit&quot;:&quot;px&quot;,&quot;size&quot;:3,&quot;sizes&quot;:[]},&quot;background_motion_fx_scale_range&quot;:{&quot;unit&quot;:&quot;%&quot;,&quot;size&quot;:&quot;&quot;,&quot;sizes&quot;:{&quot;start&quot;:21,&quot;end&quot;:69}},&quot;background_motion_fx_opacity_level&quot;:{&quot;unit&quot;:&quot;px&quot;,&quot;size&quot;:10,&quot;sizes&quot;:[]},&quot;background_motion_fx_scale_direction&quot;:&quot;out-in&quot;,&quot;background_motion_fx_devices&quot;:[&quot;desktop&quot;,&quot;tablet&quot;,&quot;mobile&quot;],&quot;_ha_eqh_enable&quot;:false}\">\n\t\t\t\t\t\t\t<div class=\"elementor-background-overlay\"><\/div>\n\t\t\t\t\t\t\t<div class=\"elementor-container elementor-column-gap-no\">\n\t\t\t\t\t<div class=\"elementor-column elementor-col-100 elementor-top-column elementor-element elementor-element-3ad3056 sc-mobile_inner_width_none sc-mobile_content_align_inherit sc-tablet_inner_width_none sc_content_align_inherit sc_layouts_column_icons_position_left sc_fly_static\" data-id=\"3ad3056\" data-element_type=\"column\">\n\t\t\t<div class=\"elementor-widget-wrap elementor-element-populated\">\n\t\t\t\t\t\t<div class=\"elementor-element elementor-element-a1c2ef7 sc_fly_static elementor-widget elementor-widget-spacer\" data-id=\"a1c2ef7\" data-element_type=\"widget\" data-widget_type=\"spacer.default\">\n\t\t\t\t<div class=\"elementor-widget-container\">\n\t\t\t\t\t<div class=\"elementor-spacer\">\n\t\t\t<div class=\"elementor-spacer-inner\"><\/div>\n\t\t<\/div>\n\t\t\t\t<\/div>\n\t\t\t\t<\/div>\n\t\t\t\t<div class=\"elementor-element elementor-element-5228866 ha-has-bg-overlay sc_fly_static elementor-widget elementor-widget-trx_sc_title\" data-id=\"5228866\" data-element_type=\"widget\" data-widget_type=\"trx_sc_title.default\">\n\t\t\t\t<div class=\"elementor-widget-container\">\n\t\t\t<div\t\tclass=\"sc_title sc_title_default\" ><h1 class=\"sc_item_title sc_title_title sc_align_center sc_item_title_style_default sc_item_title_tag trx_addons_inline_1386050510\"\n\t\t\t><span class=\"sc_item_title_text\">Double rooms<\/span><\/h1><\/div>\t\t<\/div>\n\t\t\t\t<\/div>\n\t\t\t\t<div class=\"elementor-element elementor-element-29bef59 sc_fly_static elementor-widget elementor-widget-spacer\" data-id=\"29bef59\" data-element_type=\"widget\" data-widget_type=\"spacer.default\">\n\t\t\t\t<div class=\"elementor-widget-container\">\n\t\t\t\t\t<div class=\"elementor-spacer\">\n\t\t\t<div class=\"elementor-spacer-inner\"><\/div>\n\t\t<\/div>\n\t\t\t\t<\/div>\n\t\t\t\t<\/div>\n\t\t\t\t\t<\/div>\n\t\t<\/div>\n\t\t\t\t\t<\/div>\n\t\t<\/section>\n\t\t\t\t<section class=\"elementor-section elementor-top-section elementor-element elementor-element-f767786 elementor-section-full_width scheme_light elementor-section-height-full sc_layouts_hide_on_wide sc_layouts_hide_on_desktop sc_layouts_hide_on_notebook elementor-section-height-default elementor-section-items-middle sc_fly_static\" data-id=\"f767786\" data-element_type=\"section\" data-settings=\"{&quot;background_background&quot;:&quot;classic&quot;,&quot;background_motion_fx_motion_fx_scrolling&quot;:&quot;yes&quot;,&quot;background_motion_fx_opacity_effect&quot;:&quot;yes&quot;,&quot;background_motion_fx_opacity_direction&quot;:&quot;in-out&quot;,&quot;background_motion_fx_opacity_range&quot;:{&quot;unit&quot;:&quot;%&quot;,&quot;size&quot;:&quot;&quot;,&quot;sizes&quot;:{&quot;start&quot;:36,&quot;end&quot;:48}},&quot;background_motion_fx_scale_effect&quot;:&quot;yes&quot;,&quot;background_motion_fx_scale_speed&quot;:{&quot;unit&quot;:&quot;px&quot;,&quot;size&quot;:3,&quot;sizes&quot;:[]},&quot;background_motion_fx_scale_range&quot;:{&quot;unit&quot;:&quot;%&quot;,&quot;size&quot;:&quot;&quot;,&quot;sizes&quot;:{&quot;start&quot;:21,&quot;end&quot;:69}},&quot;background_motion_fx_opacity_level&quot;:{&quot;unit&quot;:&quot;px&quot;,&quot;size&quot;:10,&quot;sizes&quot;:[]},&quot;background_motion_fx_scale_direction&quot;:&quot;out-in&quot;,&quot;background_motion_fx_devices&quot;:[&quot;desktop&quot;,&quot;tablet&quot;,&quot;mobile&quot;],&quot;_ha_eqh_enable&quot;:false}\">\n\t\t\t\t\t\t\t<div class=\"elementor-background-overlay\"><\/div>\n\t\t\t\t\t\t\t<div class=\"elementor-container elementor-column-gap-no\">\n\t\t\t\t\t<div class=\"elementor-column elementor-col-100 elementor-top-column elementor-element elementor-element-78b9073 sc-mobile_inner_width_none sc-mobile_content_align_inherit sc-tablet_inner_width_none sc_content_align_inherit sc_layouts_column_icons_position_left sc_fly_static\" data-id=\"78b9073\" data-element_type=\"column\">\n\t\t\t<div class=\"elementor-widget-wrap elementor-element-populated\">\n\t\t\t\t\t\t<div class=\"elementor-element elementor-element-503c14f sc_fly_static elementor-widget elementor-widget-spacer\" data-id=\"503c14f\" data-element_type=\"widget\" data-widget_type=\"spacer.default\">\n\t\t\t\t<div class=\"elementor-widget-container\">\n\t\t\t\t\t<div class=\"elementor-spacer\">\n\t\t\t<div class=\"elementor-spacer-inner\"><\/div>\n\t\t<\/div>\n\t\t\t\t<\/div>\n\t\t\t\t<\/div>\n\t\t\t\t<div class=\"elementor-element elementor-element-798044e ha-has-bg-overlay sc_fly_static elementor-widget elementor-widget-trx_sc_title\" data-id=\"798044e\" data-element_type=\"widget\" data-widget_type=\"trx_sc_title.default\">\n\t\t\t\t<div class=\"elementor-widget-container\">\n\t\t\t<div\t\tclass=\"sc_title sc_title_default\" ><h1 class=\"sc_item_title sc_title_title sc_align_center sc_item_title_style_default sc_item_title_tag trx_addons_inline_1969524389\"\n\t\t\t><span class=\"sc_item_title_text\">Double rooms<\/span><\/h1><\/div>\t\t<\/div>\n\t\t\t\t<\/div>\n\t\t\t\t<div class=\"elementor-element elementor-element-abac65b sc_fly_static elementor-widget elementor-widget-spacer\" data-id=\"abac65b\" data-element_type=\"widget\" data-widget_type=\"spacer.default\">\n\t\t\t\t<div class=\"elementor-widget-container\">\n\t\t\t\t\t<div class=\"elementor-spacer\">\n\t\t\t<div class=\"elementor-spacer-inner\"><\/div>\n\t\t<\/div>\n\t\t\t\t<\/div>\n\t\t\t\t<\/div>\n\t\t\t\t\t<\/div>\n\t\t<\/div>\n\t\t\t\t\t<\/div>\n\t\t<\/section>\n\t\t\t\t<section class=\"elementor-section elementor-top-section elementor-element elementor-element-71e57da6 elementor-section-boxed elementor-section-height-default elementor-section-height-default sc_fly_static\" data-id=\"71e57da6\" data-element_type=\"section\" data-settings=\"{&quot;background_background&quot;:&quot;classic&quot;,&quot;_ha_eqh_enable&quot;:false}\">\n\t\t\t\t\t\t<div class=\"elementor-container elementor-column-gap-extended\">\n\t\t\t\t\t<div class=\"elementor-column elementor-col-100 elementor-top-column elementor-element elementor-element-3ff961ed sc_content_align_inherit sc_layouts_column_icons_position_left sc_fly_static\" data-id=\"3ff961ed\" data-element_type=\"column\">\n\t\t\t<div class=\"elementor-widget-wrap elementor-element-populated\">\n\t\t\t\t\t\t<div class=\"elementor-element elementor-element-929f2d3 sc_fly_static elementor-widget elementor-widget-ha-advanced-slider happy-addon ha-advanced-slider happy-addon-pro\" data-id=\"929f2d3\" data-element_type=\"widget\" data-settings=\"{&quot;effect&quot;:&quot;fade&quot;,&quot;slider_content_animation&quot;:&quot;ha_zoomIn&quot;,&quot;pagination_type&quot;:&quot;dots&quot;,&quot;slider_type&quot;:&quot;single&quot;,&quot;slider_direction&quot;:&quot;horizontal&quot;,&quot;effect_speed&quot;:500,&quot;space_between_slides&quot;:0,&quot;arrow_navigation&quot;:&quot;yes&quot;,&quot;infinity_loop&quot;:true,&quot;autoplay&quot;:&quot;yes&quot;,&quot;autoplay_speed&quot;:5000}\" data-widget_type=\"ha-advanced-slider.default\">\n\t\t\t\t<div class=\"elementor-widget-container\">\n\t\t\t        <div class=\"ha-slider-widget-wrapper ha-unique-widget-id-929f2d3 ha-slider-direction-horizontal\">\n            <div class=\"swiper-container gallery-top ha-slider-container\">\n                <div class=\"swiper-wrapper ha-slider-wrapper\">\n                                                <div class=\"swiper-slide ha-slider-slide elementor-repeater-item-556768f\">\n                                                                    <div class=\"ha-slider-content-wrapper elementor-repeater-item-556768f\">\n                                        <div class=\"ha-slider-content elementor-repeater-item-556768f ha_zoomIn\">\n                                            \n                                                                                                                                                                                                                        <\/div>\n                                    <\/div>\n                                                            <\/div>\n                                                <div class=\"swiper-slide ha-slider-slide elementor-repeater-item-1275e59\">\n                                                                    <div class=\"ha-slider-content-wrapper elementor-repeater-item-1275e59\">\n                                        <div class=\"ha-slider-content elementor-repeater-item-1275e59 ha_zoomIn\">\n                                            \n                                                                                                                                                                                                                        <\/div>\n                                    <\/div>\n                                                            <\/div>\n                                                <div class=\"swiper-slide ha-slider-slide elementor-repeater-item-24677c1\">\n                                                                    <div class=\"ha-slider-content-wrapper elementor-repeater-item-24677c1\">\n                                        <div class=\"ha-slider-content elementor-repeater-item-24677c1 ha_zoomIn\">\n                                            \n                                                                                                                                                                                                                        <\/div>\n                                    <\/div>\n                                                            <\/div>\n                                                <div class=\"swiper-slide ha-slider-slide elementor-repeater-item-66d75d9\">\n                                                                    <div class=\"ha-slider-content-wrapper elementor-repeater-item-66d75d9\">\n                                        <div class=\"ha-slider-content elementor-repeater-item-66d75d9 ha_zoomIn\">\n                                            \n                                                                                                                                                                                                                        <\/div>\n                                    <\/div>\n                                                            <\/div>\n                                    <\/div>\n                                    <div class=\"swiper-pagination ha-slider-pagination\"><\/div>\n                                            <\/div>\n\n                            <div class=\"ha-slider-prev\"><i aria-hidden=\"true\" class=\"hm hm-play-previous\"><\/i><\/div>\n                <div class=\"ha-slider-next\"><i aria-hidden=\"true\" class=\"hm hm-play-next\"><\/i><\/div>\n            \n\n                    <\/div>\n\n\t\t<\/div>\n\t\t\t\t<\/div>\n\t\t\t\t<div class=\"elementor-element elementor-element-3a995ea5 sc_fly_static elementor-widget elementor-widget-spacer\" data-id=\"3a995ea5\" data-element_type=\"widget\" data-widget_type=\"spacer.default\">\n\t\t\t\t<div class=\"elementor-widget-container\">\n\t\t\t\t\t<div class=\"elementor-spacer\">\n\t\t\t<div class=\"elementor-spacer-inner\"><\/div>\n\t\t<\/div>\n\t\t\t\t<\/div>\n\t\t\t\t<\/div>\n\t\t\t\t<section class=\"elementor-section elementor-inner-section elementor-element elementor-element-481a1b05 elementor-section-boxed elementor-section-height-default elementor-section-height-default sc_fly_static\" data-id=\"481a1b05\" data-element_type=\"section\" data-settings=\"{&quot;_ha_eqh_enable&quot;:false}\">\n\t\t\t\t\t\t<div class=\"elementor-container elementor-column-gap-extended\">\n\t\t\t\t\t<div class=\"elementor-column elementor-col-100 elementor-inner-column elementor-element elementor-element-70956448 sc_content_align_inherit sc_layouts_column_icons_position_left sc_fly_static\" data-id=\"70956448\" data-element_type=\"column\">\n\t\t\t<div class=\"elementor-widget-wrap elementor-element-populated\">\n\t\t\t\t\t\t<div class=\"elementor-element elementor-element-5e8e74c6 sc_fly_static elementor-widget elementor-widget-elementskit-heading\" data-id=\"5e8e74c6\" data-element_type=\"widget\" data-widget_type=\"elementskit-heading.default\">\n\t\t\t\t<div class=\"elementor-widget-container\">\n\t\t\t<div class=\"ekit-wid-con\" ><div class=\"ekit-heading elementskit-section-title-wraper text_left   ekit_heading_tablet-   ekit_heading_mobile-\"><h2 class=\"ekit-heading--title elementskit-section-title\">Double rooms<\/h2>\t\t\t\t<div class='ekit-heading__description'>\n\t\t\t\t\t<p>The beautiful and elegant Qube double rooms are located on the street side and are equipped with particularly soundproof windows. Choose between extra-long beds, separable beds or king-size mattresses, which have a bed size of 1.60m to 2.00m x 1.97m.<\/p>\n<p>On at least 20 square meters you have high-quality equipment at your disposal: adjustable air conditioning, leather armchairs, telephone, minibar and laptop safe. Flat screen TV with satellite programs and 6 free SKY channels. The natural stone bathrooms with mostly daylight have clear glass showers and Philippe Starck ceramics.<\/p>\n<p>In the privately run Boutique Hotel Qube Bergheim you will stay in the Qube main building or in the Qube Villa:<\/p>\n\t\t\t\t<\/div>\n\t\t\t<\/div><\/div>\t\t<\/div>\n\t\t\t\t<\/div>\n\t\t\t\t\t<\/div>\n\t\t<\/div>\n\t\t\t\t\t<\/div>\n\t\t<\/section>\n\t\t\t\t<section class=\"elementor-section elementor-inner-section elementor-element elementor-element-bceb148 elementor-section-boxed elementor-section-height-default elementor-section-height-default sc_fly_static\" data-id=\"bceb148\" data-element_type=\"section\" data-settings=\"{&quot;_ha_eqh_enable&quot;:false}\">\n\t\t\t\t\t\t<div class=\"elementor-container elementor-column-gap-extended\">\n\t\t\t\t\t<div class=\"elementor-column elementor-col-100 elementor-inner-column elementor-element elementor-element-db4b609 sc_content_align_inherit sc_layouts_column_icons_position_left sc_fly_static\" data-id=\"db4b609\" data-element_type=\"column\">\n\t\t\t<div class=\"elementor-widget-wrap elementor-element-populated\">\n\t\t\t\t\t\t<div class=\"elementor-element elementor-element-71627c2 sc_fly_static elementor-widget elementor-widget-elementskit-heading\" data-id=\"71627c2\" data-element_type=\"widget\" data-widget_type=\"elementskit-heading.default\">\n\t\t\t\t<div class=\"elementor-widget-container\">\n\t\t\t<div class=\"ekit-wid-con\" ><div class=\"ekit-heading elementskit-section-title-wraper text_left   ekit_heading_tablet-   ekit_heading_mobile-\"><h2 class=\"ekit-heading--title elementskit-section-title\">Qube main building<\/h2>\t\t\t\t<div class='ekit-heading__description'>\n\t\t\t\t\t<p>The modern building was built in 2009 and has clearly designed and air-conditioned rooms, elevator and a small duplex underground car park. The roof terrace, which is also served in the evenings in summer, offers pure relaxation with its beautiful view of the Neckar, the picturesque city and the famous Heidelberg Castle. There is also another terrace available to guests on the third floor. The breakfast and restaurant area with bar, lounge and outdoor terrace is also located in the main building, where head chef Sascha Epphardt spoils you with his fresh cuisine.<\/p>\n\t\t\t\t<\/div>\n\t\t\t<\/div><\/div>\t\t<\/div>\n\t\t\t\t<\/div>\n\t\t\t\t\t<\/div>\n\t\t<\/div>\n\t\t\t\t\t<\/div>\n\t\t<\/section>\n\t\t\t\t<section class=\"elementor-section elementor-inner-section elementor-element elementor-element-1f9ce85 elementor-section-boxed elementor-section-height-default elementor-section-height-default sc_fly_static\" data-id=\"1f9ce85\" data-element_type=\"section\" data-settings=\"{&quot;_ha_eqh_enable&quot;:false}\">\n\t\t\t\t\t\t<div class=\"elementor-container elementor-column-gap-extended\">\n\t\t\t\t\t<div class=\"elementor-column elementor-col-100 elementor-inner-column elementor-element elementor-element-bab822d sc_content_align_inherit sc_layouts_column_icons_position_left sc_fly_static\" data-id=\"bab822d\" data-element_type=\"column\">\n\t\t\t<div class=\"elementor-widget-wrap elementor-element-populated\">\n\t\t\t\t\t\t<div class=\"elementor-element elementor-element-f47daaa sc_fly_static elementor-widget elementor-widget-elementskit-heading\" data-id=\"f47daaa\" data-element_type=\"widget\" data-widget_type=\"elementskit-heading.default\">\n\t\t\t\t<div class=\"elementor-widget-container\">\n\t\t\t<div class=\"ekit-wid-con\" ><div class=\"ekit-heading elementskit-section-title-wraper text_left   ekit_heading_tablet-   ekit_heading_mobile-\"><h2 class=\"ekit-heading--title elementskit-section-title\">Qube-Villa<\/h2>\t\t\t\t<div class='ekit-heading__description'>\n\t\t\t\t\t<p>The magnificent Gr\u00fcnderzeit villa from 1899 was opened in 2014 after extensive total renovation. The listed villa is about 60 meters from the Qube main house. There are 21 modern and high-quality furnished rooms with elevator and air conditioning. Many rooms have high ceilings, some with ornate moldings, and some have large terraces. The beautiful, historic staircase is characterized by old sandstone and oak stairs and impressive stained glass windows with Art Nouveau elements. In the villa there is also the Qube Garden with a 200 sqm sun terrace and extensive lounge facilities, which is available to all hotel guests.<\/p>\n<p>Let yourself be pampered - in an atmosphere characterized by friendliness, service and individuality.<\/p>\n\t\t\t\t<\/div>\n\t\t\t<\/div><\/div>\t\t<\/div>\n\t\t\t\t<\/div>\n\t\t\t\t<div class=\"elementor-element elementor-element-9d1d55a d21-trigger-ibe sc_fly_static elementor-widget elementor-widget-button\" data-id=\"9d1d55a\" data-element_type=\"widget\" data-widget_type=\"button.default\">\n\t\t\t\t<div class=\"elementor-widget-container\">\n\t\t\t\t\t\t\t<div class=\"elementor-button-wrapper\">\n\t\t\t\t\t<a class=\"elementor-button elementor-button-link elementor-size-sm\" href=\"#\">\n\t\t\t\t\t\t<span class=\"elementor-button-content-wrapper\">\n\t\t\t\t\t\t\t\t\t<span class=\"elementor-button-text\">Book a room<\/span>\n\t\t\t\t\t<\/span>\n\t\t\t\t\t<\/a>\n\t\t\t\t<\/div>\n\t\t\t\t\t\t<\/div>\n\t\t\t\t<\/div>\n\t\t\t\t\t<\/div>\n\t\t<\/div>\n\t\t\t\t\t<\/div>\n\t\t<\/section>\n\t\t\t\t\t<\/div>\n\t\t<\/div>\n\t\t\t\t\t<\/div>\n\t\t<\/section>\n\t\t\t\t<section class=\"elementor-section elementor-top-section elementor-element elementor-element-711466f elementor-section-boxed elementor-section-height-default elementor-section-height-default sc_fly_static\" data-id=\"711466f\" data-element_type=\"section\" data-settings=\"{&quot;_ha_eqh_enable&quot;:false}\">\n\t\t\t\t\t\t<div class=\"elementor-container elementor-column-gap-extended\">\n\t\t\t\t\t<div class=\"elementor-column elementor-col-100 elementor-top-column elementor-element elementor-element-d37670b sc_content_align_inherit sc_layouts_column_icons_position_left sc_fly_static\" data-id=\"d37670b\" data-element_type=\"column\">\n\t\t\t<div class=\"elementor-widget-wrap elementor-element-populated\">\n\t\t\t\t\t\t<div class=\"elementor-element elementor-element-6eae359 sc_fly_static elementor-widget elementor-widget-html\" data-id=\"6eae359\" data-element_type=\"widget\" data-widget_type=\"html.default\">\n\t\t\t\t<div class=\"elementor-widget-container\">\n\t\t\t<script src='https:\/\/js-sdk.dirs21.de\/405a8288-1727-47c5-aca3-002f84c985fa?culture=de-DE' type='text\/javascript' async='async'><\/script>\n<script>\n\/\/Add Class \"d21-trigger-ibe\" to Hotel --> Booking\nlet lang = document.getElementsByTagName(\"body\")[0].classList[1];\nlang = lang.substring(lang.indexOf(\"-\") + 1);\nswitch (lang) {\n\tcase 'en':\n\t\tdocument.getElementsByClassName(\"page_item page-item-947\")[0].classList.add(\"d21-trigger-ibe\");\n\t\tbreak;\n\tcase 'es':\n\t\tdocument.getElementsByClassName(\"page_item page-item-1262\")[0].classList.add(\"d21-trigger-ibe\");\n\t\tbreak;\n\tcase 'fr':\n\t\tdocument.getElementsByClassName(\"page_item page-item-1490\")[0].classList.add(\"d21-trigger-ibe\");\n\t\tbreak;\n\tcase 'it':\n\t\tdocument.getElementsByClassName(\"page_item page-item-1384\")[0].classList.add(\"d21-trigger-ibe\");\n\t\tbreak;\n\tcase 'ru':\n\t\tdocument.getElementsByClassName(\"page_item page-item-2241\")[0].classList.add(\"d21-trigger-ibe\");\n\t\tbreak;\n\tdefault:\n\t\tdocument.getElementsByClassName(\"page_item page-item-295\")[0].classList.add(\"d21-trigger-ibe\");\n\t\tbreak;\n}\n<\/script>\t\t<\/div>\n\t\t\t\t<\/div>\n\t\t\t\t\t<\/div>\n\t\t<\/div>\n\t\t\t\t\t<\/div>\n\t\t<\/section>\n\t\t\t\t<\/div>","protected":false},"excerpt":{"rendered":"<p>Doppelzimmer Doppelzimmer Doppelzimmer Die sch\u00f6nen und eleganten Qube Doppelzimmer sind zur Stra\u00dfenseite gelegen und mit besonders schallisolierten Fenstern ausgestattet. W\u00e4hlen Sie zwischen \u00fcberlangen Betten, trennbaren Betten oder Kingsize-Matratzen, welche \u00fcber&hellip;<\/p>","protected":false},"author":1,"featured_media":0,"parent":0,"menu_order":0,"comment_status":"closed","ping_status":"closed","template":"","meta":{"footnotes":""},"class_list":["post-19432","page","type-page","status-publish","hentry"],"_links":{"self":[{"href":"https:\/\/qube-hotel-heidelberg.de\/en\/wp-json\/wp\/v2\/pages\/19432","targetHints":{"allow":["GET"]}}],"collection":[{"href":"https:\/\/qube-hotel-heidelberg.de\/en\/wp-json\/wp\/v2\/pages"}],"about":[{"href":"https:\/\/qube-hotel-heidelberg.de\/en\/wp-json\/wp\/v2\/types\/page"}],"author":[{"embeddable":true,"href":"https:\/\/qube-hotel-heidelberg.de\/en\/wp-json\/wp\/v2\/users\/1"}],"replies":[{"embeddable":true,"href":"https:\/\/qube-hotel-heidelberg.de\/en\/wp-json\/wp\/v2\/comments?post=19432"}],"version-history":[{"count":21,"href":"https:\/\/qube-hotel-heidelberg.de\/en\/wp-json\/wp\/v2\/pages\/19432\/revisions"}],"predecessor-version":[{"id":29613,"href":"https:\/\/qube-hotel-heidelberg.de\/en\/wp-json\/wp\/v2\/pages\/19432\/revisions\/29613"}],"wp:attachment":[{"href":"https:\/\/qube-hotel-heidelberg.de\/en\/wp-json\/wp\/v2\/media?parent=19432"}],"curies":[{"name":"wp","href":"https:\/\/api.w.org\/{rel}","templated":true}]}}