{"id":25273,"date":"2023-11-21T17:26:06","date_gmt":"2023-11-21T17:26:06","guid":{"rendered":"https:\/\/qube-hotel-heidelberg.de\/?page_id=25273"},"modified":"2025-06-04T05:38:08","modified_gmt":"2025-06-04T05:38:08","slug":"online-check-in","status":"publish","type":"page","link":"https:\/\/qube-hotel-heidelberg.de\/en\/online-check-in\/","title":{"rendered":"Online Check-In"},"content":{"rendered":"<div data-elementor-type=\"wp-page\" data-elementor-id=\"25273\" class=\"elementor elementor-25273\" data-elementor-post-type=\"page\">\n\t\t\t\t\t\t<section class=\"elementor-section elementor-top-section elementor-element elementor-element-8d07c5f elementor-section-full_width scheme_light elementor-section-height-full elementor-section-height-default elementor-section-items-middle sc_fly_static\" data-id=\"8d07c5f\" data-element_type=\"section\" data-settings=\"{&quot;background_background&quot;:&quot;classic&quot;,&quot;background_motion_fx_motion_fx_scrolling&quot;:&quot;yes&quot;,&quot;background_motion_fx_opacity_effect&quot;:&quot;yes&quot;,&quot;background_motion_fx_opacity_direction&quot;:&quot;in-out&quot;,&quot;background_motion_fx_opacity_range&quot;:{&quot;unit&quot;:&quot;%&quot;,&quot;size&quot;:&quot;&quot;,&quot;sizes&quot;:{&quot;start&quot;:36,&quot;end&quot;:48}},&quot;background_motion_fx_scale_effect&quot;:&quot;yes&quot;,&quot;background_motion_fx_scale_speed&quot;:{&quot;unit&quot;:&quot;px&quot;,&quot;size&quot;:3,&quot;sizes&quot;:[]},&quot;background_motion_fx_scale_range&quot;:{&quot;unit&quot;:&quot;%&quot;,&quot;size&quot;:&quot;&quot;,&quot;sizes&quot;:{&quot;start&quot;:21,&quot;end&quot;:69}},&quot;background_motion_fx_opacity_level&quot;:{&quot;unit&quot;:&quot;px&quot;,&quot;size&quot;:10,&quot;sizes&quot;:[]},&quot;background_motion_fx_scale_direction&quot;:&quot;out-in&quot;,&quot;background_motion_fx_devices&quot;:[&quot;desktop&quot;,&quot;tablet&quot;,&quot;mobile&quot;],&quot;_ha_eqh_enable&quot;:false}\">\n\t\t\t\t\t\t\t<div class=\"elementor-background-overlay\"><\/div>\n\t\t\t\t\t\t\t<div class=\"elementor-container elementor-column-gap-no\">\n\t\t\t\t\t<div class=\"elementor-column elementor-col-100 elementor-top-column elementor-element elementor-element-35ac960 sc-mobile_inner_width_none sc-mobile_content_align_inherit sc-tablet_inner_width_none sc_content_align_inherit sc_layouts_column_icons_position_left sc_fly_static\" data-id=\"35ac960\" data-element_type=\"column\">\n\t\t\t<div class=\"elementor-widget-wrap elementor-element-populated\">\n\t\t\t\t\t\t<div class=\"elementor-element elementor-element-d72bfcd sc_fly_static elementor-widget elementor-widget-spacer\" data-id=\"d72bfcd\" data-element_type=\"widget\" data-widget_type=\"spacer.default\">\n\t\t\t\t<div class=\"elementor-widget-container\">\n\t\t\t\t\t<div class=\"elementor-spacer\">\n\t\t\t<div class=\"elementor-spacer-inner\"><\/div>\n\t\t<\/div>\n\t\t\t\t<\/div>\n\t\t\t\t<\/div>\n\t\t\t\t<div class=\"elementor-element elementor-element-054705c ha-has-bg-overlay sc_fly_static elementor-widget elementor-widget-trx_sc_title\" data-id=\"054705c\" data-element_type=\"widget\" data-widget_type=\"trx_sc_title.default\">\n\t\t\t\t<div class=\"elementor-widget-container\">\n\t\t\t<div\t\tclass=\"sc_title sc_title_default\" ><h1 class=\"sc_item_title sc_title_title sc_align_center sc_item_title_style_default sc_item_title_tag trx_addons_inline_1605733107\"\n\t\t\t><span class=\"sc_item_title_text\">Online Check-In<\/span><\/h1><\/div>\t\t<\/div>\n\t\t\t\t<\/div>\n\t\t\t\t<div class=\"elementor-element elementor-element-e0af146 sc_fly_static elementor-widget elementor-widget-spacer\" data-id=\"e0af146\" data-element_type=\"widget\" data-widget_type=\"spacer.default\">\n\t\t\t\t<div class=\"elementor-widget-container\">\n\t\t\t\t\t<div class=\"elementor-spacer\">\n\t\t\t<div class=\"elementor-spacer-inner\"><\/div>\n\t\t<\/div>\n\t\t\t\t<\/div>\n\t\t\t\t<\/div>\n\t\t\t\t\t<\/div>\n\t\t<\/div>\n\t\t\t\t\t<\/div>\n\t\t<\/section>\n\t\t\t\t<section class=\"elementor-section elementor-top-section elementor-element elementor-element-71e57da6 elementor-section-boxed elementor-section-height-default elementor-section-height-default sc_fly_static\" data-id=\"71e57da6\" data-element_type=\"section\" data-settings=\"{&quot;background_background&quot;:&quot;classic&quot;,&quot;_ha_eqh_enable&quot;:false}\">\n\t\t\t\t\t\t<div class=\"elementor-container elementor-column-gap-extended\">\n\t\t\t\t\t<div class=\"elementor-column elementor-col-100 elementor-top-column elementor-element elementor-element-3ff961ed sc_content_align_inherit sc_layouts_column_icons_position_left sc_fly_static\" data-id=\"3ff961ed\" data-element_type=\"column\">\n\t\t\t<div class=\"elementor-widget-wrap elementor-element-populated\">\n\t\t\t\t\t\t<div class=\"elementor-element elementor-element-c9f6934 d21-trigger-ibe sc_layouts_hide_on_wide sc_layouts_hide_on_desktop sc_layouts_hide_on_notebook elementor-mobile-align-center sc_fly_static elementor-widget elementor-widget-button\" data-id=\"c9f6934\" data-element_type=\"widget\" data-widget_type=\"button.default\">\n\t\t\t\t<div class=\"elementor-widget-container\">\n\t\t\t\t\t\t\t<div class=\"elementor-button-wrapper\">\n\t\t\t\t\t<a class=\"elementor-button elementor-button-link elementor-size-sm\" href=\"#\">\n\t\t\t\t\t\t<span class=\"elementor-button-content-wrapper\">\n\t\t\t\t\t\t\t\t\t<span class=\"elementor-button-text\">Book a room<\/span>\n\t\t\t\t\t<\/span>\n\t\t\t\t\t<\/a>\n\t\t\t\t<\/div>\n\t\t\t\t\t\t<\/div>\n\t\t\t\t<\/div>\n\t\t\t\t<section class=\"elementor-section elementor-inner-section elementor-element elementor-element-3fd408e elementor-section-boxed elementor-section-height-default elementor-section-height-default sc_fly_static\" data-id=\"3fd408e\" data-element_type=\"section\" data-settings=\"{&quot;_ha_eqh_enable&quot;:false}\">\n\t\t\t\t\t\t<div class=\"elementor-container elementor-column-gap-extended\">\n\t\t\t\t\t<div class=\"elementor-column elementor-col-100 elementor-inner-column elementor-element elementor-element-51c212a sc_content_align_inherit sc_layouts_column_icons_position_left sc_fly_static\" data-id=\"51c212a\" data-element_type=\"column\">\n\t\t\t<div class=\"elementor-widget-wrap elementor-element-populated\">\n\t\t\t\t\t\t<div class=\"elementor-element elementor-element-3b953f4 sc_fly_static elementor-widget elementor-widget-elementskit-heading\" data-id=\"3b953f4\" data-element_type=\"widget\" data-widget_type=\"elementskit-heading.default\">\n\t\t\t\t<div class=\"elementor-widget-container\">\n\t\t\t<div class=\"ekit-wid-con\" ><div class=\"ekit-heading elementskit-section-title-wraper text_left   ekit_heading_tablet-   ekit_heading_mobile-\"><h2 class=\"ekit-heading--title elementskit-section-title\">Online Check-In Qube Bahnstadt<\/h2>\t\t\t\t<div class='ekit-heading__description'>\n\t\t\t\t\t<p>\u00a0<\/p>\n<p class=\"p1 translation-block\">Dear guests, from now on you can stay with us at the <strong><span class=\"s1\">Qube Hotel <\/span><span class=\"s1\">in Bahnstadt <\/span><\/strong> for free and without an additional APP Check in online. But not only check-in will be digital, filling out the registration form and even payment can also be done online if you want. No more waiting times at the hotel reception!<\/p>\n<p class=\"p1\">How does this work? Very easy\u2026<\/p>\n<p class=\"p1\">When you book your room, you will receive a confirmation email. With this email you will receive your personal access to our digital guest service system, here you can:<\/p>\n<p class=\"p1\">\u2013 fill out the registration form in advance, in digital form<br \/>\u2013 check-in online on the day of arrival<br \/>\u2013 open the room door<br \/>\u2013 pay the outstanding hotel bill digitally<\/p>\n<p class=\"p1\">....all you need is a smartphone.<\/p>\n<p class=\"p1\">Your advantages:<\/p>\n<p class=\"p1\">- Time saving<br \/>- State-of-the-art technology<br \/>- 24\/7 check-in &amp; check-out<br \/>- No need to use an additional app<\/p>\n<p class=\"p1\">Of course, we will be happy to answer any questions you may have and you can of course continue to check in \"analog\" and enjoy your stay with us.<\/p>\n<p class=\"p1\">Qube Hotels Heidelberg - Your well-being is our claim -<\/p>\n\t\t\t\t<\/div>\n\t\t\t<\/div><\/div>\t\t<\/div>\n\t\t\t\t<\/div>\n\t\t\t\t\t<\/div>\n\t\t<\/div>\n\t\t\t\t\t<\/div>\n\t\t<\/section>\n\t\t\t\t\t<\/div>\n\t\t<\/div>\n\t\t\t\t\t<\/div>\n\t\t<\/section>\n\t\t\t\t<section class=\"elementor-section elementor-top-section elementor-element elementor-element-3a320a4 elementor-section-boxed elementor-section-height-default elementor-section-height-default sc_fly_static\" data-id=\"3a320a4\" data-element_type=\"section\" data-settings=\"{&quot;_ha_eqh_enable&quot;:false}\">\n\t\t\t\t\t\t<div class=\"elementor-container elementor-column-gap-extended\">\n\t\t\t\t\t<div class=\"elementor-column elementor-col-100 elementor-top-column elementor-element elementor-element-a0e2769 sc_content_align_inherit sc_layouts_column_icons_position_left sc_fly_static\" data-id=\"a0e2769\" data-element_type=\"column\">\n\t\t\t<div class=\"elementor-widget-wrap elementor-element-populated\">\n\t\t\t\t\t\t<div class=\"elementor-element elementor-element-f867d2c sc_fly_static elementor-widget elementor-widget-html\" data-id=\"f867d2c\" data-element_type=\"widget\" data-widget_type=\"html.default\">\n\t\t\t\t<div class=\"elementor-widget-container\">\n\t\t\t<script src='https:\/\/js-sdk.dirs21.de\/405a8288-1727-47c5-aca3-002f84c985fa?culture=de-DE' type='text\/javascript' async='async'><\/script>\n<script>\n\/\/Add Class \"d21-trigger-ibe\" to Hotel --> Booking\nlet lang = document.getElementsByTagName(\"body\")[0].classList[1];\nlang = lang.substring(lang.indexOf(\"-\") + 1);\nswitch (lang) {\n\tcase 'en':\n\t\tdocument.getElementsByClassName(\"page_item page-item-947\")[0].classList.add(\"d21-trigger-ibe\");\n\t\tbreak;\n\tcase 'es':\n\t\tdocument.getElementsByClassName(\"page_item page-item-1262\")[0].classList.add(\"d21-trigger-ibe\");\n\t\tbreak;\n\tcase 'fr':\n\t\tdocument.getElementsByClassName(\"page_item page-item-1490\")[0].classList.add(\"d21-trigger-ibe\");\n\t\tbreak;\n\tcase 'it':\n\t\tdocument.getElementsByClassName(\"page_item page-item-1384\")[0].classList.add(\"d21-trigger-ibe\");\n\t\tbreak;\n\tcase 'ru':\n\t\tdocument.getElementsByClassName(\"page_item page-item-2241\")[0].classList.add(\"d21-trigger-ibe\");\n\t\tbreak;\n\tdefault:\n\t\tdocument.getElementsByClassName(\"page_item page-item-295\")[0].classList.add(\"d21-trigger-ibe\");\n\t\tbreak;\n}\n<\/script>\t\t<\/div>\n\t\t\t\t<\/div>\n\t\t\t\t\t<\/div>\n\t\t<\/div>\n\t\t\t\t\t<\/div>\n\t\t<\/section>\n\t\t\t\t<\/div>","protected":false},"excerpt":{"rendered":"<p>Online Check-In Zimmer buchen Online Check-In Qube Bahnstadt \u00a0 Liebe G\u00e4ste,ab sofort k\u00f6nnen Sie kostenlos und ohne zus\u00e4tzliche APP bei uns im Qube Hotel in der Bahnstadt Online einchecken. Aber&hellip;<\/p>","protected":false},"author":1,"featured_media":0,"parent":0,"menu_order":0,"comment_status":"closed","ping_status":"closed","template":"","meta":{"footnotes":""},"class_list":["post-25273","page","type-page","status-publish","hentry"],"_links":{"self":[{"href":"https:\/\/qube-hotel-heidelberg.de\/en\/wp-json\/wp\/v2\/pages\/25273","targetHints":{"allow":["GET"]}}],"collection":[{"href":"https:\/\/qube-hotel-heidelberg.de\/en\/wp-json\/wp\/v2\/pages"}],"about":[{"href":"https:\/\/qube-hotel-heidelberg.de\/en\/wp-json\/wp\/v2\/types\/page"}],"author":[{"embeddable":true,"href":"https:\/\/qube-hotel-heidelberg.de\/en\/wp-json\/wp\/v2\/users\/1"}],"replies":[{"embeddable":true,"href":"https:\/\/qube-hotel-heidelberg.de\/en\/wp-json\/wp\/v2\/comments?post=25273"}],"version-history":[{"count":16,"href":"https:\/\/qube-hotel-heidelberg.de\/en\/wp-json\/wp\/v2\/pages\/25273\/revisions"}],"predecessor-version":[{"id":26618,"href":"https:\/\/qube-hotel-heidelberg.de\/en\/wp-json\/wp\/v2\/pages\/25273\/revisions\/26618"}],"wp:attachment":[{"href":"https:\/\/qube-hotel-heidelberg.de\/en\/wp-json\/wp\/v2\/media?parent=25273"}],"curies":[{"name":"wp","href":"https:\/\/api.w.org\/{rel}","templated":true}]}}