{"id":27956,"date":"2024-07-16T10:31:47","date_gmt":"2024-07-16T10:31:47","guid":{"rendered":"https:\/\/qube-hotel-heidelberg.de\/?page_id=27956"},"modified":"2024-08-08T11:51:21","modified_gmt":"2024-08-08T11:51:21","slug":"halbpensionsangebot","status":"publish","type":"page","link":"https:\/\/qube-hotel-heidelberg.de\/en\/halbpensionsangebot\/","title":{"rendered":"Half-board Offer"},"content":{"rendered":"<div data-elementor-type=\"wp-page\" data-elementor-id=\"27956\" class=\"elementor elementor-27956\" data-elementor-post-type=\"page\">\n\t\t\t\t\t\t<section class=\"elementor-section elementor-top-section elementor-element elementor-element-bb8ca9c elementor-section-full_width scheme_light elementor-section-height-full elementor-section-height-default elementor-section-items-middle sc_fly_static\" data-id=\"bb8ca9c\" data-element_type=\"section\" data-settings=\"{&quot;background_background&quot;:&quot;classic&quot;,&quot;background_motion_fx_motion_fx_scrolling&quot;:&quot;yes&quot;,&quot;background_motion_fx_opacity_effect&quot;:&quot;yes&quot;,&quot;background_motion_fx_opacity_direction&quot;:&quot;in-out&quot;,&quot;background_motion_fx_opacity_range&quot;:{&quot;unit&quot;:&quot;%&quot;,&quot;size&quot;:&quot;&quot;,&quot;sizes&quot;:{&quot;start&quot;:36,&quot;end&quot;:48}},&quot;background_motion_fx_scale_effect&quot;:&quot;yes&quot;,&quot;background_motion_fx_scale_speed&quot;:{&quot;unit&quot;:&quot;px&quot;,&quot;size&quot;:3,&quot;sizes&quot;:[]},&quot;background_motion_fx_scale_range&quot;:{&quot;unit&quot;:&quot;%&quot;,&quot;size&quot;:&quot;&quot;,&quot;sizes&quot;:{&quot;start&quot;:21,&quot;end&quot;:69}},&quot;background_motion_fx_opacity_level&quot;:{&quot;unit&quot;:&quot;px&quot;,&quot;size&quot;:10,&quot;sizes&quot;:[]},&quot;background_motion_fx_scale_direction&quot;:&quot;out-in&quot;,&quot;background_motion_fx_devices&quot;:[&quot;desktop&quot;,&quot;tablet&quot;,&quot;mobile&quot;],&quot;_ha_eqh_enable&quot;:false}\">\n\t\t\t\t\t\t\t<div class=\"elementor-background-overlay\"><\/div>\n\t\t\t\t\t\t\t<div class=\"elementor-container elementor-column-gap-no\">\n\t\t\t\t\t<div class=\"elementor-column elementor-col-100 elementor-top-column elementor-element elementor-element-7b5d057 sc-mobile_inner_width_none sc-mobile_content_align_inherit sc-tablet_inner_width_none sc_content_align_inherit sc_layouts_column_icons_position_left sc_fly_static\" data-id=\"7b5d057\" data-element_type=\"column\">\n\t\t\t<div class=\"elementor-widget-wrap elementor-element-populated\">\n\t\t\t\t\t\t<div class=\"elementor-element elementor-element-3acbd9f sc_fly_static elementor-widget elementor-widget-spacer\" data-id=\"3acbd9f\" data-element_type=\"widget\" data-widget_type=\"spacer.default\">\n\t\t\t\t<div class=\"elementor-widget-container\">\n\t\t\t\t\t<div class=\"elementor-spacer\">\n\t\t\t<div class=\"elementor-spacer-inner\"><\/div>\n\t\t<\/div>\n\t\t\t\t<\/div>\n\t\t\t\t<\/div>\n\t\t\t\t<div class=\"elementor-element elementor-element-1c52ccb ha-has-bg-overlay sc_fly_static elementor-widget elementor-widget-trx_sc_title\" data-id=\"1c52ccb\" data-element_type=\"widget\" data-widget_type=\"trx_sc_title.default\">\n\t\t\t\t<div class=\"elementor-widget-container\">\n\t\t\t<div\t\tclass=\"sc_title sc_title_default\" ><h1 class=\"sc_item_title sc_title_title sc_align_center sc_item_title_style_default sc_item_title_tag trx_addons_inline_274005001\"\n\t\t\t><span class=\"sc_item_title_text\">Half-board Offer<\/span><\/h1><\/div>\t\t<\/div>\n\t\t\t\t<\/div>\n\t\t\t\t<div class=\"elementor-element elementor-element-8846fb5 sc_fly_static elementor-widget elementor-widget-spacer\" data-id=\"8846fb5\" data-element_type=\"widget\" data-widget_type=\"spacer.default\">\n\t\t\t\t<div class=\"elementor-widget-container\">\n\t\t\t\t\t<div class=\"elementor-spacer\">\n\t\t\t<div class=\"elementor-spacer-inner\"><\/div>\n\t\t<\/div>\n\t\t\t\t<\/div>\n\t\t\t\t<\/div>\n\t\t\t\t\t<\/div>\n\t\t<\/div>\n\t\t\t\t\t<\/div>\n\t\t<\/section>\n\t\t\t\t<section class=\"elementor-section elementor-top-section elementor-element elementor-element-f8facff elementor-section-boxed elementor-section-height-default elementor-section-height-default sc_fly_static\" data-id=\"f8facff\" data-element_type=\"section\" data-settings=\"{&quot;background_background&quot;:&quot;classic&quot;,&quot;_ha_eqh_enable&quot;:false}\">\n\t\t\t\t\t\t<div class=\"elementor-container elementor-column-gap-extended\">\n\t\t\t\t\t<div class=\"elementor-column elementor-col-100 elementor-top-column elementor-element elementor-element-a95411e sc_content_align_inherit sc_layouts_column_icons_position_left sc_fly_static\" data-id=\"a95411e\" data-element_type=\"column\">\n\t\t\t<div class=\"elementor-widget-wrap elementor-element-populated\">\n\t\t\t\t\t\t<section class=\"elementor-section elementor-inner-section elementor-element elementor-element-490c303 elementor-section-boxed elementor-section-height-default elementor-section-height-default sc_fly_static\" data-id=\"490c303\" data-element_type=\"section\" data-settings=\"{&quot;_ha_eqh_enable&quot;:false}\">\n\t\t\t\t\t\t<div class=\"elementor-container elementor-column-gap-extended\">\n\t\t\t\t\t<div class=\"elementor-column elementor-col-100 elementor-inner-column elementor-element elementor-element-c73f364 sc_content_align_inherit sc_layouts_column_icons_position_left sc_fly_static\" data-id=\"c73f364\" data-element_type=\"column\" data-settings=\"{&quot;background_background&quot;:&quot;classic&quot;}\">\n\t\t\t<div class=\"elementor-widget-wrap elementor-element-populated\">\n\t\t\t\t\t\t<div class=\"elementor-element elementor-element-06ff931 ha-has-bg-overlay sc_fly_static elementor-widget elementor-widget-ha-pricing-table happy-addon ha-pricing-table happy-addon-pro\" data-id=\"06ff931\" data-element_type=\"widget\" data-widget_type=\"ha-pricing-table.default\">\n\t\t\t\t<div class=\"elementor-widget-container\">\n\t\t\t\n\t\t\n\t\t<div class=\"ha-pricing-table-header\">\n\t\t\t\t\t\t\t\t\t\t\t\t<div class=\"ha-pricing-table-media ha-pricing-table-media--icon\">\n\t\t\t\t\t\t<i aria-hidden=\"true\" class=\"icon icon-gift\"><\/i>\t\t\t\t\t<\/div>\n\t\t\t\t\t\t\t\t\t\t\t\t\t\t<h1 class=\"ha-pricing-table-title\">Experience unforgettable days in Heidelberg with our exclusive half-board offer.<\/h1>\t\t\t\t\t\t\t\t<\/div>\n\n\t\t\t\t<div class=\"ha-pricing-table-body\">\n\t\t\t\n\t\t\t\t\t\t\t<ul class=\"ha-pricing-table-features-list\">\n\t\t\t\t\t\t\t\t\t\t\t<li class=\"elementor-repeater-item-294384f\">\n\t\t\t\t\t\t\t\t\t\t\t\t\t\t<div class=\"ha-pricing-table-feature-text\">\n\t\t\t\t\t\t\t\tEnjoy a relaxing stay in our cozy hotel and let us spoil you with culinary delights. Our half-board offer includes everything you need for a perfect short break. Book our half-board package now and look forward to unforgettable days full of relaxation, enjoyment, and comfort. We look forward to welcoming you soon!\n <br> <br>\nOur half-board includes the following:\t\t\t\t\t\t\t\t\t\t\t\t\t\t\t<\/div>\n\t\t\t\t\t\t<\/li>\n\t\t\t\t\t\t\t\t\t\t\t<li class=\"elementor-repeater-item-c2bf870\">\n\t\t\t\t\t\t\t<i aria-hidden=\"true\" class=\"icon icon-dinner\"><\/i>\t\t\t\t\t\t\t<div class=\"ha-pricing-table-feature-text\">\n\t\t\t\t\t\t\t\t<strong>Dinner as part of half board<\/strong><br>\nLet our kitchen team spoil you with a delicious 3-course menu. We place great importance on quality and use only the best ingredients from the region. Mineral water is included in the half-board price for dinner.\t\t\t\t\t\t\t\t\t\t\t\t\t\t\t<\/div>\n\t\t\t\t\t\t<\/li>\n\t\t\t\t\t\t\t\t\t\t\t<li class=\"elementor-repeater-item-dd431f5\">\n\t\t\t\t\t\t\t<i aria-hidden=\"true\" class=\"hm hm-cup-coffee\"><\/i>\t\t\t\t\t\t\t<div class=\"ha-pricing-table-feature-text\">\n\t\t\t\t\t\t\t\t<strong>Hearty Breakfast Buffet<\/strong><br>\nStart your day with a diverse selection of fresh products that leave nothing to be desired.\n\t\t\t\t\t\t\t\t\t\t\t\t\t\t\t<\/div>\n\t\t\t\t\t\t<\/li>\n\t\t\t\t\t\t\t\t\t<\/ul>\n\t\t\t\t\t<\/div>\n\n\t\t\t\t\t<div class=\"ha-pricing-table-description\"><span style=\"color:#A71D22\">*This offer is valid only with an overnight stay at the Qube Hotel Bergheim.<\/span>\n<\/div>\n\t\t\n\t\t\t\t\t<div class=\"ha-pricing-table-price\">\n\t\t\t\t<div class=\"ha-pricing-table-price-tag\">\n\t\t\t\t\t\t\t\t\t\t<div class=\"ha-pricing-table-current-price\">\n\t\t\t\t\t\t\t\t\t\t\t\t\t<span class=\"ha-pricing-table-currency\">&#128;<\/span><span class=\"ha-pricing-table-price-text\"> 52,00 <\/span>\n\t\t\t\t\t\t\t\t\t\t\t<\/div>\n\t\t\t\t<\/div>\n\t\t\t\t\t\t\t\t\t<div class=\"ha-pricing-table-period\">per person<\/div>\n\t\t\t\t\t\t\t<\/div>\n\t\t\n\t\t\t\t\t<a class=\"ha-pricing-table-btn\" href=\"#elementor-action%3Aaction%3Dpopup%3Aopen%26settings%3DeyJpZCI6IjI3OTgwIiwidG9nZ2xlIjpmYWxzZX0%3D\">Secure offers now<\/a>\n\t\t\n\t\t\n\t\t\t\t<\/div>\n\t\t\t\t<\/div>\n\t\t\t\t\t<\/div>\n\t\t<\/div>\n\t\t\t\t\t<\/div>\n\t\t<\/section>\n\t\t\t\t\t<\/div>\n\t\t<\/div>\n\t\t\t\t\t<\/div>\n\t\t<\/section>\n\t\t\t\t<\/div>","protected":false},"excerpt":{"rendered":"<p>Halbpensionsangebot Erleben Sie unvergessliche Tage in Heidelberg mit unserem exklusiven Halbpensionsangebot. Genie\u00dfen Sie einen erholsamen Aufenthalt in unserem gem\u00fctlichen Hotel und lassen Sie sich von uns kulinarisch verw\u00f6hnen. Unser Halbpensionsangebot&hellip;<\/p>","protected":false},"author":1,"featured_media":0,"parent":0,"menu_order":0,"comment_status":"closed","ping_status":"closed","template":"","meta":{"footnotes":""},"class_list":["post-27956","page","type-page","status-publish","hentry"],"_links":{"self":[{"href":"https:\/\/qube-hotel-heidelberg.de\/en\/wp-json\/wp\/v2\/pages\/27956","targetHints":{"allow":["GET"]}}],"collection":[{"href":"https:\/\/qube-hotel-heidelberg.de\/en\/wp-json\/wp\/v2\/pages"}],"about":[{"href":"https:\/\/qube-hotel-heidelberg.de\/en\/wp-json\/wp\/v2\/types\/page"}],"author":[{"embeddable":true,"href":"https:\/\/qube-hotel-heidelberg.de\/en\/wp-json\/wp\/v2\/users\/1"}],"replies":[{"embeddable":true,"href":"https:\/\/qube-hotel-heidelberg.de\/en\/wp-json\/wp\/v2\/comments?post=27956"}],"version-history":[{"count":28,"href":"https:\/\/qube-hotel-heidelberg.de\/en\/wp-json\/wp\/v2\/pages\/27956\/revisions"}],"predecessor-version":[{"id":28490,"href":"https:\/\/qube-hotel-heidelberg.de\/en\/wp-json\/wp\/v2\/pages\/27956\/revisions\/28490"}],"wp:attachment":[{"href":"https:\/\/qube-hotel-heidelberg.de\/en\/wp-json\/wp\/v2\/media?parent=27956"}],"curies":[{"name":"wp","href":"https:\/\/api.w.org\/{rel}","templated":true}]}}