{"id":28371,"date":"2024-08-01T07:48:22","date_gmt":"2024-08-01T07:48:22","guid":{"rendered":"https:\/\/qube-hotel-heidelberg.de\/?page_id=28371"},"modified":"2025-10-14T14:32:14","modified_gmt":"2025-10-14T14:32:14","slug":"kurzentschlossenen_angebote","status":"publish","type":"page","link":"https:\/\/qube-hotel-heidelberg.de\/en\/kurzentschlossenen_angebote\/","title":{"rendered":"Kurzentschlossenen_Angebote"},"content":{"rendered":"<div data-elementor-type=\"wp-page\" data-elementor-id=\"28371\" class=\"elementor elementor-28371\" data-elementor-post-type=\"page\">\n\t\t\t\t\t\t<section class=\"elementor-section elementor-top-section elementor-element elementor-element-8d07c5f elementor-section-full_width scheme_light elementor-section-height-full elementor-section-height-default elementor-section-items-middle sc_fly_static\" data-id=\"8d07c5f\" data-element_type=\"section\" data-settings=\"{&quot;background_background&quot;:&quot;classic&quot;,&quot;background_motion_fx_motion_fx_scrolling&quot;:&quot;yes&quot;,&quot;background_motion_fx_opacity_effect&quot;:&quot;yes&quot;,&quot;background_motion_fx_opacity_direction&quot;:&quot;in-out&quot;,&quot;background_motion_fx_opacity_range&quot;:{&quot;unit&quot;:&quot;%&quot;,&quot;size&quot;:&quot;&quot;,&quot;sizes&quot;:{&quot;start&quot;:36,&quot;end&quot;:48}},&quot;background_motion_fx_scale_effect&quot;:&quot;yes&quot;,&quot;background_motion_fx_scale_speed&quot;:{&quot;unit&quot;:&quot;px&quot;,&quot;size&quot;:3,&quot;sizes&quot;:[]},&quot;background_motion_fx_scale_range&quot;:{&quot;unit&quot;:&quot;%&quot;,&quot;size&quot;:&quot;&quot;,&quot;sizes&quot;:{&quot;start&quot;:21,&quot;end&quot;:69}},&quot;background_motion_fx_opacity_level&quot;:{&quot;unit&quot;:&quot;px&quot;,&quot;size&quot;:10,&quot;sizes&quot;:[]},&quot;background_motion_fx_scale_direction&quot;:&quot;out-in&quot;,&quot;background_motion_fx_devices&quot;:[&quot;desktop&quot;,&quot;tablet&quot;,&quot;mobile&quot;],&quot;_ha_eqh_enable&quot;:false}\">\n\t\t\t\t\t\t\t<div class=\"elementor-background-overlay\"><\/div>\n\t\t\t\t\t\t\t<div class=\"elementor-container elementor-column-gap-no\">\n\t\t\t\t\t<div class=\"elementor-column elementor-col-100 elementor-top-column elementor-element elementor-element-35ac960 sc-mobile_inner_width_none sc-mobile_content_align_inherit sc-tablet_inner_width_none sc_content_align_inherit sc_layouts_column_icons_position_left sc_fly_static\" data-id=\"35ac960\" data-element_type=\"column\">\n\t\t\t<div class=\"elementor-widget-wrap elementor-element-populated\">\n\t\t\t\t\t\t<div class=\"elementor-element elementor-element-d72bfcd sc_fly_static elementor-widget elementor-widget-spacer\" data-id=\"d72bfcd\" data-element_type=\"widget\" data-widget_type=\"spacer.default\">\n\t\t\t\t<div class=\"elementor-widget-container\">\n\t\t\t\t\t<div class=\"elementor-spacer\">\n\t\t\t<div class=\"elementor-spacer-inner\"><\/div>\n\t\t<\/div>\n\t\t\t\t<\/div>\n\t\t\t\t<\/div>\n\t\t\t\t<div class=\"elementor-element elementor-element-07ccd7c ha-has-bg-overlay sc_fly_static elementor-widget elementor-widget-trx_sc_title\" data-id=\"07ccd7c\" data-element_type=\"widget\" data-widget_type=\"trx_sc_title.default\">\n\t\t\t\t<div class=\"elementor-widget-container\">\n\t\t\t<div\t\tclass=\"sc_title sc_title_default\" ><h1 class=\"sc_item_title sc_title_title sc_align_center sc_item_title_style_default sc_item_title_tag trx_addons_inline_1303886980\"\n\t\t\t><span class=\"sc_item_title_text\">Last Minute Offer<\/span><\/h1><\/div>\t\t<\/div>\n\t\t\t\t<\/div>\n\t\t\t\t<div class=\"elementor-element elementor-element-e0af146 sc_fly_static elementor-widget elementor-widget-spacer\" data-id=\"e0af146\" data-element_type=\"widget\" data-widget_type=\"spacer.default\">\n\t\t\t\t<div class=\"elementor-widget-container\">\n\t\t\t\t\t<div class=\"elementor-spacer\">\n\t\t\t<div class=\"elementor-spacer-inner\"><\/div>\n\t\t<\/div>\n\t\t\t\t<\/div>\n\t\t\t\t<\/div>\n\t\t\t\t\t<\/div>\n\t\t<\/div>\n\t\t\t\t\t<\/div>\n\t\t<\/section>\n\t\t\t\t<section class=\"elementor-section elementor-top-section elementor-element elementor-element-71e57da6 elementor-section-boxed elementor-section-height-default elementor-section-height-default sc_fly_static\" data-id=\"71e57da6\" data-element_type=\"section\" data-settings=\"{&quot;background_background&quot;:&quot;classic&quot;,&quot;_ha_eqh_enable&quot;:false}\">\n\t\t\t\t\t\t<div class=\"elementor-container elementor-column-gap-extended\">\n\t\t\t\t\t<div class=\"elementor-column elementor-col-100 elementor-top-column elementor-element elementor-element-3ff961ed sc_content_align_inherit sc_layouts_column_icons_position_left sc_fly_static\" data-id=\"3ff961ed\" data-element_type=\"column\">\n\t\t\t<div class=\"elementor-widget-wrap elementor-element-populated\">\n\t\t\t\t\t\t<section class=\"elementor-section elementor-inner-section elementor-element elementor-element-481a1b05 elementor-section-boxed elementor-section-height-default elementor-section-height-default sc_fly_static\" data-id=\"481a1b05\" data-element_type=\"section\" data-settings=\"{&quot;_ha_eqh_enable&quot;:false}\">\n\t\t\t\t\t\t<div class=\"elementor-container elementor-column-gap-extended\">\n\t\t\t\t\t<div class=\"elementor-column elementor-col-100 elementor-inner-column elementor-element elementor-element-70956448 sc_content_align_inherit sc_layouts_column_icons_position_left sc_fly_static\" data-id=\"70956448\" data-element_type=\"column\" data-settings=\"{&quot;background_background&quot;:&quot;classic&quot;}\">\n\t\t\t<div class=\"elementor-widget-wrap elementor-element-populated\">\n\t\t\t\t\t\t<div class=\"elementor-element elementor-element-688738e ha-has-bg-overlay sc_fly_static elementor-widget elementor-widget-ha-pricing-table happy-addon ha-pricing-table happy-addon-pro\" data-id=\"688738e\" data-element_type=\"widget\" data-widget_type=\"ha-pricing-table.default\">\n\t\t\t\t<div class=\"elementor-widget-container\">\n\t\t\t\n\t\t\n\t\t<div class=\"ha-pricing-table-header\">\n\t\t\t\t\t\t\t\t\t\t\t\t<div class=\"ha-pricing-table-media ha-pricing-table-media--icon\">\n\t\t\t\t\t\t<i aria-hidden=\"true\" class=\"icon icon-gift\"><\/i>\t\t\t\t\t<\/div>\n\t\t\t\t\t\t\t\t\t\t\t\t\t\t<h1 class=\"ha-pricing-table-title\">Last Minute Offer<\/h1>\t\t\t\t\t\t\t\t<\/div>\n\n\t\t\t\t<div class=\"ha-pricing-table-body\">\n\t\t\t\n\t\t\t\t\t\t\t<ul class=\"ha-pricing-table-features-list\">\n\t\t\t\t\t\t\t\t\t\t\t<li class=\"elementor-repeater-item-294384f\">\n\t\t\t\t\t\t\t\t\t\t\t\t\t\t<div class=\"ha-pricing-table-feature-text\">\n\t\t\t\t\t\t\t\tExperience a spontaneous getaway with our \"Last Minute\" package. Enjoy a stay in a comfortable double room with a balcony, a hearty breakfast for two, and a delicious three-course dinner in the evening. Additionally, receive a complimentary bottle of water in your room upon arrival and free parking directly at the hotel. Perfect for a quick but unforgettable short break.<br><br>\t\t\t\t\t\t\t\t\t\t\t\t\t\t\t<\/div>\n\t\t\t\t\t\t<\/li>\n\t\t\t\t\t\t\t\t\t\t\t<li class=\"elementor-repeater-item-264c0bc\">\n\t\t\t\t\t\t\t<i aria-hidden=\"true\" class=\"fas fa-bed\"><\/i>\t\t\t\t\t\t\t<div class=\"ha-pricing-table-feature-text\">\n\t\t\t\t\t\t\t\t1 x Overnight stay in a double room with balcony<br><br>\t\t\t\t\t\t\t\t\t\t\t\t\t\t\t<\/div>\n\t\t\t\t\t\t<\/li>\n\t\t\t\t\t\t\t\t\t\t\t<li class=\"elementor-repeater-item-4f6f034\">\n\t\t\t\t\t\t\t<i aria-hidden=\"true\" class=\"hm hm-cup-coffee\"><\/i>\t\t\t\t\t\t\t<div class=\"ha-pricing-table-feature-text\">\n\t\t\t\t\t\t\t\t1 x Breakfast for two persons<br><br>\n\t\t\t\t\t\t\t\t\t\t\t\t\t\t\t<\/div>\n\t\t\t\t\t\t<\/li>\n\t\t\t\t\t\t\t\t\t\t\t<li class=\"elementor-repeater-item-c2bf870\">\n\t\t\t\t\t\t\t<i aria-hidden=\"true\" class=\"icon icon-dinner\"><\/i>\t\t\t\t\t\t\t<div class=\"ha-pricing-table-feature-text\">\n\t\t\t\t\t\t\t\t<a href=\"https:\/\/qube-hotel-heidelberg.de\/wp-content\/uploads\/2025\/07\/Genuss_fur_zwei_Menu_Bahnstadt_1_en.pdf\">1 x Dinner in the form of a 3-course selection menu, for two people<br><br><\/a>\n\t\t\t\t\t\t\t\t\t\t\t\t\t\t\t<\/div>\n\t\t\t\t\t\t<\/li>\n\t\t\t\t\t\t\t\t\t\t\t<li class=\"elementor-repeater-item-f97ee29\">\n\t\t\t\t\t\t\t<i aria-hidden=\"true\" class=\"hm hm-water-drop\"><\/i>\t\t\t\t\t\t\t<div class=\"ha-pricing-table-feature-text\">\n\t\t\t\t\t\t\t\t1 x Bottle of water in the room on the day of arrival<br><br>\t\t\t\t\t\t\t\t\t\t\t\t\t\t\t<\/div>\n\t\t\t\t\t\t<\/li>\n\t\t\t\t\t\t\t\t\t\t\t<li class=\"elementor-repeater-item-2c39614\">\n\t\t\t\t\t\t\t<i aria-hidden=\"true\" class=\"hm hm-car\"><\/i>\t\t\t\t\t\t\t<div class=\"ha-pricing-table-feature-text\">\n\t\t\t\t\t\t\t\t1 x free parking directly at the hotel<br><br>\n\t\t\t\t\t\t\t\t\t\t\t\t\t\t\t<\/div>\n\t\t\t\t\t\t<\/li>\n\t\t\t\t\t\t\t\t\t<\/ul>\n\t\t\t\t\t<\/div>\n\n\t\t\n\t\t\t\t\t<div class=\"ha-pricing-table-price\">\n\t\t\t\t<div class=\"ha-pricing-table-price-tag\">\n\t\t\t\t\t\t\t\t\t\t<div class=\"ha-pricing-table-current-price\">\n\t\t\t\t\t\t\t\t\t\t\t\t\t<span class=\"ha-pricing-table-currency\">&#128;<\/span><span class=\"ha-pricing-table-price-text\">209<\/span>\n\t\t\t\t\t\t\t\t\t\t\t<\/div>\n\t\t\t\t<\/div>\n\t\t\t\t\t\t\t<\/div>\n\t\t\n\t\t\t\t\t<a class=\"ha-pricing-table-btn\" href=\"#elementor-action%3Aaction%3Dpopup%3Aopen%26settings%3DeyJpZCI6IjI3MTkzIiwidG9nZ2xlIjpmYWxzZX0%3D\">Secure offers now<\/a>\n\t\t\n\t\t\n\t\t\t\t<\/div>\n\t\t\t\t<\/div>\n\t\t\t\t\t<\/div>\n\t\t<\/div>\n\t\t\t\t\t<\/div>\n\t\t<\/section>\n\t\t\t\t\t<\/div>\n\t\t<\/div>\n\t\t\t\t\t<\/div>\n\t\t<\/section>\n\t\t\t\t<\/div>","protected":false},"excerpt":{"rendered":"<p>F\u00fcr alle Kurzentschlossenen F\u00fcr alle Kurzentschlossenen Erleben Sie eine spontane Auszeit mit unserem &#8222;F\u00fcr alle Kurzentschlossenen&#8220; Paket. Genie\u00dfen Sie eine \u00dcbernachtung im komfortablen Doppelzimmer mit Balkon, ein reichhaltiges Fr\u00fchst\u00fcck f\u00fcr&hellip;<\/p>","protected":false},"author":1,"featured_media":0,"parent":0,"menu_order":0,"comment_status":"closed","ping_status":"closed","template":"","meta":{"footnotes":""},"class_list":["post-28371","page","type-page","status-publish","hentry"],"_links":{"self":[{"href":"https:\/\/qube-hotel-heidelberg.de\/en\/wp-json\/wp\/v2\/pages\/28371","targetHints":{"allow":["GET"]}}],"collection":[{"href":"https:\/\/qube-hotel-heidelberg.de\/en\/wp-json\/wp\/v2\/pages"}],"about":[{"href":"https:\/\/qube-hotel-heidelberg.de\/en\/wp-json\/wp\/v2\/types\/page"}],"author":[{"embeddable":true,"href":"https:\/\/qube-hotel-heidelberg.de\/en\/wp-json\/wp\/v2\/users\/1"}],"replies":[{"embeddable":true,"href":"https:\/\/qube-hotel-heidelberg.de\/en\/wp-json\/wp\/v2\/comments?post=28371"}],"version-history":[{"count":46,"href":"https:\/\/qube-hotel-heidelberg.de\/en\/wp-json\/wp\/v2\/pages\/28371\/revisions"}],"predecessor-version":[{"id":32110,"href":"https:\/\/qube-hotel-heidelberg.de\/en\/wp-json\/wp\/v2\/pages\/28371\/revisions\/32110"}],"wp:attachment":[{"href":"https:\/\/qube-hotel-heidelberg.de\/en\/wp-json\/wp\/v2\/media?parent=28371"}],"curies":[{"name":"wp","href":"https:\/\/api.w.org\/{rel}","templated":true}]}}