{"id":28465,"date":"2024-08-01T12:19:53","date_gmt":"2024-08-01T12:19:53","guid":{"rendered":"https:\/\/qube-hotel-heidelberg.de\/?page_id=28465"},"modified":"2025-01-03T11:38:54","modified_gmt":"2025-01-03T11:38:54","slug":"angebote_bahnstadt-2","status":"publish","type":"page","link":"https:\/\/qube-hotel-heidelberg.de\/en\/angebote_bahnstadt-2\/","title":{"rendered":"Angebote_bahnstadt"},"content":{"rendered":"<div data-elementor-type=\"wp-page\" data-elementor-id=\"28465\" class=\"elementor elementor-28465\" data-elementor-post-type=\"page\">\n\t\t\t\t\t\t<section class=\"elementor-section elementor-top-section elementor-element elementor-element-6e02888 elementor-section-full_width scheme_default elementor-section-content-middle elementor-section-height-default elementor-section-height-default sc_fly_static\" data-id=\"6e02888\" data-element_type=\"section\" data-settings=\"{&quot;background_background&quot;:&quot;classic&quot;,&quot;_ha_eqh_enable&quot;:false}\">\n\t\t\t\t\t\t<div class=\"elementor-container elementor-column-gap-default\">\n\t\t\t\t\t<div class=\"elementor-column elementor-col-100 elementor-top-column elementor-element elementor-element-91da540 sc_content_align_inherit sc_layouts_column_icons_position_left sc_fly_static\" data-id=\"91da540\" data-element_type=\"column\">\n\t\t\t<div class=\"elementor-widget-wrap elementor-element-populated\">\n\t\t\t\t\t\t<section class=\"elementor-section elementor-inner-section elementor-element elementor-element-2b3437b elementor-section-full_width elementor-section-height-default elementor-section-height-default sc_fly_static\" data-id=\"2b3437b\" data-element_type=\"section\" data-settings=\"{&quot;_ha_eqh_enable&quot;:false}\">\n\t\t\t\t\t\t<div class=\"elementor-container elementor-column-gap-no\">\n\t\t\t\t\t<div class=\"elementor-column elementor-col-50 elementor-inner-column elementor-element elementor-element-0971a44 sc_content_align_inherit sc_layouts_column_icons_position_left sc_fly_static\" data-id=\"0971a44\" data-element_type=\"column\">\n\t\t\t<div class=\"elementor-widget-wrap elementor-element-populated\">\n\t\t\t\t\t\t<div class=\"elementor-element elementor-element-16c3ad7 ha-card--top ha-card--tablet-top ha-card--mobile-top ha-has-bg-overlay sc_fly_static elementor-widget elementor-widget-ha-card happy-addon ha-card\" data-id=\"16c3ad7\" data-element_type=\"widget\" data-widget_type=\"ha-card.default\">\n\t\t\t\t<div class=\"elementor-widget-container\">\n\t\t\t\n\t\t\t\t\t<figure class=\"ha-card-figure\">\n\t\t\t\t<img fetchpriority=\"high\" decoding=\"async\" width=\"1280\" height=\"720\" src=\"https:\/\/qube-hotel-heidelberg.de\/wp-content\/uploads\/2022\/07\/heidelberg-4890134_1280.jpg\" class=\"attachment-full size-full wp-image-28335\" alt=\"\" srcset=\"https:\/\/qube-hotel-heidelberg.de\/wp-content\/uploads\/2022\/07\/heidelberg-4890134_1280.jpg 1280w, https:\/\/qube-hotel-heidelberg.de\/wp-content\/uploads\/2022\/07\/heidelberg-4890134_1280-300x169.jpg 300w, https:\/\/qube-hotel-heidelberg.de\/wp-content\/uploads\/2022\/07\/heidelberg-4890134_1280-1024x576.jpg 1024w, https:\/\/qube-hotel-heidelberg.de\/wp-content\/uploads\/2022\/07\/heidelberg-4890134_1280-768x432.jpg 768w, https:\/\/qube-hotel-heidelberg.de\/wp-content\/uploads\/2022\/07\/heidelberg-4890134_1280-18x10.jpg 18w, https:\/\/qube-hotel-heidelberg.de\/wp-content\/uploads\/2022\/07\/heidelberg-4890134_1280-370x208.jpg 370w, https:\/\/qube-hotel-heidelberg.de\/wp-content\/uploads\/2022\/07\/heidelberg-4890134_1280-840x473.jpg 840w, https:\/\/qube-hotel-heidelberg.de\/wp-content\/uploads\/2022\/07\/heidelberg-4890134_1280-410x231.jpg 410w, https:\/\/qube-hotel-heidelberg.de\/wp-content\/uploads\/2022\/07\/heidelberg-4890134_1280-270x152.jpg 270w\" sizes=\"(max-width: 1280px) 100vw, 1280px\" \/>\t\t\t\t\t\t\t<\/figure>\n\t\t\n\t\t<div class=\"ha-card-body\">\n\n\t\t\t<h2 class=\"ha-card-title\">Last Minute Offer<br><span style=\"color:transparent\">.<\/h2>\n\t\t\t\t\t\t\t<div class=\"ha-card-text\">\n\t\t\t\t\t<p> Enjoy an overnight stay in a comfortable double room with balcony, a rich breakfast for two...<\/p>\n\t\t\t\t<\/div>\n\t\t\t\n\t\t\t<a class=\"ha-btn\" href=\"https:\/\/qube-hotel-heidelberg.de\/en\/kurzentschlossenen_angebote\/\"><span class=\"ha-btn-text\">More info<\/span><\/a>\t\t<\/div>\n\t\t\t\t<\/div>\n\t\t\t\t<\/div>\n\t\t\t\t\t<\/div>\n\t\t<\/div>\n\t\t\t\t<div class=\"elementor-column elementor-col-50 elementor-inner-column elementor-element elementor-element-31b3dc8 sc_content_align_inherit sc_layouts_column_icons_position_left sc_fly_static\" data-id=\"31b3dc8\" data-element_type=\"column\">\n\t\t\t<div class=\"elementor-widget-wrap elementor-element-populated\">\n\t\t\t\t\t\t<div class=\"elementor-element elementor-element-b27e4fb ha-card--top ha-card--tablet-top ha-card--mobile-top ha-has-bg-overlay sc_fly_static elementor-widget elementor-widget-ha-card happy-addon ha-card\" data-id=\"b27e4fb\" data-element_type=\"widget\" data-widget_type=\"ha-card.default\">\n\t\t\t\t<div class=\"elementor-widget-container\">\n\t\t\t\n\t\t\t\t\t<figure class=\"ha-card-figure\">\n\t\t\t\t<img decoding=\"async\" width=\"1024\" height=\"683\" src=\"https:\/\/qube-hotel-heidelberg.de\/wp-content\/uploads\/2024\/08\/heidelberg-2726938_1920-1024x683.jpg\" class=\"attachment-large size-large wp-image-28386\" alt=\"\" srcset=\"https:\/\/qube-hotel-heidelberg.de\/wp-content\/uploads\/2024\/08\/heidelberg-2726938_1920-1024x683.jpg 1024w, https:\/\/qube-hotel-heidelberg.de\/wp-content\/uploads\/2024\/08\/heidelberg-2726938_1920-300x200.jpg 300w, https:\/\/qube-hotel-heidelberg.de\/wp-content\/uploads\/2024\/08\/heidelberg-2726938_1920-768x512.jpg 768w, https:\/\/qube-hotel-heidelberg.de\/wp-content\/uploads\/2024\/08\/heidelberg-2726938_1920-1536x1024.jpg 1536w, https:\/\/qube-hotel-heidelberg.de\/wp-content\/uploads\/2024\/08\/heidelberg-2726938_1920-18x12.jpg 18w, https:\/\/qube-hotel-heidelberg.de\/wp-content\/uploads\/2024\/08\/heidelberg-2726938_1920-370x247.jpg 370w, https:\/\/qube-hotel-heidelberg.de\/wp-content\/uploads\/2024\/08\/heidelberg-2726938_1920-840x560.jpg 840w, https:\/\/qube-hotel-heidelberg.de\/wp-content\/uploads\/2024\/08\/heidelberg-2726938_1920-410x273.jpg 410w, https:\/\/qube-hotel-heidelberg.de\/wp-content\/uploads\/2024\/08\/heidelberg-2726938_1920.jpg 1920w\" sizes=\"(max-width: 1024px) 100vw, 1024px\" \/>\t\t\t\t\t\t\t<\/figure>\n\t\t\n\t\t<div class=\"ha-card-body\">\n\n\t\t\t<h2 class=\"ha-card-title\">Why travel far when the good is so close?<br><span style=\"color:black;font-size:14px\">Johann Wolfgang Goethe<\/span><\/h2>\n\t\t\t\t\t\t\t<div class=\"ha-card-text\">\n\t\t\t\t\t<p>Explore the romantic Heidelberg and the idyllic Neckar region \u2013 take advantage of our great offer!<\/p>\n\t\t\t\t<\/div>\n\t\t\t\n\t\t\t<a class=\"ha-btn\" href=\"https:\/\/qube-hotel-heidelberg.de\/en\/angebote_bahnstadt\/\"><span class=\"ha-btn-text\">To our offer<\/span><\/a>\t\t<\/div>\n\t\t\t\t<\/div>\n\t\t\t\t<\/div>\n\t\t\t\t\t<\/div>\n\t\t<\/div>\n\t\t\t\t\t<\/div>\n\t\t<\/section>\n\t\t\t\t<section class=\"elementor-section elementor-inner-section elementor-element elementor-element-93b9930 elementor-section-full_width elementor-section-height-default elementor-section-height-default sc_fly_static\" data-id=\"93b9930\" data-element_type=\"section\" data-settings=\"{&quot;_ha_eqh_enable&quot;:false}\">\n\t\t\t\t\t\t<div class=\"elementor-container elementor-column-gap-no\">\n\t\t\t\t\t<div class=\"elementor-column elementor-col-50 elementor-inner-column elementor-element elementor-element-e660361 sc_content_align_inherit sc_layouts_column_icons_position_left sc_fly_static\" data-id=\"e660361\" data-element_type=\"column\">\n\t\t\t<div class=\"elementor-widget-wrap elementor-element-populated\">\n\t\t\t\t\t\t<div class=\"elementor-element elementor-element-03ccb83 ha-card--top ha-card--tablet-top ha-card--mobile-top ha-has-bg-overlay sc_fly_static elementor-widget elementor-widget-ha-card happy-addon ha-card\" data-id=\"03ccb83\" data-element_type=\"widget\" data-widget_type=\"ha-card.default\">\n\t\t\t\t<div class=\"elementor-widget-container\">\n\t\t\t\n\t\t\t\t\t<figure class=\"ha-card-figure\">\n\t\t\t\t<img decoding=\"async\" width=\"1440\" height=\"2560\" src=\"https:\/\/qube-hotel-heidelberg.de\/wp-content\/uploads\/2024\/07\/7ff00869-c191-45b4-9922-22119c0f109f-scaled.jpg\" class=\"attachment-full size-full wp-image-28017\" alt=\"\" srcset=\"https:\/\/qube-hotel-heidelberg.de\/wp-content\/uploads\/2024\/07\/7ff00869-c191-45b4-9922-22119c0f109f-scaled.jpg 1440w, https:\/\/qube-hotel-heidelberg.de\/wp-content\/uploads\/2024\/07\/7ff00869-c191-45b4-9922-22119c0f109f-169x300.jpg 169w, https:\/\/qube-hotel-heidelberg.de\/wp-content\/uploads\/2024\/07\/7ff00869-c191-45b4-9922-22119c0f109f-576x1024.jpg 576w, https:\/\/qube-hotel-heidelberg.de\/wp-content\/uploads\/2024\/07\/7ff00869-c191-45b4-9922-22119c0f109f-768x1365.jpg 768w, https:\/\/qube-hotel-heidelberg.de\/wp-content\/uploads\/2024\/07\/7ff00869-c191-45b4-9922-22119c0f109f-864x1536.jpg 864w, https:\/\/qube-hotel-heidelberg.de\/wp-content\/uploads\/2024\/07\/7ff00869-c191-45b4-9922-22119c0f109f-1152x2048.jpg 1152w, https:\/\/qube-hotel-heidelberg.de\/wp-content\/uploads\/2024\/07\/7ff00869-c191-45b4-9922-22119c0f109f-7x12.jpg 7w, https:\/\/qube-hotel-heidelberg.de\/wp-content\/uploads\/2024\/07\/7ff00869-c191-45b4-9922-22119c0f109f-370x658.jpg 370w, https:\/\/qube-hotel-heidelberg.de\/wp-content\/uploads\/2024\/07\/7ff00869-c191-45b4-9922-22119c0f109f-840x1493.jpg 840w, https:\/\/qube-hotel-heidelberg.de\/wp-content\/uploads\/2024\/07\/7ff00869-c191-45b4-9922-22119c0f109f-410x729.jpg 410w\" sizes=\"(max-width: 1440px) 100vw, 1440px\" \/>\t\t\t\t\t\t\t<\/figure>\n\t\t\n\t\t<div class=\"ha-card-body\">\n\n\t\t\t<h2 class=\"ha-card-title\">Enjoy the end of work: Cheers to a well-deserved end to the working day!<\/h2>\n\t\t\t\t\t\t\t<div class=\"ha-card-text\">\n\t\t\t\t\t<p>The working day is over and it's finally time to enjoy the evening with friends or colleagues! Meet up to talk about the week...<\/p>\n\t\t\t\t<\/div>\n\t\t\t\n\t\t\t<a class=\"ha-btn\" href=\"https:\/\/qube-hotel-heidelberg.de\/en\/feierabend_bahnstadt\/\"><span class=\"ha-btn-text\">To our offer<\/span><\/a>\t\t<\/div>\n\t\t\t\t<\/div>\n\t\t\t\t<\/div>\n\t\t\t\t\t<\/div>\n\t\t<\/div>\n\t\t\t\t<div class=\"elementor-column elementor-col-50 elementor-inner-column elementor-element elementor-element-daf47d4 sc_content_align_inherit sc_layouts_column_icons_position_left sc_fly_static\" data-id=\"daf47d4\" data-element_type=\"column\">\n\t\t\t<div class=\"elementor-widget-wrap elementor-element-populated\">\n\t\t\t\t\t\t<div class=\"elementor-element elementor-element-6b29452 ha-card--top ha-card--tablet-top ha-card--mobile-top ha-has-bg-overlay sc_fly_static elementor-widget elementor-widget-ha-card happy-addon ha-card\" data-id=\"6b29452\" data-element_type=\"widget\" data-widget_type=\"ha-card.default\">\n\t\t\t\t<div class=\"elementor-widget-container\">\n\t\t\t\n\t\t\t\t\t<figure class=\"ha-card-figure\">\n\t\t\t\t<img loading=\"lazy\" decoding=\"async\" width=\"2560\" height=\"1707\" src=\"https:\/\/qube-hotel-heidelberg.de\/wp-content\/uploads\/2024\/06\/Heidelberg_hund-scaled.jpg\" class=\"attachment-full size-full wp-image-27754\" alt=\"\" srcset=\"https:\/\/qube-hotel-heidelberg.de\/wp-content\/uploads\/2024\/06\/Heidelberg_hund-scaled.jpg 2560w, https:\/\/qube-hotel-heidelberg.de\/wp-content\/uploads\/2024\/06\/Heidelberg_hund-300x200.jpg 300w, https:\/\/qube-hotel-heidelberg.de\/wp-content\/uploads\/2024\/06\/Heidelberg_hund-1024x683.jpg 1024w, https:\/\/qube-hotel-heidelberg.de\/wp-content\/uploads\/2024\/06\/Heidelberg_hund-768x512.jpg 768w, https:\/\/qube-hotel-heidelberg.de\/wp-content\/uploads\/2024\/06\/Heidelberg_hund-1536x1024.jpg 1536w, https:\/\/qube-hotel-heidelberg.de\/wp-content\/uploads\/2024\/06\/Heidelberg_hund-2048x1365.jpg 2048w, https:\/\/qube-hotel-heidelberg.de\/wp-content\/uploads\/2024\/06\/Heidelberg_hund-18x12.jpg 18w, https:\/\/qube-hotel-heidelberg.de\/wp-content\/uploads\/2024\/06\/Heidelberg_hund-370x247.jpg 370w, https:\/\/qube-hotel-heidelberg.de\/wp-content\/uploads\/2024\/06\/Heidelberg_hund-840x560.jpg 840w, https:\/\/qube-hotel-heidelberg.de\/wp-content\/uploads\/2024\/06\/Heidelberg_hund-410x273.jpg 410w\" sizes=\"(max-width: 2560px) 100vw, 2560px\" \/>\t\t\t\t\t\t\t<\/figure>\n\t\t\n\t\t<div class=\"ha-card-body\">\n\n\t\t\t<h2 class=\"ha-card-title\">Explore Heidelberg with your dog: Discover the city together!<\/h2>\n\t\t\t\t\t\t\t<div class=\"ha-card-text\">\n\t\t\t\t\t<p>Heidelberg warmly welcomes you and your loyal four-legged friend! The romantic city on the Neckar offers numerous opportunities to explore together with your dog. Whether historical ...\n <\/p>\n\t\t\t\t<\/div>\n\t\t\t\n\t\t\t<a class=\"ha-btn\" href=\"https:\/\/qube-hotel-heidelberg.de\/en\/vierbeiner-package-bahnstadt\/\"><span class=\"ha-btn-text\">More info<\/span><\/a>\t\t<\/div>\n\t\t\t\t<\/div>\n\t\t\t\t<\/div>\n\t\t\t\t\t<\/div>\n\t\t<\/div>\n\t\t\t\t\t<\/div>\n\t\t<\/section>\n\t\t\t\t<section class=\"elementor-section elementor-inner-section elementor-element elementor-element-21c0038 elementor-section-full_width elementor-section-height-default elementor-section-height-default sc_fly_static\" data-id=\"21c0038\" data-element_type=\"section\" data-settings=\"{&quot;_ha_eqh_enable&quot;:false}\">\n\t\t\t\t\t\t<div class=\"elementor-container elementor-column-gap-no\">\n\t\t\t\t\t<div class=\"elementor-column elementor-col-100 elementor-inner-column elementor-element elementor-element-6fa6704 sc_content_align_inherit sc_layouts_column_icons_position_left sc_fly_static\" data-id=\"6fa6704\" data-element_type=\"column\" data-settings=\"{&quot;background_background&quot;:&quot;classic&quot;}\">\n\t\t\t<div class=\"elementor-widget-wrap elementor-element-populated\">\n\t\t\t\t\t\t<div class=\"elementor-element elementor-element-439af26 sc_fly_static elementor-widget elementor-widget-heading\" data-id=\"439af26\" data-element_type=\"widget\" data-widget_type=\"heading.default\">\n\t\t\t\t<div class=\"elementor-widget-container\">\n\t\t\t<h2 class=\"elementor-heading-title elementor-size-default\">Customer feedback &amp; suggestions<\/h2>\t\t<\/div>\n\t\t\t\t<\/div>\n\t\t\t\t<div class=\"elementor-element elementor-element-84cd5a9 sc_fly_static elementor-widget elementor-widget-text-editor\" data-id=\"84cd5a9\" data-element_type=\"widget\" data-widget_type=\"text-editor.default\">\n\t\t\t\t<div class=\"elementor-widget-container\">\n\t\t\t\t\t\t\t<p>Do you have any ideas or suggestions on how we can improve our offering? We look forward to your feedback!<\/p>\t\t\t\t\t\t<\/div>\n\t\t\t\t<\/div>\n\t\t\t\t<div class=\"elementor-element elementor-element-e5e0528 sc_fly_static elementor-widget elementor-widget-button\" data-id=\"e5e0528\" data-element_type=\"widget\" data-widget_type=\"button.default\">\n\t\t\t\t<div class=\"elementor-widget-container\">\n\t\t\t\t\t\t\t<div class=\"elementor-button-wrapper\">\n\t\t\t\t\t<a class=\"elementor-button elementor-button-link elementor-size-sm\" href=\"mailto:bahnstadt@qube-heidelberg.de?subject=Kundenfeedback%20%26%20Vorschl%C3%A4ge\">\n\t\t\t\t\t\t<span class=\"elementor-button-content-wrapper\">\n\t\t\t\t\t\t\t\t\t<span class=\"elementor-button-text\">Submit a proposal<\/span>\n\t\t\t\t\t<\/span>\n\t\t\t\t\t<\/a>\n\t\t\t\t<\/div>\n\t\t\t\t\t\t<\/div>\n\t\t\t\t<\/div>\n\t\t\t\t\t<\/div>\n\t\t<\/div>\n\t\t\t\t\t<\/div>\n\t\t<\/section>\n\t\t\t\t\t<\/div>\n\t\t<\/div>\n\t\t\t\t\t<\/div>\n\t\t<\/section>\n\t\t\t\t<\/div>","protected":false},"excerpt":{"rendered":"<p>F\u00fcr alle Kurzentschlossenen. Genie\u00dfen Sie eine \u00dcbernachtung im komfortablen Doppelzimmer mit Balkon, ein reichhaltiges Fr\u00fchst\u00fcck f\u00fcr zwei &#8230; Mehr dazu Warum in die Ferne schweifen, wenn das Gute liegt so&hellip;<\/p>","protected":false},"author":1,"featured_media":0,"parent":0,"menu_order":0,"comment_status":"closed","ping_status":"closed","template":"","meta":{"footnotes":""},"class_list":["post-28465","page","type-page","status-publish","hentry"],"_links":{"self":[{"href":"https:\/\/qube-hotel-heidelberg.de\/en\/wp-json\/wp\/v2\/pages\/28465","targetHints":{"allow":["GET"]}}],"collection":[{"href":"https:\/\/qube-hotel-heidelberg.de\/en\/wp-json\/wp\/v2\/pages"}],"about":[{"href":"https:\/\/qube-hotel-heidelberg.de\/en\/wp-json\/wp\/v2\/types\/page"}],"author":[{"embeddable":true,"href":"https:\/\/qube-hotel-heidelberg.de\/en\/wp-json\/wp\/v2\/users\/1"}],"replies":[{"embeddable":true,"href":"https:\/\/qube-hotel-heidelberg.de\/en\/wp-json\/wp\/v2\/comments?post=28465"}],"version-history":[{"count":13,"href":"https:\/\/qube-hotel-heidelberg.de\/en\/wp-json\/wp\/v2\/pages\/28465\/revisions"}],"predecessor-version":[{"id":29788,"href":"https:\/\/qube-hotel-heidelberg.de\/en\/wp-json\/wp\/v2\/pages\/28465\/revisions\/29788"}],"wp:attachment":[{"href":"https:\/\/qube-hotel-heidelberg.de\/en\/wp-json\/wp\/v2\/media?parent=28465"}],"curies":[{"name":"wp","href":"https:\/\/api.w.org\/{rel}","templated":true}]}}