{"id":28635,"date":"2024-08-21T15:57:48","date_gmt":"2024-08-21T15:57:48","guid":{"rendered":"https:\/\/qube-hotel-heidelberg.de\/?page_id=28635"},"modified":"2024-10-02T06:25:51","modified_gmt":"2024-10-02T06:25:51","slug":"heidelberger-weihnachtsmarktes-bahnstadt","status":"publish","type":"page","link":"https:\/\/qube-hotel-heidelberg.de\/en\/heidelberger-weihnachtsmarktes-bahnstadt\/","title":{"rendered":"Heidelberger Weihnachtsmarktes Bahnstadt"},"content":{"rendered":"<div data-elementor-type=\"wp-page\" data-elementor-id=\"28635\" class=\"elementor elementor-28635\" data-elementor-post-type=\"page\">\n\t\t\t\t\t\t<section class=\"elementor-section elementor-top-section elementor-element elementor-element-8d07c5f elementor-section-full_width scheme_light elementor-section-height-full elementor-section-height-default elementor-section-items-middle sc_fly_static\" data-id=\"8d07c5f\" data-element_type=\"section\" data-settings=\"{&quot;background_background&quot;:&quot;classic&quot;,&quot;background_motion_fx_motion_fx_scrolling&quot;:&quot;yes&quot;,&quot;background_motion_fx_opacity_effect&quot;:&quot;yes&quot;,&quot;background_motion_fx_opacity_direction&quot;:&quot;in-out&quot;,&quot;background_motion_fx_opacity_range&quot;:{&quot;unit&quot;:&quot;%&quot;,&quot;size&quot;:&quot;&quot;,&quot;sizes&quot;:{&quot;start&quot;:36,&quot;end&quot;:48}},&quot;background_motion_fx_scale_effect&quot;:&quot;yes&quot;,&quot;background_motion_fx_scale_speed&quot;:{&quot;unit&quot;:&quot;px&quot;,&quot;size&quot;:3,&quot;sizes&quot;:[]},&quot;background_motion_fx_scale_range&quot;:{&quot;unit&quot;:&quot;%&quot;,&quot;size&quot;:&quot;&quot;,&quot;sizes&quot;:{&quot;start&quot;:21,&quot;end&quot;:69}},&quot;background_motion_fx_opacity_level&quot;:{&quot;unit&quot;:&quot;px&quot;,&quot;size&quot;:10,&quot;sizes&quot;:[]},&quot;background_motion_fx_scale_direction&quot;:&quot;out-in&quot;,&quot;background_motion_fx_devices&quot;:[&quot;desktop&quot;,&quot;tablet&quot;,&quot;mobile&quot;],&quot;_ha_eqh_enable&quot;:false}\">\n\t\t\t\t\t\t\t<div class=\"elementor-background-overlay\"><\/div>\n\t\t\t\t\t\t\t<div class=\"elementor-container elementor-column-gap-default\">\n\t\t\t\t\t<div class=\"elementor-column elementor-col-100 elementor-top-column elementor-element elementor-element-35ac960 sc-mobile_inner_width_none sc-mobile_content_align_inherit sc-tablet_inner_width_none sc_content_align_inherit sc_layouts_column_icons_position_left sc_fly_static\" data-id=\"35ac960\" data-element_type=\"column\">\n\t\t\t<div class=\"elementor-widget-wrap elementor-element-populated\">\n\t\t\t\t\t\t<div class=\"elementor-element elementor-element-d72bfcd sc_fly_static elementor-widget elementor-widget-spacer\" data-id=\"d72bfcd\" data-element_type=\"widget\" data-widget_type=\"spacer.default\">\n\t\t\t\t<div class=\"elementor-widget-container\">\n\t\t\t\t\t<div class=\"elementor-spacer\">\n\t\t\t<div class=\"elementor-spacer-inner\"><\/div>\n\t\t<\/div>\n\t\t\t\t<\/div>\n\t\t\t\t<\/div>\n\t\t\t\t<div class=\"elementor-element elementor-element-07ccd7c ha-has-bg-overlay sc_fly_static elementor-widget elementor-widget-trx_sc_title\" data-id=\"07ccd7c\" data-element_type=\"widget\" data-widget_type=\"trx_sc_title.default\">\n\t\t\t\t<div class=\"elementor-widget-container\">\n\t\t\t<div\t\tclass=\"sc_title sc_title_default\" ><h1 class=\"sc_item_title sc_title_title sc_align_center sc_item_title_style_default sc_item_title_tag trx_addons_inline_395568421\"\n\t\t\t><span class=\"sc_item_title_text\">Heidelberg Christmas Market<\/span><\/h1><\/div>\t\t<\/div>\n\t\t\t\t<\/div>\n\t\t\t\t<div class=\"elementor-element elementor-element-e0af146 sc_fly_static elementor-widget elementor-widget-spacer\" data-id=\"e0af146\" data-element_type=\"widget\" data-widget_type=\"spacer.default\">\n\t\t\t\t<div class=\"elementor-widget-container\">\n\t\t\t\t\t<div class=\"elementor-spacer\">\n\t\t\t<div class=\"elementor-spacer-inner\"><\/div>\n\t\t<\/div>\n\t\t\t\t<\/div>\n\t\t\t\t<\/div>\n\t\t\t\t\t<\/div>\n\t\t<\/div>\n\t\t\t\t\t<\/div>\n\t\t<\/section>\n\t\t\t\t<section class=\"elementor-section elementor-top-section elementor-element elementor-element-71e57da6 elementor-section-boxed elementor-section-height-default elementor-section-height-default sc_fly_static\" data-id=\"71e57da6\" data-element_type=\"section\" data-settings=\"{&quot;background_background&quot;:&quot;classic&quot;,&quot;_ha_eqh_enable&quot;:false}\">\n\t\t\t\t\t\t<div class=\"elementor-container elementor-column-gap-extended\">\n\t\t\t\t\t<div class=\"elementor-column elementor-col-100 elementor-top-column elementor-element elementor-element-3ff961ed sc_content_align_inherit sc_layouts_column_icons_position_left sc_fly_static\" data-id=\"3ff961ed\" data-element_type=\"column\">\n\t\t\t<div class=\"elementor-widget-wrap elementor-element-populated\">\n\t\t\t\t\t\t<section class=\"elementor-section elementor-inner-section elementor-element elementor-element-801d5b7 elementor-section-boxed elementor-section-height-default elementor-section-height-default sc_fly_static\" data-id=\"801d5b7\" data-element_type=\"section\" data-settings=\"{&quot;_ha_eqh_enable&quot;:false}\">\n\t\t\t\t\t\t<div class=\"elementor-container elementor-column-gap-extended\">\n\t\t\t\t\t<div class=\"elementor-column elementor-col-100 elementor-inner-column elementor-element elementor-element-491d389 sc_content_align_inherit sc_layouts_column_icons_position_left sc_fly_static\" data-id=\"491d389\" data-element_type=\"column\" data-settings=\"{&quot;background_background&quot;:&quot;classic&quot;}\">\n\t\t\t<div class=\"elementor-widget-wrap elementor-element-populated\">\n\t\t\t\t\t\t<div class=\"elementor-element elementor-element-8d538ee sc_fly_static elementor-widget elementor-widget-heading\" data-id=\"8d538ee\" data-element_type=\"widget\" data-widget_type=\"heading.default\">\n\t\t\t\t<div class=\"elementor-widget-container\">\n\t\t\t<h5 class=\"elementor-heading-title elementor-size-default\">Magischer Weihnachtsmarkt &amp; Luxuri\u00f6ser Aufenthalt in Heidelberg<\/h5>\t\t<\/div>\n\t\t\t\t<\/div>\n\t\t\t\t<div class=\"elementor-element elementor-element-fe63794 sc_fly_static elementor-widget elementor-widget-text-editor\" data-id=\"fe63794\" data-element_type=\"widget\" data-widget_type=\"text-editor.default\">\n\t\t\t\t<div class=\"elementor-widget-container\">\n\t\t\t\t\t\t\t<p>Der Heidelberger Weihnachtsmarkt ist ein wirkliches Highlight in der Vorweihnachtszeit und zieht j\u00e4hrlich zahlreiche Besucher an. Die historische Altstadt bietet eine zauberhafte Kulisse f\u00fcr das bunte Treiben und die festliche Stimmung. Auf insgesamt sechs Pl\u00e4tzen k\u00f6nnen die Besucher weihnachtliches Ambiente genie\u00dfen und in den Duft von winterlichen Leckereien eintauchen. \u00dcber 140 gem\u00fctliche Holzbuden laden zum Bummeln ein und bieten eine vielf\u00e4ltige Auswahl an Geschenken, kulinarischen K\u00f6stlichkeiten und Handwerkskunst. Die weltber\u00fchmte Schlossruine, die \u00fcber Heidelberg thront, sorgt dabei f\u00fcr eine unvergleichliche Atmosph\u00e4re.<\/p>\t\t\t\t\t\t<\/div>\n\t\t\t\t<\/div>\n\t\t\t\t\t<\/div>\n\t\t<\/div>\n\t\t\t\t\t<\/div>\n\t\t<\/section>\n\t\t\t\t<section class=\"elementor-section elementor-inner-section elementor-element elementor-element-c2bcaa9 elementor-section-boxed elementor-section-height-default elementor-section-height-default sc_fly_static\" data-id=\"c2bcaa9\" data-element_type=\"section\" data-settings=\"{&quot;_ha_eqh_enable&quot;:false}\">\n\t\t\t\t\t\t<div class=\"elementor-container elementor-column-gap-extended\">\n\t\t\t\t\t<div class=\"elementor-column elementor-col-50 elementor-inner-column elementor-element elementor-element-3251004 sc_content_align_inherit sc_layouts_column_icons_position_left sc_fly_static\" data-id=\"3251004\" data-element_type=\"column\" data-settings=\"{&quot;background_background&quot;:&quot;classic&quot;}\">\n\t\t\t<div class=\"elementor-widget-wrap elementor-element-populated\">\n\t\t\t\t\t\t<div class=\"elementor-element elementor-element-7769f0b ha-has-bg-overlay sc_fly_static elementor-widget elementor-widget-ha-pricing-table happy-addon ha-pricing-table happy-addon-pro\" data-id=\"7769f0b\" data-element_type=\"widget\" data-widget_type=\"ha-pricing-table.default\">\n\t\t\t\t<div class=\"elementor-widget-container\">\n\t\t\t\n\t\t\n\t\t<div class=\"ha-pricing-table-header\">\n\t\t\t\t\t\t\t\t\t\t\t\t<div class=\"ha-pricing-table-media ha-pricing-table-media--icon\">\n\t\t\t\t\t\t<i aria-hidden=\"true\" class=\"fas fa-tree\"><\/i>\t\t\t\t\t<\/div>\n\t\t\t\t\t\t\t\t\t\t\t\t\t\t<h1 class=\"ha-pricing-table-title\">Our Offer<\/h1>\t\t\t\t\t\t\t\t<\/div>\n\n\t\t\t\t<div class=\"ha-pricing-table-body\">\n\t\t\t\n\t\t\t\t\t\t\t<ul class=\"ha-pricing-table-features-list\">\n\t\t\t\t\t\t\t\t\t\t\t<li class=\"elementor-repeater-item-294384f\">\n\t\t\t\t\t\t\t\t\t\t\t\t\t\t<div class=\"ha-pricing-table-feature-text\">\n\t\t\t\t\t\t\t\t\t\t\t\t\t\t\t\t\t\t\t\t\t\t\t<\/div>\n\t\t\t\t\t\t<\/li>\n\t\t\t\t\t\t\t\t\t\t\t<li class=\"elementor-repeater-item-c2bf870\">\n\t\t\t\t\t\t\t<i aria-hidden=\"true\" class=\"fas fa-bed\"><\/i>\t\t\t\t\t\t\t<div class=\"ha-pricing-table-feature-text\">\n\t\t\t\t\t\t\t\t2 x overnight stays in a comfortable double room\t\t\t\t\t\t\t\t\t\t\t\t\t\t\t\t<\/div>\n\t\t\t\t\t\t<\/li>\n\t\t\t\t\t\t\t\t\t\t\t<li class=\"elementor-repeater-item-dd431f5\">\n\t\t\t\t\t\t\t<i aria-hidden=\"true\" class=\"hm hm-cup-coffee\"><\/i>\t\t\t\t\t\t\t<div class=\"ha-pricing-table-feature-text\">\n\t\t\t\t\t\t\t\t2 x Breakfast for two people\t\t\t\t\t\t\t\t\t\t\t\t\t\t\t\t<\/div>\n\t\t\t\t\t\t<\/li>\n\t\t\t\t\t\t\t\t\t\t\t<li class=\"elementor-repeater-item-885197a\">\n\t\t\t\t\t\t\t<i aria-hidden=\"true\" class=\"hm hm-chef-cap\"><\/i>\t\t\t\t\t\t\t<div class=\"ha-pricing-table-feature-text\">\n\t\t\t\t\t\t\t\t <a href=\"https:\/\/qube-hotel-heidelberg.de\/wp-content\/uploads\/2024\/10\/Christmas_Menu_Bahnstadt.pdf\">1 x Festive 3-course Christmas menu for two people<\/a>\n\n\t\t\t\t\t\t\t\t\t\t\t\t\t\t\t<\/div>\n\t\t\t\t\t\t<\/li>\n\t\t\t\t\t\t\t\t\t\t\t<li class=\"elementor-repeater-item-56f8114\">\n\t\t\t\t\t\t\t<i aria-hidden=\"true\" class=\"icon icon-drink-glass\"><\/i>\t\t\t\t\t\t\t<div class=\"ha-pricing-table-feature-text\">\n\t\t\t\t\t\t\t\t2 x Homemade organic mulled wine (red or white) upon arrival\t\t\t\t\t\t\t\t\t\t\t\t\t\t\t<\/div>\n\t\t\t\t\t\t<\/li>\n\t\t\t\t\t\t\t\t\t\t\t<li class=\"elementor-repeater-item-24788d1\">\n\t\t\t\t\t\t\t<i aria-hidden=\"true\" class=\"hm hm-water-drop\"><\/i>\t\t\t\t\t\t\t<div class=\"ha-pricing-table-feature-text\">\n\t\t\t\t\t\t\t\t1 x Bottle of water in the room on the day of arrival\t\t\t\t\t\t\t\t\t\t\t\t\t\t\t\t<\/div>\n\t\t\t\t\t\t<\/li>\n\t\t\t\t\t\t\t\t\t\t\t<li class=\"elementor-repeater-item-7b147f9\">\n\t\t\t\t\t\t\t<i aria-hidden=\"true\" class=\"hm hm-tickets\"><\/i>\t\t\t\t\t\t\t<div class=\"ha-pricing-table-feature-text\">\n\t\t\t\t\t\t\t\t2 x Complimentary parking spaces directly at the hotel\t\t\t\t\t\t\t\t\t\t\t\t\t\t\t\t<\/div>\n\t\t\t\t\t\t<\/li>\n\t\t\t\t\t\t\t\t\t<\/ul>\n\t\t\t\t\t<\/div>\n\n\t\t\t\t\t<div class=\"ha-pricing-table-description\">This exclusive offer is available on request and subject to availability. Reserve now by emailing <a href=\"mailto:bahnstadt@qube-heidelberg.de\">bahnstadt@qube-heidelberg.de<\/a> or by phone at <a href=\"tel:00496221639000\">00496221-639000<\/a>.\n<\/div>\n\t\t\n\t\t\t\t\t<div class=\"ha-pricing-table-price\">\n\t\t\t\t<div class=\"ha-pricing-table-price-tag\">\n\t\t\t\t\t\t\t\t\t\t\t<div class=\"ha-pricing-table-original-price\">\n\t\t\t\t\t\t\t\t\t\t\t\t\t\t\t<span class=\"ha-pricing-table-currency\"><\/span><span class=\"ha-pricing-table-price-text\">459\u20ac<\/span>\n\t\t\t\t\t\t\t\t\t\t\t\t\t<\/div>\n\t\t\t\t\t\t\t\t\t\t<div class=\"ha-pricing-table-current-price\">\n\t\t\t\t\t\t\t\t\t\t\t\t\t<span class=\"ha-pricing-table-currency\"><\/span><span class=\"ha-pricing-table-price-text\">374\u20ac<\/span>\n\t\t\t\t\t\t\t\t\t\t\t<\/div>\n\t\t\t\t<\/div>\n\t\t\t\t\t\t\t<\/div>\n\t\t\n\t\t\t\t\t<a class=\"ha-pricing-table-btn\" href=\"#elementor-action%3Aaction%3Dpopup%3Aopen%26settings%3DeyJpZCI6IjI4NjQ3IiwidG9nZ2xlIjp0cnVlfQ%3D%3D\">Secure offers now<\/a>\n\t\t\n\t\t\n\t\t\t\t<\/div>\n\t\t\t\t<\/div>\n\t\t\t\t\t<\/div>\n\t\t<\/div>\n\t\t\t\t<div class=\"elementor-column elementor-col-50 elementor-inner-column elementor-element elementor-element-f96735f sc_content_align_inherit sc_layouts_column_icons_position_left sc_fly_static\" data-id=\"f96735f\" data-element_type=\"column\">\n\t\t\t<div class=\"elementor-widget-wrap elementor-element-populated\">\n\t\t\t\t\t\t<div class=\"elementor-element elementor-element-8433f69 sc_fly_static elementor-widget elementor-widget-heading\" data-id=\"8433f69\" data-element_type=\"widget\" data-widget_type=\"heading.default\">\n\t\t\t\t<div class=\"elementor-widget-container\">\n\t\t\t<h5 class=\"elementor-heading-title elementor-size-default\">The six squares of the Heidelberg Christmas Market:\n\n<\/h5>\t\t<\/div>\n\t\t\t\t<\/div>\n\t\t\t\t<div class=\"elementor-element elementor-element-ad3129a sc_fly_static elementor-widget elementor-widget-text-editor\" data-id=\"ad3129a\" data-element_type=\"widget\" data-widget_type=\"text-editor.default\">\n\t\t\t\t<div class=\"elementor-widget-container\">\n\t\t\t\t\t\t\t<p><strong style=\"color: #a71d22\">Dates:<\/strong><br \/>November 25th to December 22nd, 2024<br \/><br \/><strong style=\"color: #a71d22\">Opening hours:<br \/><\/strong>Sunday to Friday: 11:00 AM \u2013 9:00 PM<br \/>Saturday: 11:00 AM \u2013 10:00 PM<\/p><p><strong style=\"color: #a71d22\"><strong>Bismarckplatz:<br \/><\/strong><\/strong>The entrance to the old town.<\/p><p><strong style=\"color: #a71d22\">Universit\u00e4tsplatz<strong>:<\/strong><\/strong><br \/>The largest square of the Christmas market.<\/p><p><strong style=\"color: #a71d22\">Kornmarkt<strong>:<\/strong><\/strong><br \/>With over 100 sparkling fir trees, white pointed tents, and the lovingly decorated nativity scene, the Heidelberg Winter Forest is a truly special experience.<\/p><p><strong style=\"color: #a71d22\">Anatomiegarten<strong>:<\/strong><\/strong><br \/>In front of the monument to chemist Robert Bunsen, festively decorated huts invite you to visit.<\/p><p><strong style=\"color: #a71d22\">Karlsplatz<strong>:<\/strong><\/strong><br \/>The atmospheric ice rink guarantees ice-skating fun on real ice in a unique setting.<\/p><p><strong style=\"color: #a71d22\">Marktplatz<\/strong><br \/>Attraction: A large wooden barrel with the rotating Perkeo, Heidelberg's symbolic figure, on the roof.<\/p><p>We look forward to welcoming you and providing you with an unforgettable Advent season!<\/p>\t\t\t\t\t\t<\/div>\n\t\t\t\t<\/div>\n\t\t\t\t\t<\/div>\n\t\t<\/div>\n\t\t\t\t\t<\/div>\n\t\t<\/section>\n\t\t\t\t\t<\/div>\n\t\t<\/div>\n\t\t\t\t\t<\/div>\n\t\t<\/section>\n\t\t\t\t<\/div>","protected":false},"excerpt":{"rendered":"<p>Heidelberger Weihnachtsmarkt Magischer Weihnachtsmarkt &#038; Luxuri\u00f6ser Aufenthalt in Heidelberg Der Heidelberger Weihnachtsmarkt ist ein wirkliches Highlight in der Vorweihnachtszeit und zieht j\u00e4hrlich zahlreiche Besucher an. Die historische Altstadt bietet eine&hellip;<\/p>","protected":false},"author":1,"featured_media":0,"parent":0,"menu_order":0,"comment_status":"closed","ping_status":"closed","template":"","meta":{"footnotes":""},"class_list":["post-28635","page","type-page","status-publish","hentry"],"_links":{"self":[{"href":"https:\/\/qube-hotel-heidelberg.de\/en\/wp-json\/wp\/v2\/pages\/28635","targetHints":{"allow":["GET"]}}],"collection":[{"href":"https:\/\/qube-hotel-heidelberg.de\/en\/wp-json\/wp\/v2\/pages"}],"about":[{"href":"https:\/\/qube-hotel-heidelberg.de\/en\/wp-json\/wp\/v2\/types\/page"}],"author":[{"embeddable":true,"href":"https:\/\/qube-hotel-heidelberg.de\/en\/wp-json\/wp\/v2\/users\/1"}],"replies":[{"embeddable":true,"href":"https:\/\/qube-hotel-heidelberg.de\/en\/wp-json\/wp\/v2\/comments?post=28635"}],"version-history":[{"count":25,"href":"https:\/\/qube-hotel-heidelberg.de\/en\/wp-json\/wp\/v2\/pages\/28635\/revisions"}],"predecessor-version":[{"id":28849,"href":"https:\/\/qube-hotel-heidelberg.de\/en\/wp-json\/wp\/v2\/pages\/28635\/revisions\/28849"}],"wp:attachment":[{"href":"https:\/\/qube-hotel-heidelberg.de\/en\/wp-json\/wp\/v2\/media?parent=28635"}],"curies":[{"name":"wp","href":"https:\/\/api.w.org\/{rel}","templated":true}]}}