{"id":29971,"date":"2025-01-10T06:41:32","date_gmt":"2025-01-10T06:41:32","guid":{"rendered":"https:\/\/qube-hotel-heidelberg.de\/?page_id=29971"},"modified":"2026-03-19T13:22:00","modified_gmt":"2026-03-19T13:22:00","slug":"schlossbeleuchtung_bahnstadt","status":"publish","type":"page","link":"https:\/\/qube-hotel-heidelberg.de\/en\/schlossbeleuchtung_bahnstadt\/","title":{"rendered":"Schlossbeleuchtung_bahnstadt"},"content":{"rendered":"<div data-elementor-type=\"wp-page\" data-elementor-id=\"29971\" class=\"elementor elementor-29971\" data-elementor-post-type=\"page\">\n\t\t\t\t\t\t<section class=\"elementor-section elementor-top-section elementor-element elementor-element-8d07c5f elementor-section-full_width scheme_light elementor-section-height-full elementor-section-height-default elementor-section-items-middle sc_fly_static\" data-id=\"8d07c5f\" data-element_type=\"section\" data-settings=\"{&quot;background_background&quot;:&quot;classic&quot;,&quot;_ha_eqh_enable&quot;:false}\">\n\t\t\t\t\t\t\t<div class=\"elementor-background-overlay\"><\/div>\n\t\t\t\t\t\t\t<div class=\"elementor-container elementor-column-gap-default\">\n\t\t\t\t\t<div class=\"elementor-column elementor-col-100 elementor-top-column elementor-element elementor-element-35ac960 sc-mobile_inner_width_none sc-mobile_content_align_inherit sc-tablet_inner_width_none sc_content_align_inherit sc_layouts_column_icons_position_left sc_fly_static\" data-id=\"35ac960\" data-element_type=\"column\">\n\t\t\t<div class=\"elementor-widget-wrap elementor-element-populated\">\n\t\t\t\t\t\t<div class=\"elementor-element elementor-element-d72bfcd sc_fly_static elementor-widget elementor-widget-spacer\" data-id=\"d72bfcd\" data-element_type=\"widget\" data-widget_type=\"spacer.default\">\n\t\t\t\t<div class=\"elementor-widget-container\">\n\t\t\t\t\t<div class=\"elementor-spacer\">\n\t\t\t<div class=\"elementor-spacer-inner\"><\/div>\n\t\t<\/div>\n\t\t\t\t<\/div>\n\t\t\t\t<\/div>\n\t\t\t\t<div class=\"elementor-element elementor-element-07ccd7c ha-has-bg-overlay sc_fly_static elementor-widget elementor-widget-trx_sc_title\" data-id=\"07ccd7c\" data-element_type=\"widget\" data-widget_type=\"trx_sc_title.default\">\n\t\t\t\t<div class=\"elementor-widget-container\">\n\t\t\t<div\t\tclass=\"sc_title sc_title_default\" ><h2 class=\"sc_item_title sc_title_title sc_align_center sc_item_title_style_default sc_item_title_tag trx_addons_inline_1065250648\"\n\t\t\t><span class=\"sc_item_title_text\">Experience the magic of<br> Heidelberger Schlossbeleuchtung 2026<\/span><\/h2><\/div>\t\t<\/div>\n\t\t\t\t<\/div>\n\t\t\t\t<div class=\"elementor-element elementor-element-e0af146 sc_fly_static elementor-widget elementor-widget-spacer\" data-id=\"e0af146\" data-element_type=\"widget\" data-widget_type=\"spacer.default\">\n\t\t\t\t<div class=\"elementor-widget-container\">\n\t\t\t\t\t<div class=\"elementor-spacer\">\n\t\t\t<div class=\"elementor-spacer-inner\"><\/div>\n\t\t<\/div>\n\t\t\t\t<\/div>\n\t\t\t\t<\/div>\n\t\t\t\t\t<\/div>\n\t\t<\/div>\n\t\t\t\t\t<\/div>\n\t\t<\/section>\n\t\t\t\t<section class=\"elementor-section elementor-top-section elementor-element elementor-element-9e87633 elementor-section-boxed elementor-section-height-default elementor-section-height-default sc_fly_static\" data-id=\"9e87633\" data-element_type=\"section\" data-settings=\"{&quot;background_background&quot;:&quot;classic&quot;,&quot;_ha_eqh_enable&quot;:false}\">\n\t\t\t\t\t\t<div class=\"elementor-container elementor-column-gap-extended\">\n\t\t\t\t\t<div class=\"elementor-column elementor-col-100 elementor-top-column elementor-element elementor-element-3b71d1a sc_content_align_inherit sc_layouts_column_icons_position_left sc_fly_static\" data-id=\"3b71d1a\" data-element_type=\"column\">\n\t\t\t<div class=\"elementor-widget-wrap elementor-element-populated\">\n\t\t\t\t\t\t<section class=\"elementor-section elementor-inner-section elementor-element elementor-element-60ee6a8 elementor-section-boxed elementor-section-height-default elementor-section-height-default sc_fly_static\" data-id=\"60ee6a8\" data-element_type=\"section\" data-settings=\"{&quot;_ha_eqh_enable&quot;:false}\">\n\t\t\t\t\t\t<div class=\"elementor-container elementor-column-gap-extended\">\n\t\t\t\t\t<div class=\"elementor-column elementor-col-100 elementor-inner-column elementor-element elementor-element-886c522 sc_content_align_inherit sc_layouts_column_icons_position_left sc_fly_static\" data-id=\"886c522\" data-element_type=\"column\">\n\t\t\t<div class=\"elementor-widget-wrap elementor-element-populated\">\n\t\t\t\t\t\t<div class=\"elementor-element elementor-element-624664d sc_fly_static elementor-widget elementor-widget-text-editor\" data-id=\"624664d\" data-element_type=\"widget\" data-widget_type=\"text-editor.default\">\n\t\t\t\t<div class=\"elementor-widget-container\">\n\t\t\t\t\t\t\t<h6><strong style=\"color: #a71d22\">Erleben Sie die Magie der Heidelberger Schlossbeleuchtung 2026 \u2013 ein Abend voller Romantik und Genuss<\/strong><\/h6><p style=\"font-weight: 400\">Lassen Sie sich von der faszinierenden Schlossbeleuchtung verzaubern, bei der das historische Heidelberger Schloss in ein atemberaubendes Lichtspiel geh\u00fcllt wird. Am 11.07.2026 und 05.09.2026, gegen 22.15 Uhr, tauchen Bengalische Leuchtfeuer das Schloss langsam in einen geheimnisvollen roten Feuerschein. So, als ob die Ruine ein weiteres Mal in ihrer langen Geschichte brennen w\u00fcrde. Wie zuletzt 1689 und 1693, als die Truppen des Sonnenk\u00f6nigs Ludwig XIV. das Schloss und die Stadt niederbrannten und die heute weltber\u00fchmte Ruine zur\u00fcck lie\u00dfen. Wenn das gl\u00fchende Schloss langsam verblasst, beginnt der zweite Teil des Spektakels \u2013 das Brillant-Feuerwerk \u00fcber dem Neckar. Um seine frisch angetraute Gemahlin Elizabeth Stuart standesgem\u00e4\u00df zu begr\u00fc\u00dfen, lie\u00df Kurf\u00fcrst Friedrich V. 1613 ein Feuerwerk inszenieren. Dieses Feuerwerk legte den Grundstein f\u00fcr die sp\u00e4ter folgenden Lichtspiele \u00fcber dem n\u00e4chtlichen Himmel Heidelbergs.<\/p><p style=\"font-weight: 400\">\u00a0<\/p>\t\t\t\t\t\t<\/div>\n\t\t\t\t<\/div>\n\t\t\t\t\t<\/div>\n\t\t<\/div>\n\t\t\t\t\t<\/div>\n\t\t<\/section>\n\t\t\t\t<section class=\"elementor-section elementor-inner-section elementor-element elementor-element-2f74371 elementor-section-boxed elementor-section-height-default elementor-section-height-default sc_fly_static\" data-id=\"2f74371\" data-element_type=\"section\" data-settings=\"{&quot;_ha_eqh_enable&quot;:false}\">\n\t\t\t\t\t\t<div class=\"elementor-container elementor-column-gap-extended\">\n\t\t\t\t\t<div class=\"elementor-column elementor-col-50 elementor-inner-column elementor-element elementor-element-426380a sc_content_align_inherit sc_layouts_column_icons_position_left sc_fly_static\" data-id=\"426380a\" data-element_type=\"column\" data-settings=\"{&quot;background_background&quot;:&quot;classic&quot;}\">\n\t\t\t<div class=\"elementor-widget-wrap elementor-element-populated\">\n\t\t\t\t\t\t<div class=\"elementor-element elementor-element-158b02f ha-has-bg-overlay sc_fly_static elementor-widget elementor-widget-ha-pricing-table happy-addon ha-pricing-table happy-addon-pro\" data-id=\"158b02f\" data-element_type=\"widget\" data-widget_type=\"ha-pricing-table.default\">\n\t\t\t\t<div class=\"elementor-widget-container\">\n\t\t\t\n\t\t\n\t\t<div class=\"ha-pricing-table-header\">\n\t\t\t\t\t\t\t\t\t\t\t\t<div class=\"ha-pricing-table-media ha-pricing-table-media--icon\">\n\t\t\t\t\t\t<i aria-hidden=\"true\" class=\"huge huge-university\"><\/i>\t\t\t\t\t<\/div>\n\t\t\t\t\t\t\t\t\t\t\t\t\t\t<h1 class=\"ha-pricing-table-title\">The Perfect All-Inclusive Package for Your Enjoyment<\/h1>\t\t\t\t\t\t\t\t<\/div>\n\n\t\t\t\t<div class=\"ha-pricing-table-body\">\n\t\t\t\n\t\t\t\t\t\t\t<ul class=\"ha-pricing-table-features-list\">\n\t\t\t\t\t\t\t\t\t\t\t<li class=\"elementor-repeater-item-294384f\">\n\t\t\t\t\t\t\t<i aria-hidden=\"true\" class=\"fas fa-bed\"><\/i>\t\t\t\t\t\t\t<div class=\"ha-pricing-table-feature-text\">\n\t\t\t\t\t\t\t\t2 x overnight stays in a comfortable double room, including breakfast, for two people<br>\t\t\t\t\t\t\t\t\t\t\t\t\t\t\t<\/div>\n\t\t\t\t\t\t<\/li>\n\t\t\t\t\t\t\t\t\t\t\t<li class=\"elementor-repeater-item-4f6f034\">\n\t\t\t\t\t\t\t<i aria-hidden=\"true\" class=\"icon icon-dinner\"><\/i>\t\t\t\t\t\t\t<div class=\"ha-pricing-table-feature-text\">\n\t\t\t\t\t\t\t\t<a href=\"https:\/\/qube-hotel-heidelberg.de\/wp-content\/uploads\/2025\/07\/Genuss_fur_zwei_Menu_Bahnstadt_1_en.pdf\" title=\"more information\">1 x Dinner in the form of a 3-course selection menu, for two people<br><\/a>\n\t\t\t\t\t\t\t\t\t\t\t\t\t\t\t<\/div>\n\t\t\t\t\t\t<\/li>\n\t\t\t\t\t\t\t\t\t\t\t<li class=\"elementor-repeater-item-9e02791\">\n\t\t\t\t\t\t\t<i aria-hidden=\"true\" class=\"hm hm-water-drop\"><\/i>\t\t\t\t\t\t\t<div class=\"ha-pricing-table-feature-text\">\n\t\t\t\t\t\t\t\t1 x bottle of water in the hotel room on the day of arrival<br>\t\t\t\t\t\t\t\t\t\t\t\t\t\t\t<\/div>\n\t\t\t\t\t\t<\/li>\n\t\t\t\t\t\t\t\t\t\t\t<li class=\"elementor-repeater-item-265c8ed\">\n\t\t\t\t\t\t\t<i aria-hidden=\"true\" class=\"hm hm-car\"><\/i>\t\t\t\t\t\t\t<div class=\"ha-pricing-table-feature-text\">\n\t\t\t\t\t\t\t\t2 x Complimentary parking spaces directly at the hotel<br>\n\t\t\t\t\t\t\t\t\t\t\t\t\t\t\t<\/div>\n\t\t\t\t\t\t<\/li>\n\t\t\t\t\t\t\t\t\t\t\t<li class=\"elementor-repeater-item-f97ee29\">\n\t\t\t\t\t\t\t<i aria-hidden=\"true\" class=\"hm hm-tickets\"><\/i>\t\t\t\t\t\t\t<div class=\"ha-pricing-table-feature-text\">\n\t\t\t\t\t\t\t\t2 x Heidelberg Card (2 days)<br><br>\t\t\t\t\t\t\t\t\t\t\t\t\t\t\t<\/div>\n\t\t\t\t\t\t<\/li>\n\t\t\t\t\t\t\t\t\t\t\t<li class=\"elementor-repeater-item-3c0e4e5\">\n\t\t\t\t\t\t\t\t\t\t\t\t\t\t<div class=\"ha-pricing-table-feature-text\">\n\t\t\t\t\t\t\t\t<br><br>\n<span style=\"color:#A71D22;font-size:25px\">Your very special moment is waiting for you! <br><span style=\"font-size:18px\"> Anreise 10.07.2026 \/ Abreise 12.07.2026<br>Anreise 04.09.2026 \/ Abreise 06.09.2026\n<\/span><\/span><br><br>\n\nContact us today and reserve your getaway in one of Germany's most beautiful cities. Few other places offer such magical nights in summer. And if the weather cooperates, our rooftop terrace at the Qube Hotel Bahnstadt is the perfect spot to enjoy the warm season.\t\t\t\t\t\t\t\t\t\t\t\t\t\t\t<\/div>\n\t\t\t\t\t\t<\/li>\n\t\t\t\t\t\t\t\t\t<\/ul>\n\t\t\t\t\t<\/div>\n\n\t\t\n\t\t\t\t\t<div class=\"ha-pricing-table-price\">\n\t\t\t\t<div class=\"ha-pricing-table-price-tag\">\n\t\t\t\t\t\t\t\t\t\t<div class=\"ha-pricing-table-current-price\">\n\t\t\t\t\t\t\t\t\t\t\t\t\t<span class=\"ha-pricing-table-price-text\">514,00 \u20ac<\/span><span class=\"ha-pricing-table-currency right-pos\"><\/span>\n\t\t\t\t\t\t\t\t\t\t\t<\/div>\n\t\t\t\t<\/div>\n\t\t\t\t\t\t\t\t\t<div class=\"ha-pricing-table-period\"> for two people<\/div>\n\t\t\t\t\t\t\t<\/div>\n\t\t\n\t\t\t\t\t<a class=\"ha-pricing-table-btn\" href=\"#elementor-action%3Aaction%3Dpopup%3Aopen%26settings%3DeyJpZCI6IjI5OTk2IiwidG9nZ2xlIjpmYWxzZX0%3D\">Secure offers now<\/a>\n\t\t\n\t\t\n\t\t\t\t<\/div>\n\t\t\t\t<\/div>\n\t\t\t\t\t<\/div>\n\t\t<\/div>\n\t\t\t\t<div class=\"elementor-column elementor-col-50 elementor-inner-column elementor-element elementor-element-42c9476 sc_content_align_inherit sc_layouts_column_icons_position_left sc_fly_static\" data-id=\"42c9476\" data-element_type=\"column\">\n\t\t\t<div class=\"elementor-widget-wrap elementor-element-populated\">\n\t\t\t\t\t\t<div class=\"elementor-element elementor-element-968a97d sc_fly_static elementor-widget elementor-widget-heading\" data-id=\"968a97d\" data-element_type=\"widget\" data-widget_type=\"heading.default\">\n\t\t\t\t<div class=\"elementor-widget-container\">\n\t\t\t<h5 class=\"elementor-heading-title elementor-size-default\">Details about the Heidelberg Card<\/h5>\t\t<\/div>\n\t\t\t\t<\/div>\n\t\t\t\t<div class=\"elementor-element elementor-element-c5a20e2 sc_fly_static elementor-widget elementor-widget-text-editor\" data-id=\"c5a20e2\" data-element_type=\"widget\" data-widget_type=\"text-editor.default\">\n\t\t\t\t<div class=\"elementor-widget-container\">\n\t\t\t\t\t\t\t<p class=\"translation-block\"><strong style=\"color: #a71d22\">Castle Ticket incl. Mountain Railway\n<br><\/strong>The HeidelbergCARD includes a round trip with the mountain railway to Molkenkur (via the castle) as well as one-time admission to the castle courtyard and the Fasskeller (giant barrel cellar).<\/p><p><strong style=\"color: #a71d22\">University Combination Ticket<\/strong><br \/>One-time entry to the University Museum, the Student Prison, and the special exhibition.<\/p><p><strong style=\"color: #a71d22\">Free Public Transport<br \/><\/strong>The HeidelbergCARD allows free travel during the validity period on all buses, trams, and authorized trains (including DB: RE, RB, and S-Bahn).<\/p><p><strong style=\"color: #a71d22\">Heidelberg Guide<br \/><\/strong>The Heidelberg Guide offers a comprehensive overview of the Neckar City: What are the most important sights in Heidelberg? Where can you find interesting museums and events?<\/p><p><strong style=\"color: #a71d22\">Discounts<\/strong><br \/>The HeidelbergCARD provides discounts on guided tours, museums, and exhibitions, as well as in gastronomy, shopping, and cultural events.<\/p>\t\t\t\t\t\t<\/div>\n\t\t\t\t<\/div>\n\t\t\t\t\t<\/div>\n\t\t<\/div>\n\t\t\t\t\t<\/div>\n\t\t<\/section>\n\t\t\t\t\t<\/div>\n\t\t<\/div>\n\t\t\t\t\t<\/div>\n\t\t<\/section>\n\t\t\t\t<\/div>","protected":false},"excerpt":{"rendered":"<p>Erleben Sie die Magie der Heidelberger Schlossbeleuchtung 2026 Erleben Sie die Magie der Heidelberger Schlossbeleuchtung 2026 \u2013 ein Abend voller Romantik und Genuss Lassen Sie sich von der faszinierenden Schlossbeleuchtung&hellip;<\/p>","protected":false},"author":1,"featured_media":0,"parent":0,"menu_order":0,"comment_status":"closed","ping_status":"closed","template":"","meta":{"footnotes":""},"class_list":["post-29971","page","type-page","status-publish","hentry"],"_links":{"self":[{"href":"https:\/\/qube-hotel-heidelberg.de\/en\/wp-json\/wp\/v2\/pages\/29971","targetHints":{"allow":["GET"]}}],"collection":[{"href":"https:\/\/qube-hotel-heidelberg.de\/en\/wp-json\/wp\/v2\/pages"}],"about":[{"href":"https:\/\/qube-hotel-heidelberg.de\/en\/wp-json\/wp\/v2\/types\/page"}],"author":[{"embeddable":true,"href":"https:\/\/qube-hotel-heidelberg.de\/en\/wp-json\/wp\/v2\/users\/1"}],"replies":[{"embeddable":true,"href":"https:\/\/qube-hotel-heidelberg.de\/en\/wp-json\/wp\/v2\/comments?post=29971"}],"version-history":[{"count":67,"href":"https:\/\/qube-hotel-heidelberg.de\/en\/wp-json\/wp\/v2\/pages\/29971\/revisions"}],"predecessor-version":[{"id":34556,"href":"https:\/\/qube-hotel-heidelberg.de\/en\/wp-json\/wp\/v2\/pages\/29971\/revisions\/34556"}],"wp:attachment":[{"href":"https:\/\/qube-hotel-heidelberg.de\/en\/wp-json\/wp\/v2\/media?parent=29971"}],"curies":[{"name":"wp","href":"https:\/\/api.w.org\/{rel}","templated":true}]}}