{"id":30434,"date":"2025-02-18T21:20:38","date_gmt":"2025-02-18T21:20:38","guid":{"rendered":"https:\/\/qube-hotel-heidelberg.de\/?page_id=30434"},"modified":"2025-03-25T04:35:22","modified_gmt":"2025-03-25T04:35:22","slug":"bergheim_golf","status":"publish","type":"page","link":"https:\/\/qube-hotel-heidelberg.de\/en\/bergheim_golf\/","title":{"rendered":"Bergheim_golf"},"content":{"rendered":"<div data-elementor-type=\"wp-page\" data-elementor-id=\"30434\" class=\"elementor elementor-30434\" data-elementor-post-type=\"page\">\n\t\t\t\t\t\t<section class=\"elementor-section elementor-top-section elementor-element elementor-element-8d07c5f elementor-section-full_width scheme_light elementor-section-height-full elementor-section-height-default elementor-section-items-middle sc_fly_static\" data-id=\"8d07c5f\" data-element_type=\"section\" data-settings=\"{&quot;background_background&quot;:&quot;classic&quot;,&quot;background_motion_fx_motion_fx_scrolling&quot;:&quot;yes&quot;,&quot;background_motion_fx_opacity_effect&quot;:&quot;yes&quot;,&quot;background_motion_fx_opacity_direction&quot;:&quot;in-out&quot;,&quot;background_motion_fx_opacity_range&quot;:{&quot;unit&quot;:&quot;%&quot;,&quot;size&quot;:&quot;&quot;,&quot;sizes&quot;:{&quot;start&quot;:36,&quot;end&quot;:48}},&quot;background_motion_fx_scale_effect&quot;:&quot;yes&quot;,&quot;background_motion_fx_scale_speed&quot;:{&quot;unit&quot;:&quot;px&quot;,&quot;size&quot;:3,&quot;sizes&quot;:[]},&quot;background_motion_fx_scale_range&quot;:{&quot;unit&quot;:&quot;%&quot;,&quot;size&quot;:&quot;&quot;,&quot;sizes&quot;:{&quot;start&quot;:21,&quot;end&quot;:69}},&quot;background_motion_fx_opacity_level&quot;:{&quot;unit&quot;:&quot;px&quot;,&quot;size&quot;:10,&quot;sizes&quot;:[]},&quot;background_motion_fx_scale_direction&quot;:&quot;out-in&quot;,&quot;background_motion_fx_devices&quot;:[&quot;desktop&quot;,&quot;tablet&quot;,&quot;mobile&quot;],&quot;_ha_eqh_enable&quot;:false}\">\n\t\t\t\t\t\t\t<div class=\"elementor-background-overlay\"><\/div>\n\t\t\t\t\t\t\t<div class=\"elementor-container elementor-column-gap-default\">\n\t\t\t\t\t<div class=\"elementor-column elementor-col-100 elementor-top-column elementor-element elementor-element-35ac960 sc-mobile_inner_width_none sc-mobile_content_align_inherit sc-tablet_inner_width_none sc_content_align_inherit sc_layouts_column_icons_position_left sc_fly_static\" data-id=\"35ac960\" data-element_type=\"column\">\n\t\t\t<div class=\"elementor-widget-wrap elementor-element-populated\">\n\t\t\t\t\t\t<div class=\"elementor-element elementor-element-d72bfcd sc_fly_static elementor-widget elementor-widget-spacer\" data-id=\"d72bfcd\" data-element_type=\"widget\" data-widget_type=\"spacer.default\">\n\t\t\t\t<div class=\"elementor-widget-container\">\n\t\t\t\t\t<div class=\"elementor-spacer\">\n\t\t\t<div class=\"elementor-spacer-inner\"><\/div>\n\t\t<\/div>\n\t\t\t\t<\/div>\n\t\t\t\t<\/div>\n\t\t\t\t<div class=\"elementor-element elementor-element-6b2fa90 sc_fly_static elementor-widget elementor-widget-image\" data-id=\"6b2fa90\" data-element_type=\"widget\" data-widget_type=\"image.default\">\n\t\t\t\t<div class=\"elementor-widget-container\">\n\t\t\t\t\t\t\t\t\t\t\t\t\t<img fetchpriority=\"high\" decoding=\"async\" width=\"891\" height=\"1024\" src=\"https:\/\/qube-hotel-heidelberg.de\/wp-content\/uploads\/2025\/02\/Logo-Golfclub-4C-891x1024.png\" class=\"attachment-large size-large wp-image-30437\" alt=\"\" srcset=\"https:\/\/qube-hotel-heidelberg.de\/wp-content\/uploads\/2025\/02\/Logo-Golfclub-4C-891x1024.png 891w, https:\/\/qube-hotel-heidelberg.de\/wp-content\/uploads\/2025\/02\/Logo-Golfclub-4C-261x300.png 261w, https:\/\/qube-hotel-heidelberg.de\/wp-content\/uploads\/2025\/02\/Logo-Golfclub-4C-768x882.png 768w, https:\/\/qube-hotel-heidelberg.de\/wp-content\/uploads\/2025\/02\/Logo-Golfclub-4C-10x12.png 10w, https:\/\/qube-hotel-heidelberg.de\/wp-content\/uploads\/2025\/02\/Logo-Golfclub-4C-370x425.png 370w, https:\/\/qube-hotel-heidelberg.de\/wp-content\/uploads\/2025\/02\/Logo-Golfclub-4C-840x965.png 840w, https:\/\/qube-hotel-heidelberg.de\/wp-content\/uploads\/2025\/02\/Logo-Golfclub-4C-410x471.png 410w, https:\/\/qube-hotel-heidelberg.de\/wp-content\/uploads\/2025\/02\/Logo-Golfclub-4C.png 1110w\" sizes=\"(max-width: 891px) 100vw, 891px\" \/>\t\t\t\t\t\t\t\t\t\t\t\t\t<\/div>\n\t\t\t\t<\/div>\n\t\t\t\t<div class=\"elementor-element elementor-element-07ccd7c ha-has-bg-overlay sc_fly_static elementor-widget elementor-widget-trx_sc_title\" data-id=\"07ccd7c\" data-element_type=\"widget\" data-widget_type=\"trx_sc_title.default\">\n\t\t\t\t<div class=\"elementor-widget-container\">\n\t\t\t<div\t\tclass=\"sc_title sc_title_default\" ><h1 class=\"sc_item_title sc_title_title sc_align_center sc_item_title_style_default sc_item_title_tag trx_addons_inline_604818170\"\n\t\t\t><span class=\"sc_item_title_text\">Golf &amp; enjoyment - your exclusive break in the countryside<\/span><\/h1><\/div>\t\t<\/div>\n\t\t\t\t<\/div>\n\t\t\t\t<div class=\"elementor-element elementor-element-e0af146 sc_fly_static elementor-widget elementor-widget-spacer\" data-id=\"e0af146\" data-element_type=\"widget\" data-widget_type=\"spacer.default\">\n\t\t\t\t<div class=\"elementor-widget-container\">\n\t\t\t\t\t<div class=\"elementor-spacer\">\n\t\t\t<div class=\"elementor-spacer-inner\"><\/div>\n\t\t<\/div>\n\t\t\t\t<\/div>\n\t\t\t\t<\/div>\n\t\t\t\t\t<\/div>\n\t\t<\/div>\n\t\t\t\t\t<\/div>\n\t\t<\/section>\n\t\t\t\t<section class=\"elementor-section elementor-top-section elementor-element elementor-element-63d927e elementor-section-boxed elementor-section-height-default elementor-section-height-default sc_fly_static\" data-id=\"63d927e\" data-element_type=\"section\" data-settings=\"{&quot;background_background&quot;:&quot;classic&quot;,&quot;_ha_eqh_enable&quot;:false}\">\n\t\t\t\t\t\t<div class=\"elementor-container elementor-column-gap-extended\">\n\t\t\t\t\t<div class=\"elementor-column elementor-col-100 elementor-top-column elementor-element elementor-element-771ec39 sc_content_align_inherit sc_layouts_column_icons_position_left sc_fly_static\" data-id=\"771ec39\" data-element_type=\"column\">\n\t\t\t<div class=\"elementor-widget-wrap elementor-element-populated\">\n\t\t\t\t\t\t<div class=\"elementor-element elementor-element-96670aa sc_fly_static elementor-widget elementor-widget-ha-slider happy-addon ha-slider\" data-id=\"96670aa\" data-element_type=\"widget\" data-settings=\"{&quot;navigation&quot;:&quot;dots&quot;,&quot;animation_speed&quot;:300,&quot;autoplay&quot;:&quot;yes&quot;,&quot;autoplay_speed&quot;:3000,&quot;loop&quot;:&quot;yes&quot;}\" data-widget_type=\"ha-slider.default\">\n\t\t\t\t<div class=\"elementor-widget-container\">\n\t\t\t\n\t\t<div class=\"hajs-slick ha-slick ha-slick--slider\">\n\n\t\t\t\n\t\t\t\t<div class=\"ha-slick-slide slick-slide\">\n\t\t\t\t\t<div class=\"ha-slick-item\">\n\t\t\t\t\t\t\t\t\t\t\t\t\t<img decoding=\"async\" class=\"ha-slick-img\" src=\"https:\/\/qube-hotel-heidelberg.de\/wp-content\/uploads\/2025\/02\/67A1336-scaled.jpg\" alt=\"\">\n\t\t\t\t\t\t\n\t\t\t\t\t\t\t\t\t\t\t<\/div>\n\t\t\t\t<\/div>\n\n\t\t\t\n\t\t\t\t<div class=\"ha-slick-slide slick-slide\">\n\t\t\t\t\t<div class=\"ha-slick-item\">\n\t\t\t\t\t\t\t\t\t\t\t\t\t<img decoding=\"async\" class=\"ha-slick-img\" src=\"https:\/\/qube-hotel-heidelberg.de\/wp-content\/uploads\/2025\/02\/67A1232-scaled.jpg\" alt=\"\">\n\t\t\t\t\t\t\n\t\t\t\t\t\t\t\t\t\t\t<\/div>\n\t\t\t\t<\/div>\n\n\t\t\t\n\t\t<\/div>\n\n\t\t\n\t\t\n\t\t\t\t<\/div>\n\t\t\t\t<\/div>\n\t\t\t\t<section class=\"elementor-section elementor-inner-section elementor-element elementor-element-09c4103 elementor-section-boxed elementor-section-height-default elementor-section-height-default sc_fly_static\" data-id=\"09c4103\" data-element_type=\"section\" data-settings=\"{&quot;_ha_eqh_enable&quot;:false}\">\n\t\t\t\t\t\t<div class=\"elementor-container elementor-column-gap-extended\">\n\t\t\t\t\t<div class=\"elementor-column elementor-col-100 elementor-inner-column elementor-element elementor-element-2261f82 sc_content_align_inherit sc_layouts_column_icons_position_left sc_fly_static\" data-id=\"2261f82\" data-element_type=\"column\">\n\t\t\t<div class=\"elementor-widget-wrap elementor-element-populated\">\n\t\t\t\t\t\t<div class=\"elementor-element elementor-element-8313d39 sc_fly_static elementor-widget elementor-widget-text-editor\" data-id=\"8313d39\" data-element_type=\"widget\" data-widget_type=\"text-editor.default\">\n\t\t\t\t<div class=\"elementor-widget-container\">\n\t\t\t\t\t\t\t<p>Experience unforgettable days full of relaxation and sporting challenges! Enjoy a relaxing overnight stay in our boutique hotel Qube Bergheim, treat yourself to culinary delights in the evening and experience first-class golf on the Heidelberg-Lobenfeld golf course - one of the most beautiful golf courses in the Rhine-Neckar region, which is only 20 km away. Pure nature!<\/p><p>Our golf package includes:<\/p>\t\t\t\t\t\t<\/div>\n\t\t\t\t<\/div>\n\t\t\t\t\t<\/div>\n\t\t<\/div>\n\t\t\t\t\t<\/div>\n\t\t<\/section>\n\t\t\t\t<section class=\"elementor-section elementor-inner-section elementor-element elementor-element-491e1da elementor-section-boxed elementor-section-height-default elementor-section-height-default sc_fly_static\" data-id=\"491e1da\" data-element_type=\"section\" data-settings=\"{&quot;_ha_eqh_enable&quot;:false}\">\n\t\t\t\t\t\t<div class=\"elementor-container elementor-column-gap-extended\">\n\t\t\t\t\t<div class=\"elementor-column elementor-col-100 elementor-inner-column elementor-element elementor-element-b387659 sc_content_align_inherit sc_layouts_column_icons_position_left sc_fly_static\" data-id=\"b387659\" data-element_type=\"column\" data-settings=\"{&quot;background_background&quot;:&quot;classic&quot;}\">\n\t\t\t<div class=\"elementor-widget-wrap elementor-element-populated\">\n\t\t\t\t\t\t<div class=\"elementor-element elementor-element-cf8e391 ha-has-bg-overlay sc_fly_static elementor-widget elementor-widget-ha-pricing-table happy-addon ha-pricing-table happy-addon-pro\" data-id=\"cf8e391\" data-element_type=\"widget\" data-widget_type=\"ha-pricing-table.default\">\n\t\t\t\t<div class=\"elementor-widget-container\">\n\t\t\t\n\t\t\n\t\t<div class=\"ha-pricing-table-header\">\n\t\t\t\t\t\t\t\t\t\t\t\t<div class=\"ha-pricing-table-media ha-pricing-table-media--icon\">\n\t\t\t\t\t\t<i aria-hidden=\"true\" class=\"huge huge-golf-bat\"><\/i>\t\t\t\t\t<\/div>\n\t\t\t\t\t\t\t\t\t\t\t\t\t\t<h1 class=\"ha-pricing-table-title\">Golf &amp; enjoyment - your exclusive break in the countryside<\/h1>\t\t\t\t\t\t\t\t<\/div>\n\n\t\t\t\t<div class=\"ha-pricing-table-body\">\n\t\t\t\n\t\t\t\t\t\t\t<ul class=\"ha-pricing-table-features-list\">\n\t\t\t\t\t\t\t\t\t\t\t<li class=\"elementor-repeater-item-294384f\">\n\t\t\t\t\t\t\t<i aria-hidden=\"true\" class=\"fas fa-bed\"><\/i>\t\t\t\t\t\t\t<div class=\"ha-pricing-table-feature-text\">\n\t\t\t\t\t\t\t\t2 x overnight stays in a comfortable superior or deluxe room<br>\t\t\t\t\t\t\t\t\t\t\t\t\t\t\t<\/div>\n\t\t\t\t\t\t<\/li>\n\t\t\t\t\t\t\t\t\t\t\t<li class=\"elementor-repeater-item-c2bf870\">\n\t\t\t\t\t\t\t<i aria-hidden=\"true\" class=\"hm hm-egg-fry\"><\/i>\t\t\t\t\t\t\t<div class=\"ha-pricing-table-feature-text\">\n\t\t\t\t\t\t\t\t2 x Breakfast for two people<br>\t\t\t\t\t\t\t\t\t\t\t\t\t\t\t<\/div>\n\t\t\t\t\t\t<\/li>\n\t\t\t\t\t\t\t\t\t\t\t<li class=\"elementor-repeater-item-9e02791\">\n\t\t\t\t\t\t\t<i aria-hidden=\"true\" class=\"hm hm-water-drop\"><\/i>\t\t\t\t\t\t\t<div class=\"ha-pricing-table-feature-text\">\n\t\t\t\t\t\t\t\t1 x bottle of water in the hotel room on the day of arrival<br>\t\t\t\t\t\t\t\t\t\t\t\t\t\t\t<\/div>\n\t\t\t\t\t\t<\/li>\n\t\t\t\t\t\t\t\t\t\t\t<li class=\"elementor-repeater-item-4f6f034\">\n\t\t\t\t\t\t\t<i aria-hidden=\"true\" class=\"icon icon-dinner\"><\/i>\t\t\t\t\t\t\t<div class=\"ha-pricing-table-feature-text\">\n\t\t\t\t\t\t\t\t<a href=\"https:\/\/qube-hotel-heidelberg.de\/wp-content\/uploads\/2025\/03\/Genuss_fuer_zwei_Bergheim_Menu_en.pdf\" title=\"more information\">1 dinner in the form of a 3-course selection menu for two people<br><\/a>\n\t\t\t\t\t\t\t\t\t\t\t\t\t\t\t<\/div>\n\t\t\t\t\t\t<\/li>\n\t\t\t\t\t\t\t\t\t\t\t<li class=\"elementor-repeater-item-2c39614\">\n\t\t\t\t\t\t\t<i aria-hidden=\"true\" class=\"huge huge-golf-ball\"><\/i>\t\t\t\t\t\t\t<div class=\"ha-pricing-table-feature-text\">\n\t\t\t\t\t\t\t\t2 x Golf Course Snack Boxes<br>\n\t\t\t\t\t\t\t\t\t\t\t\t\t\t\t<\/div>\n\t\t\t\t\t\t<\/li>\n\t\t\t\t\t\t\t\t\t\t\t<li class=\"elementor-repeater-item-265c8ed\">\n\t\t\t\t\t\t\t<i aria-hidden=\"true\" class=\"hm hm-car\"><\/i>\t\t\t\t\t\t\t<div class=\"ha-pricing-table-feature-text\">\n\t\t\t\t\t\t\t\t2 x Complimentary parking spaces directly at the hotel<br>\n\t\t\t\t\t\t\t\t\t\t\t\t\t\t\t<\/div>\n\t\t\t\t\t\t<\/li>\n\t\t\t\t\t\t\t\t\t\t\t<li class=\"elementor-repeater-item-f97ee29\">\n\t\t\t\t\t\t\t<i aria-hidden=\"true\" class=\"huge huge-golf-bat\"><\/i>\t\t\t\t\t\t\t<div class=\"ha-pricing-table-feature-text\">\n\t\t\t\t\t\t\t\t2 x daily green fees at the Heidelberg-Lobenfeld Golf Club<br><br>\t\t\t\t\t\t\t\t\t\t\t\t\t\t\t<\/div>\n\t\t\t\t\t\t<\/li>\n\t\t\t\t\t\t\t\t\t<\/ul>\n\t\t\t\t\t<\/div>\n\n\t\t\n\t\t\t\t\t<div class=\"ha-pricing-table-price\">\n\t\t\t\t<div class=\"ha-pricing-table-price-tag\">\n\t\t\t\t\t\t\t\t\t\t<div class=\"ha-pricing-table-current-price\">\n\t\t\t\t\t\t\t\t\t\t\t\t\t<span class=\"ha-pricing-table-price-text\">498,00 \u20ac<\/span><span class=\"ha-pricing-table-currency right-pos\"><\/span>\n\t\t\t\t\t\t\t\t\t\t\t<\/div>\n\t\t\t\t<\/div>\n\t\t\t\t\t\t\t\t\t<div class=\"ha-pricing-table-period\"> for two people<\/div>\n\t\t\t\t\t\t\t<\/div>\n\t\t\n\t\t\t\t\t<a class=\"ha-pricing-table-btn\" href=\"#elementor-action%3Aaction%3Dpopup%3Aopen%26settings%3DeyJpZCI6IjMwNDU3IiwidG9nZ2xlIjpmYWxzZX0%3D\">Secure offers now<\/a>\n\t\t\n\t\t\t\t\t<div class=\"ha-pricing-table-footer-description\">No matter whether you want to improve your handicap or simply enjoy a relaxed round of golf - our exclusive package offers you the perfect mix of sport, relaxation and enjoyment.\n\nBook your golf break now and experience unforgettable moments in one of the most beautiful cities in Germany. Daily arrival is possible.<\/div>\n\t\t\n\t\t\t\t<\/div>\n\t\t\t\t<\/div>\n\t\t\t\t\t<\/div>\n\t\t<\/div>\n\t\t\t\t\t<\/div>\n\t\t<\/section>\n\t\t\t\t\t<\/div>\n\t\t<\/div>\n\t\t\t\t\t<\/div>\n\t\t<\/section>\n\t\t\t\t<\/div>","protected":false},"excerpt":{"rendered":"<p>Golf &#038; Genuss- Ihre exklusive Auszeit im Gr\u00fcnen Erleben Sie unvergessliche Tage voller Entspannung und sportlicher Herausforderung! Genie\u00dfen Sie eine erholsame \u00dcbernachtung in unserem Boutique-Hotel Qube Bergheim, lassen Sie sich&hellip;<\/p>","protected":false},"author":1,"featured_media":0,"parent":0,"menu_order":0,"comment_status":"closed","ping_status":"closed","template":"","meta":{"footnotes":""},"class_list":["post-30434","page","type-page","status-publish","hentry"],"_links":{"self":[{"href":"https:\/\/qube-hotel-heidelberg.de\/en\/wp-json\/wp\/v2\/pages\/30434","targetHints":{"allow":["GET"]}}],"collection":[{"href":"https:\/\/qube-hotel-heidelberg.de\/en\/wp-json\/wp\/v2\/pages"}],"about":[{"href":"https:\/\/qube-hotel-heidelberg.de\/en\/wp-json\/wp\/v2\/types\/page"}],"author":[{"embeddable":true,"href":"https:\/\/qube-hotel-heidelberg.de\/en\/wp-json\/wp\/v2\/users\/1"}],"replies":[{"embeddable":true,"href":"https:\/\/qube-hotel-heidelberg.de\/en\/wp-json\/wp\/v2\/comments?post=30434"}],"version-history":[{"count":50,"href":"https:\/\/qube-hotel-heidelberg.de\/en\/wp-json\/wp\/v2\/pages\/30434\/revisions"}],"predecessor-version":[{"id":30816,"href":"https:\/\/qube-hotel-heidelberg.de\/en\/wp-json\/wp\/v2\/pages\/30434\/revisions\/30816"}],"wp:attachment":[{"href":"https:\/\/qube-hotel-heidelberg.de\/en\/wp-json\/wp\/v2\/media?parent=30434"}],"curies":[{"name":"wp","href":"https:\/\/api.w.org\/{rel}","templated":true}]}}