{"id":30572,"date":"2025-02-23T21:59:06","date_gmt":"2025-02-23T21:59:06","guid":{"rendered":"https:\/\/qube-hotel-heidelberg.de\/?page_id=30572"},"modified":"2026-02-26T11:18:41","modified_gmt":"2026-02-26T11:18:41","slug":"ostern-bergheim","status":"publish","type":"page","link":"https:\/\/qube-hotel-heidelberg.de\/en\/ostern-bergheim\/","title":{"rendered":"Ostern Bergheim"},"content":{"rendered":"<div data-elementor-type=\"wp-page\" data-elementor-id=\"30572\" class=\"elementor elementor-30572\" data-elementor-post-type=\"page\">\n\t\t\t\t\t\t<section class=\"elementor-section elementor-top-section elementor-element elementor-element-8d07c5f elementor-section-full_width scheme_light elementor-section-height-full elementor-section-height-default elementor-section-items-middle sc_fly_static\" data-id=\"8d07c5f\" data-element_type=\"section\" data-settings=\"{&quot;background_background&quot;:&quot;classic&quot;,&quot;background_motion_fx_motion_fx_scrolling&quot;:&quot;yes&quot;,&quot;background_motion_fx_opacity_effect&quot;:&quot;yes&quot;,&quot;background_motion_fx_opacity_direction&quot;:&quot;in-out&quot;,&quot;background_motion_fx_opacity_range&quot;:{&quot;unit&quot;:&quot;%&quot;,&quot;size&quot;:&quot;&quot;,&quot;sizes&quot;:{&quot;start&quot;:36,&quot;end&quot;:48}},&quot;background_motion_fx_scale_effect&quot;:&quot;yes&quot;,&quot;background_motion_fx_scale_speed&quot;:{&quot;unit&quot;:&quot;px&quot;,&quot;size&quot;:3,&quot;sizes&quot;:[]},&quot;background_motion_fx_scale_range&quot;:{&quot;unit&quot;:&quot;%&quot;,&quot;size&quot;:&quot;&quot;,&quot;sizes&quot;:{&quot;start&quot;:21,&quot;end&quot;:69}},&quot;background_motion_fx_opacity_level&quot;:{&quot;unit&quot;:&quot;px&quot;,&quot;size&quot;:10,&quot;sizes&quot;:[]},&quot;background_motion_fx_scale_direction&quot;:&quot;out-in&quot;,&quot;background_motion_fx_devices&quot;:[&quot;desktop&quot;,&quot;tablet&quot;,&quot;mobile&quot;],&quot;_ha_eqh_enable&quot;:false}\">\n\t\t\t\t\t\t\t<div class=\"elementor-background-overlay\"><\/div>\n\t\t\t\t\t\t\t<div class=\"elementor-container elementor-column-gap-default\">\n\t\t\t\t\t<div class=\"elementor-column elementor-col-100 elementor-top-column elementor-element elementor-element-35ac960 sc-mobile_inner_width_none sc-mobile_content_align_inherit sc-tablet_inner_width_none sc_content_align_inherit sc_layouts_column_icons_position_left sc_fly_static\" data-id=\"35ac960\" data-element_type=\"column\">\n\t\t\t<div class=\"elementor-widget-wrap elementor-element-populated\">\n\t\t\t\t\t\t<div class=\"elementor-element elementor-element-d72bfcd sc_fly_static elementor-widget elementor-widget-spacer\" data-id=\"d72bfcd\" data-element_type=\"widget\" data-widget_type=\"spacer.default\">\n\t\t\t\t<div class=\"elementor-widget-container\">\n\t\t\t\t\t<div class=\"elementor-spacer\">\n\t\t\t<div class=\"elementor-spacer-inner\"><\/div>\n\t\t<\/div>\n\t\t\t\t<\/div>\n\t\t\t\t<\/div>\n\t\t\t\t<div class=\"elementor-element elementor-element-07ccd7c ha-has-bg-overlay sc_fly_static elementor-widget elementor-widget-trx_sc_title\" data-id=\"07ccd7c\" data-element_type=\"widget\" data-widget_type=\"trx_sc_title.default\">\n\t\t\t\t<div class=\"elementor-widget-container\">\n\t\t\t<div\t\tclass=\"sc_title sc_title_default\" ><h1 class=\"sc_item_title sc_title_title sc_align_center sc_item_title_style_default sc_item_title_tag trx_addons_inline_723166713\"\n\t\t\t><span class=\"sc_item_title_text\">Easter is just around the corner<\/span><\/h1><\/div>\t\t<\/div>\n\t\t\t\t<\/div>\n\t\t\t\t<div class=\"elementor-element elementor-element-e0af146 sc_fly_static elementor-widget elementor-widget-spacer\" data-id=\"e0af146\" data-element_type=\"widget\" data-widget_type=\"spacer.default\">\n\t\t\t\t<div class=\"elementor-widget-container\">\n\t\t\t\t\t<div class=\"elementor-spacer\">\n\t\t\t<div class=\"elementor-spacer-inner\"><\/div>\n\t\t<\/div>\n\t\t\t\t<\/div>\n\t\t\t\t<\/div>\n\t\t\t\t\t<\/div>\n\t\t<\/div>\n\t\t\t\t\t<\/div>\n\t\t<\/section>\n\t\t\t\t<section class=\"elementor-section elementor-top-section elementor-element elementor-element-71e57da6 elementor-section-boxed elementor-section-height-default elementor-section-height-default sc_fly_static\" data-id=\"71e57da6\" data-element_type=\"section\" data-settings=\"{&quot;background_background&quot;:&quot;classic&quot;,&quot;_ha_eqh_enable&quot;:false}\">\n\t\t\t\t\t\t<div class=\"elementor-container elementor-column-gap-extended\">\n\t\t\t\t\t<div class=\"elementor-column elementor-col-100 elementor-top-column elementor-element elementor-element-3ff961ed sc_content_align_inherit sc_layouts_column_icons_position_left sc_fly_static\" data-id=\"3ff961ed\" data-element_type=\"column\">\n\t\t\t<div class=\"elementor-widget-wrap elementor-element-populated\">\n\t\t\t\t\t\t<section class=\"elementor-section elementor-inner-section elementor-element elementor-element-801d5b7 elementor-section-boxed elementor-section-height-default elementor-section-height-default sc_fly_static\" data-id=\"801d5b7\" data-element_type=\"section\" data-settings=\"{&quot;_ha_eqh_enable&quot;:false}\">\n\t\t\t\t\t\t<div class=\"elementor-container elementor-column-gap-extended\">\n\t\t\t\t\t<div class=\"elementor-column elementor-col-100 elementor-inner-column elementor-element elementor-element-491d389 sc_content_align_inherit sc_layouts_column_icons_position_left sc_fly_static\" data-id=\"491d389\" data-element_type=\"column\" data-settings=\"{&quot;background_background&quot;:&quot;classic&quot;}\">\n\t\t\t<div class=\"elementor-widget-wrap elementor-element-populated\">\n\t\t\t\t\t\t<div class=\"elementor-element elementor-element-8d538ee sc_fly_static elementor-widget elementor-widget-heading\" data-id=\"8d538ee\" data-element_type=\"widget\" data-widget_type=\"heading.default\">\n\t\t\t\t<div class=\"elementor-widget-container\">\n\t\t\t<h5 class=\"elementor-heading-title elementor-size-default\">Easter is just around the corner<\/h5>\t\t<\/div>\n\t\t\t\t<\/div>\n\t\t\t\t<div class=\"elementor-element elementor-element-fe63794 sc_fly_static elementor-widget elementor-widget-text-editor\" data-id=\"fe63794\" data-element_type=\"widget\" data-widget_type=\"text-editor.default\">\n\t\t\t\t<div class=\"elementor-widget-container\">\n\t\t\t\t\t\t\t<p style=\"font-weight: 400\">Spend Good Friday, Easter Sunday, or Easter Monday in a stylish setting and enjoy unforgettable hours with your family in our restaurant. Whether for lunch or dinner, our dedicated Qube team warmly welcomes you and ensures a thoroughly enjoyable and relaxed dining experience. Look forward to a festive Easter arrangement that combines culinary variety with a warm, family atmosphere. While the adults are pampered in a pleasant ambiance, we invite children to join us for a fun Easter wreath-making activity. Each child receives an Easter basket, which they can decorate right at the table with their parents. Afterward, our team will fill the basket with little surprises \u2013 a special highlight that will make children's eyes light up and make Easter Sunday an unforgettable experience.<\/p><p style=\"font-weight: 400\">Whether you prefer a festive Easter arrangement or an individual selection \u2013 we cordially invite you to enjoy your Easter experience entirely according to your wishes and, of course, to dine \u00e0 la carte.<\/p>\t\t\t\t\t\t<\/div>\n\t\t\t\t<\/div>\n\t\t\t\t\t<\/div>\n\t\t<\/div>\n\t\t\t\t\t<\/div>\n\t\t<\/section>\n\t\t\t\t\t<\/div>\n\t\t<\/div>\n\t\t\t\t\t<\/div>\n\t\t<\/section>\n\t\t\t\t<section class=\"elementor-section elementor-top-section elementor-element elementor-element-f990a6f elementor-section-boxed elementor-section-height-default elementor-section-height-default sc_fly_static\" data-id=\"f990a6f\" data-element_type=\"section\" data-settings=\"{&quot;_ha_eqh_enable&quot;:false}\">\n\t\t\t\t\t\t<div class=\"elementor-container elementor-column-gap-extended\">\n\t\t\t\t\t<div class=\"elementor-column elementor-col-100 elementor-top-column elementor-element elementor-element-9c9ec78 sc_content_align_inherit sc_layouts_column_icons_position_left sc_fly_static\" data-id=\"9c9ec78\" data-element_type=\"column\">\n\t\t\t<div class=\"elementor-widget-wrap elementor-element-populated\">\n\t\t\t\t\t\t<section class=\"elementor-section elementor-inner-section elementor-element elementor-element-ccd882c elementor-section-boxed elementor-section-height-default elementor-section-height-default sc_fly_static\" data-id=\"ccd882c\" data-element_type=\"section\" data-settings=\"{&quot;_ha_eqh_enable&quot;:false}\">\n\t\t\t\t\t\t<div class=\"elementor-container elementor-column-gap-extended\">\n\t\t\t\t\t<div class=\"elementor-column elementor-col-100 elementor-inner-column elementor-element elementor-element-9e31677 sc_content_align_inherit sc_layouts_column_icons_position_left sc_fly_static\" data-id=\"9e31677\" data-element_type=\"column\" data-settings=\"{&quot;background_background&quot;:&quot;classic&quot;}\">\n\t\t\t<div class=\"elementor-widget-wrap elementor-element-populated\">\n\t\t\t\t\t\t<div class=\"elementor-element elementor-element-cf324b3 sc_fly_static elementor-widget elementor-widget-image\" data-id=\"cf324b3\" data-element_type=\"widget\" data-widget_type=\"image.default\">\n\t\t\t\t<div class=\"elementor-widget-container\">\n\t\t\t\t\t\t\t\t\t\t\t\t\t<img fetchpriority=\"high\" decoding=\"async\" width=\"2560\" height=\"1709\" src=\"https:\/\/qube-hotel-heidelberg.de\/wp-content\/uploads\/2026\/02\/easter-concept-eggs-branches-pussy-willow-black-background-Kopie-scaled.jpg\" class=\"attachment-full size-full wp-image-34233\" alt=\"\" srcset=\"https:\/\/qube-hotel-heidelberg.de\/wp-content\/uploads\/2026\/02\/easter-concept-eggs-branches-pussy-willow-black-background-Kopie-scaled.jpg 2560w, https:\/\/qube-hotel-heidelberg.de\/wp-content\/uploads\/2026\/02\/easter-concept-eggs-branches-pussy-willow-black-background-Kopie-300x200.jpg 300w, https:\/\/qube-hotel-heidelberg.de\/wp-content\/uploads\/2026\/02\/easter-concept-eggs-branches-pussy-willow-black-background-Kopie-1024x684.jpg 1024w, https:\/\/qube-hotel-heidelberg.de\/wp-content\/uploads\/2026\/02\/easter-concept-eggs-branches-pussy-willow-black-background-Kopie-768x513.jpg 768w, https:\/\/qube-hotel-heidelberg.de\/wp-content\/uploads\/2026\/02\/easter-concept-eggs-branches-pussy-willow-black-background-Kopie-1536x1025.jpg 1536w, https:\/\/qube-hotel-heidelberg.de\/wp-content\/uploads\/2026\/02\/easter-concept-eggs-branches-pussy-willow-black-background-Kopie-2048x1367.jpg 2048w, https:\/\/qube-hotel-heidelberg.de\/wp-content\/uploads\/2026\/02\/easter-concept-eggs-branches-pussy-willow-black-background-Kopie-18x12.jpg 18w, https:\/\/qube-hotel-heidelberg.de\/wp-content\/uploads\/2026\/02\/easter-concept-eggs-branches-pussy-willow-black-background-Kopie-370x247.jpg 370w, https:\/\/qube-hotel-heidelberg.de\/wp-content\/uploads\/2026\/02\/easter-concept-eggs-branches-pussy-willow-black-background-Kopie-840x561.jpg 840w, https:\/\/qube-hotel-heidelberg.de\/wp-content\/uploads\/2026\/02\/easter-concept-eggs-branches-pussy-willow-black-background-Kopie-410x274.jpg 410w\" sizes=\"(max-width: 2560px) 100vw, 2560px\" \/>\t\t\t\t\t\t\t\t\t\t\t\t\t<\/div>\n\t\t\t\t<\/div>\n\t\t\t\t<div class=\"elementor-element elementor-element-13b0f48 ha-has-bg-overlay sc_fly_static elementor-widget elementor-widget-ha-pricing-table happy-addon ha-pricing-table happy-addon-pro\" data-id=\"13b0f48\" data-element_type=\"widget\" data-widget_type=\"ha-pricing-table.default\">\n\t\t\t\t<div class=\"elementor-widget-container\">\n\t\t\t\n\t\t\n\t\t<div class=\"ha-pricing-table-header\">\n\t\t\t\t\t\t\t\t\t\t\t\t\t\t\t\t\t<h1 class=\"ha-pricing-table-title\">Easter Menu 2026 Qube Restaurant Bergheim<\/h1>\t\t\t\t\t\t\t\t<\/div>\n\n\t\t\t\t<div class=\"ha-pricing-table-body\">\n\t\t\t\n\t\t\t\t\t<\/div>\n\n\t\t\t\t\t<div class=\"ha-pricing-table-description\"><strong style=\"color:#A71D22\">Asparagus and strawberry salad<\/strong>\n <br> \nwith arugula, burrata and honey-mustard vinaigrette\n<br> ***  <br>\n \n<strong style=\"color:#A71D22\">Fried salmon fillet<\/strong>\n <br> \non asparagus risotto with saffron foam\n <br> or <br> \n<strong style=\"color:#A71D22\"> Roasted rack of lamb<\/strong><br>\nwith rosemary jus, potato gratin and glazed carrots\n <br> or <br> \n \n<strong style=\"color:#A71D22\">Linguine with green asparagus<\/strong><br>\nCherry tomatoes and lemon-parmesan sauce\n<br> ***  <br>\n \n<strong style=\"color:#A71D22\">Strawberry mascarpone tartlets<\/strong><br>\nin a glass with white chocolate and homemade lemon-mint sorbet<br><br>\n3 courses, EUR 59.00 per person<br>\n-Fish or lamb-<br>\n3-G\u00e4nge, EUR 49,00 pro Person<br>\n-Pasta-<br>\n <br>\n2 courses, EUR 49.00 per person<br>\n-Fish or lamb-<br>\n2 courses, EUR 39.00 per person<br>\n-Pasta-<br>\nStarter &amp; Main Course or Main Course &amp; Dessert<br><br><br>\n \n<strong style=\"color:#A71D22\">For our little Qubies we serve<\/strong><br>\n \nFrench fries with ketchup or mayonnaise\n<br>EUR 5.00<br><br>\n \nPasta in butter or braised tomato sauce\n<br>EUR 8.00<br><br>\n \nMashed buttered potatoes with a fried egg or Nuremberg sausages<br>\nEUR 10,00<br><br>\n \nTurkey schnitzel with French fries and ketchup<br>\nEUR 10,00<br><br>\n \nscoop of ice cream or sorbet<br>\nEUR 3,00<br><br>\n<\/div>\n\t\t\n\t\t\t\t\t<div class=\"ha-pricing-table-price\">\n\t\t\t\t<div class=\"ha-pricing-table-price-tag\">\n\t\t\t\t\t\t\t\t\t\t<div class=\"ha-pricing-table-current-price\">\n\t\t\t\t\t\t\t\t\t\t\t\t\t<span class=\"ha-pricing-table-currency\"><\/span><span class=\"ha-pricing-table-price-text\"><\/span>\n\t\t\t\t\t\t\t\t\t\t\t<\/div>\n\t\t\t\t<\/div>\n\t\t\t\t\t\t\t<\/div>\n\t\t\n\t\t\t\t\t<a class=\"ha-pricing-table-btn\" href=\"https:\/\/qube-hotel-heidelberg.de\/en\/tischreservierung_bergheim\/\">Book now<\/a>\n\t\t\n\t\t\t\t\t<div class=\"ha-pricing-table-footer-description\">We recommend booking early to secure a place for yourself and your family at this special celebration.\n <br>\nWe look forward to welcoming and pampering you and your family during the Easter holidays.\n <br> <br> <br><\/div>\n\t\t\n\t\t\t\t<\/div>\n\t\t\t\t<\/div>\n\t\t\t\t\t<\/div>\n\t\t<\/div>\n\t\t\t\t\t<\/div>\n\t\t<\/section>\n\t\t\t\t\t<\/div>\n\t\t<\/div>\n\t\t\t\t\t<\/div>\n\t\t<\/section>\n\t\t\t\t<section class=\"elementor-section elementor-top-section elementor-element elementor-element-54be5a4 elementor-section-boxed elementor-section-height-default elementor-section-height-default sc_fly_static\" data-id=\"54be5a4\" data-element_type=\"section\" data-settings=\"{&quot;_ha_eqh_enable&quot;:false}\">\n\t\t\t\t\t\t<div class=\"elementor-container elementor-column-gap-extended\">\n\t\t\t\t\t<div class=\"elementor-column elementor-col-100 elementor-top-column elementor-element elementor-element-2e5b0e2 sc_content_align_inherit sc_layouts_column_icons_position_left sc_fly_static\" data-id=\"2e5b0e2\" data-element_type=\"column\">\n\t\t\t<div class=\"elementor-widget-wrap elementor-element-populated\">\n\t\t\t\t<div class=\"elementor-element elementor-element-466037a e-con-full sc_layouts_hide_on_tablet sc_layouts_hide_on_mobile e-flex sc_layouts_column_icons_position_left e-con e-parent\" data-id=\"466037a\" data-element_type=\"container\" data-settings=\"{&quot;_ha_eqh_enable&quot;:false}\">\n\t\t<div class=\"elementor-element elementor-element-8778192 e-con-full e-flex sc_layouts_column_icons_position_left e-con e-child\" data-id=\"8778192\" data-element_type=\"container\" data-settings=\"{&quot;background_background&quot;:&quot;classic&quot;,&quot;_ha_eqh_enable&quot;:false}\">\n\t\t\t\t<div class=\"elementor-element elementor-element-9491675 elementor-view-default sc_fly_static elementor-widget elementor-widget-icon\" data-id=\"9491675\" data-element_type=\"widget\" data-widget_type=\"icon.default\">\n\t\t\t\t<div class=\"elementor-widget-container\">\n\t\t\t\t\t<div class=\"elementor-icon-wrapper\">\n\t\t\t<div class=\"elementor-icon\">\n\t\t\t<i aria-hidden=\"true\" class=\"icon icon-clock11\"><\/i>\t\t\t<\/div>\n\t\t<\/div>\n\t\t\t\t<\/div>\n\t\t\t\t<\/div>\n\t\t\t\t<div class=\"elementor-element elementor-element-bae2cc6 sc_fly_static elementor-widget elementor-widget-heading\" data-id=\"bae2cc6\" data-element_type=\"widget\" data-widget_type=\"heading.default\">\n\t\t\t\t<div class=\"elementor-widget-container\">\n\t\t\t<h2 class=\"elementor-heading-title elementor-size-default\">Easter opening times 2026<\/h2>\t\t<\/div>\n\t\t\t\t<\/div>\n\t\t\t\t<div class=\"elementor-element elementor-element-1a1ed1f sc_fly_static elementor-widget elementor-widget-text-editor\" data-id=\"1a1ed1f\" data-element_type=\"widget\" data-widget_type=\"text-editor.default\">\n\t\t\t\t<div class=\"elementor-widget-container\">\n\t\t\t\t\t\t\t<p>Please note that our <a href=\"https:\/\/qube-hotel-heidelberg.de\/en\/ostern_oeffnungszeiten_bergheim\/\" rel=\"noopener\" data-start=\"134\" data-end=\"157\">Opening hours<\/a> change during the Easter holidays.<\/p>\t\t\t\t\t\t<\/div>\n\t\t\t\t<\/div>\n\t\t\t\t<\/div>\n\t\t\t\t<\/div>\n\t\t\t\t\t<\/div>\n\t\t<\/div>\n\t\t\t\t\t<\/div>\n\t\t<\/section>\n\t\t\t\t<\/div>","protected":false},"excerpt":{"rendered":"<p>Ostern steht vor der T\u00fcr Ostern steht vor der T\u00fcr Verbringen Sie den Karfreitag, Ostersonntag oder den Ostermontag in stilvollem Ambiente und genie\u00dfen Sie gemeinsam mit Ihrer Familie unvergessliche Stunden&hellip;<\/p>","protected":false},"author":1,"featured_media":0,"parent":0,"menu_order":0,"comment_status":"closed","ping_status":"closed","template":"","meta":{"footnotes":""},"class_list":["post-30572","page","type-page","status-publish","hentry"],"_links":{"self":[{"href":"https:\/\/qube-hotel-heidelberg.de\/en\/wp-json\/wp\/v2\/pages\/30572","targetHints":{"allow":["GET"]}}],"collection":[{"href":"https:\/\/qube-hotel-heidelberg.de\/en\/wp-json\/wp\/v2\/pages"}],"about":[{"href":"https:\/\/qube-hotel-heidelberg.de\/en\/wp-json\/wp\/v2\/types\/page"}],"author":[{"embeddable":true,"href":"https:\/\/qube-hotel-heidelberg.de\/en\/wp-json\/wp\/v2\/users\/1"}],"replies":[{"embeddable":true,"href":"https:\/\/qube-hotel-heidelberg.de\/en\/wp-json\/wp\/v2\/comments?post=30572"}],"version-history":[{"count":65,"href":"https:\/\/qube-hotel-heidelberg.de\/en\/wp-json\/wp\/v2\/pages\/30572\/revisions"}],"predecessor-version":[{"id":34348,"href":"https:\/\/qube-hotel-heidelberg.de\/en\/wp-json\/wp\/v2\/pages\/30572\/revisions\/34348"}],"wp:attachment":[{"href":"https:\/\/qube-hotel-heidelberg.de\/en\/wp-json\/wp\/v2\/media?parent=30572"}],"curies":[{"name":"wp","href":"https:\/\/api.w.org\/{rel}","templated":true}]}}