{"id":30600,"date":"2025-02-23T22:28:31","date_gmt":"2025-02-23T22:28:31","guid":{"rendered":"https:\/\/qube-hotel-heidelberg.de\/?page_id=30600"},"modified":"2026-02-26T12:19:30","modified_gmt":"2026-02-26T12:19:30","slug":"ostern_oeffnungszeiten_bergheim","status":"publish","type":"page","link":"https:\/\/qube-hotel-heidelberg.de\/en\/ostern_oeffnungszeiten_bergheim\/","title":{"rendered":"Ostern_\u00d6ffnungszeiten_Bergheim"},"content":{"rendered":"<div data-elementor-type=\"wp-page\" data-elementor-id=\"30600\" class=\"elementor elementor-30600\" data-elementor-post-type=\"page\">\n\t\t\t\t\t\t<section class=\"elementor-section elementor-top-section elementor-element elementor-element-8d07c5f elementor-section-full_width scheme_light elementor-section-height-min-height elementor-section-height-default elementor-section-items-middle sc_fly_static\" data-id=\"8d07c5f\" data-element_type=\"section\" data-settings=\"{&quot;background_background&quot;:&quot;classic&quot;,&quot;background_motion_fx_motion_fx_scrolling&quot;:&quot;yes&quot;,&quot;background_motion_fx_opacity_effect&quot;:&quot;yes&quot;,&quot;background_motion_fx_opacity_direction&quot;:&quot;in-out&quot;,&quot;background_motion_fx_opacity_range&quot;:{&quot;unit&quot;:&quot;%&quot;,&quot;size&quot;:&quot;&quot;,&quot;sizes&quot;:{&quot;start&quot;:36,&quot;end&quot;:48}},&quot;background_motion_fx_scale_effect&quot;:&quot;yes&quot;,&quot;background_motion_fx_scale_speed&quot;:{&quot;unit&quot;:&quot;px&quot;,&quot;size&quot;:3,&quot;sizes&quot;:[]},&quot;background_motion_fx_scale_range&quot;:{&quot;unit&quot;:&quot;%&quot;,&quot;size&quot;:&quot;&quot;,&quot;sizes&quot;:{&quot;start&quot;:21,&quot;end&quot;:69}},&quot;background_motion_fx_opacity_level&quot;:{&quot;unit&quot;:&quot;px&quot;,&quot;size&quot;:10,&quot;sizes&quot;:[]},&quot;background_motion_fx_scale_direction&quot;:&quot;out-in&quot;,&quot;background_motion_fx_devices&quot;:[&quot;desktop&quot;,&quot;tablet&quot;,&quot;mobile&quot;],&quot;_ha_eqh_enable&quot;:false}\">\n\t\t\t\t\t\t\t<div class=\"elementor-background-overlay\"><\/div>\n\t\t\t\t\t\t\t<div class=\"elementor-container elementor-column-gap-default\">\n\t\t\t\t\t<div class=\"elementor-column elementor-col-100 elementor-top-column elementor-element elementor-element-35ac960 sc-mobile_inner_width_none sc-mobile_content_align_inherit sc-tablet_inner_width_none sc_content_align_inherit sc_layouts_column_icons_position_left sc_fly_static\" data-id=\"35ac960\" data-element_type=\"column\">\n\t\t\t<div class=\"elementor-widget-wrap elementor-element-populated\">\n\t\t\t\t\t\t<div class=\"elementor-element elementor-element-d72bfcd sc_fly_static elementor-widget elementor-widget-spacer\" data-id=\"d72bfcd\" data-element_type=\"widget\" data-widget_type=\"spacer.default\">\n\t\t\t\t<div class=\"elementor-widget-container\">\n\t\t\t\t\t<div class=\"elementor-spacer\">\n\t\t\t<div class=\"elementor-spacer-inner\"><\/div>\n\t\t<\/div>\n\t\t\t\t<\/div>\n\t\t\t\t<\/div>\n\t\t\t\t<div class=\"elementor-element elementor-element-07ccd7c ha-has-bg-overlay sc_fly_static elementor-widget elementor-widget-trx_sc_title\" data-id=\"07ccd7c\" data-element_type=\"widget\" data-widget_type=\"trx_sc_title.default\">\n\t\t\t\t<div class=\"elementor-widget-container\">\n\t\t\t<div\t\tclass=\"sc_title sc_title_default\" ><h5 class=\"sc_item_title sc_title_title sc_align_center sc_item_title_style_default sc_item_title_tag trx_addons_inline_1236244797\"\n\t\t\t><span class=\"sc_item_title_text\">Easter opening times 2026<\/span><\/h5><\/div>\t\t<\/div>\n\t\t\t\t<\/div>\n\t\t\t\t<div class=\"elementor-element elementor-element-e0af146 sc_fly_static elementor-widget elementor-widget-spacer\" data-id=\"e0af146\" data-element_type=\"widget\" data-widget_type=\"spacer.default\">\n\t\t\t\t<div class=\"elementor-widget-container\">\n\t\t\t\t\t<div class=\"elementor-spacer\">\n\t\t\t<div class=\"elementor-spacer-inner\"><\/div>\n\t\t<\/div>\n\t\t\t\t<\/div>\n\t\t\t\t<\/div>\n\t\t\t\t\t<\/div>\n\t\t<\/div>\n\t\t\t\t\t<\/div>\n\t\t<\/section>\n\t\t\t\t<section class=\"elementor-section elementor-top-section elementor-element elementor-element-71e57da6 elementor-section-full_width elementor-section-height-default elementor-section-height-default sc_fly_static\" data-id=\"71e57da6\" data-element_type=\"section\" data-settings=\"{&quot;background_background&quot;:&quot;classic&quot;,&quot;_ha_eqh_enable&quot;:false}\">\n\t\t\t\t\t\t<div class=\"elementor-container elementor-column-gap-extended\">\n\t\t\t\t\t<div class=\"elementor-column elementor-col-100 elementor-top-column elementor-element elementor-element-3ff961ed sc_content_align_inherit sc_layouts_column_icons_position_left sc_fly_static\" data-id=\"3ff961ed\" data-element_type=\"column\">\n\t\t\t<div class=\"elementor-widget-wrap elementor-element-populated\">\n\t\t\t\t\t\t<div class=\"elementor-element elementor-element-9efb68e sc_fly_static elementor-widget elementor-widget-html\" data-id=\"9efb68e\" data-element_type=\"widget\" data-widget_type=\"html.default\">\n\t\t\t\t<div class=\"elementor-widget-container\">\n\t\t\t<!DOCTYPE html>\n<html lang=\"de\">\n<head>\n  <meta charset=\"UTF-8\" \/>\n  <meta name=\"viewport\" content=\"width=device-width, initial-scale=1.0\"\/>\n  <title>\u00d6ffnungszeiten \u00fcber Ostern<\/title>\n  <style>\n   table {\n  width: 980px;           \/* feste Breite *\/\n  max-width: 100%;        \/* mobile bleibt ok *\/\n  margin: auto;           \/* zentriert *\/\n  table-layout: fixed;    \/* Spalten bleiben gleich breit *\/\n  border-collapse: collapse !important;\n  border: 1px solid black;\n  font-family: 'Qube', sans-serif;\n}\n\n    table th,\n    table td {\n                           \n      padding: 10px;\n      border: 1px solid #000 !important;\n    }\n\n    th {\n                           \n              \n      background-color: #f2f2f2;\n      font-weight: bold;\n      color: #333;\n    }\n\n    @media (max-width: 768px) {\n      thead { display: none; }\n\n      table, tbody, tr, td {\n               \n        display: block;\n        width: 100%;\n      }\n\n      tr {\n        margin-bottom: 1rem;\n        border: 1px solid #000000;\n        padding: 0.5rem;\n        border-radius: 0px;\n      }\n\n      td {\n        position: relative;\n        border: none;\n        border-bottom: 1px solid #ddd;\n        padding: 0.5rem;\n      }\n\n      td::before {\n\n        display: block;\n        font-weight: bold;\n        margin-bottom: 0.25rem;\n        content: attr(data-label) \":\";\n      }\n\n      td:last-child {\n    \n           border-bottom: none; }\n    }\n  <\/style>\n<\/head>\n<body>\n\n<div style=\"overflow-x:auto;\">\n  <table>\n    <thead>\n      <tr>\n        <th style=\"color:#333\">weekday<\/th>\n        <th style=\"color:#333\">Date<\/th>\n        <th style=\"color:#333\">Breakfast<\/th>\n        <th style=\"color:#333\">Lunch menu<\/th>\n        <th style=\"color:#333\">Evening Menu<\/th>\n        <th style=\"color:#333\">Hotel bar<\/th>\n      <\/tr>\n    <\/thead>\n\n    <tbody>\n      <tr>\n        <td \n        data-label=\"Wochentag\">Monday the<\/td>\n        <td  data-label=\"Datum\">30.03.2026<\/td>\n        <td   data-label=\"Fr\u00fchst\u00fcck\">06:30 \u2013 10:30<\/td>\n        <td  data-label=\"Mittagskarte\">12:00 \u2013 14:30<\/td>\n        <td   data-label=\"Abendessen\">18:00 \u2013 22:00<\/td>\n        <td  data-label=\"Hotelbar\">17:00 \u2013 01:00<\/td>\n      <\/tr>\n\n      <tr>\n        <td data-label=\"Wochentag\">Tuesday the<\/td>\n        <td data-label=\"Datum\">31.03.2026<\/td>\n        <td data-label=\"Fr\u00fchst\u00fcck\">06:30 \u2013 10:30<\/td>\n        <td data-label=\"Mittagskarte\">12:00 \u2013 14:30<\/td>\n        <td data-label=\"Abendessen\">18:00 \u2013 22:00<\/td>\n        <td data-label=\"Hotelbar\">17:00 \u2013 01:00<\/td>\n      <\/tr>\n\n      <tr>\n        <td data-label=\"Wochentag\">Wednesday the<\/td>\n        <td data-label=\"Datum\">01.04.2026<\/td>\n        <td data-label=\"Fr\u00fchst\u00fcck\">06:30 \u2013 10:30<\/td>\n        <td data-label=\"Mittagskarte\">12:00 \u2013 14:30<\/td>\n        <td data-label=\"Abendessen\">18:00 \u2013 22:00<\/td>\n        <td data-label=\"Hotelbar\">17:00 \u2013 01:00<\/td>\n      <\/tr>\n\n      <tr>\n        <td data-label=\"Wochentag\">Thursday the<\/td>\n        <td data-label=\"Datum\">02.04.2026<\/td>\n        <td data-label=\"Fr\u00fchst\u00fcck\">06:30 \u2013 10:30<\/td>\n        <td data-label=\"Mittagskarte\">12:00 \u2013 14:30<\/td>\n        <td data-label=\"Abendessen\">18:00 \u2013 22:00<\/td>\n        <td data-label=\"Hotelbar\">17:00 \u2013 01:00<\/td>\n      <\/tr>\n\n      <tr>\n        <td data-label=\"Wochentag\">Good Friday, the<\/td>\n        <td data-label=\"Datum\">03.04.2026<\/td>\n        <td data-label=\"Fr\u00fchst\u00fcck\">07:00 \u2013 11:00<\/td>\n        <td data-label=\"Mittagskarte\">12:00 \u2013 14:30<\/td>\n        <td data-label=\"Abendessen\">18:00 \u2013 22:00<\/td>\n        <td data-label=\"Hotelbar\">17:00 \u2013 02:00<\/td>\n      <\/tr>\n\n      <tr>\n        <td data-label=\"Wochentag\">Saturday the<\/td>\n        <td data-label=\"Datum\">04.04.2026<\/td>\n        <td data-label=\"Fr\u00fchst\u00fcck\">07:00 \u2013 11:00<\/td>\n        <td data-label=\"Mittagskarte\">12:00 \u2013 14:30<\/td>\n        <td data-label=\"Abendessen\">18:00 \u2013 22:00<\/td>\n        <td data-label=\"Hotelbar\">17:00 \u2013 02:00<\/td>\n      <\/tr>\n\n      <tr>\n        <td data-label=\"Wochentag\">Easter Sunday, the<\/td>\n        <td data-label=\"Datum\">05.04.2026<\/td>\n        <td data-label=\"Fr\u00fchst\u00fcck\">07:00 \u2013 11:00<\/td>\n        <td data-label=\"Mittagskarte\">12:00 \u2013 14:30<\/td>\n        <td data-label=\"Abendessen\">18:00 \u2013 22:00<\/td>\n        <td data-label=\"Hotelbar\">17:00 \u2013 01:00<\/td>\n      <\/tr>\n\n      <tr>\n        <td data-label=\"Wochentag\">Easter Monday, the<\/td>\n        <td data-label=\"Datum\">06.04.2026<\/td>\n        <td data-label=\"Fr\u00fchst\u00fcck\">07:00 \u2013 11:00<\/td>\n        <td data-label=\"Mittagskarte\">12:00 \u2013 14:30<\/td>\n        <td data-label=\"Abendessen\">18:00 \u2013 22:00<\/td>\n        <td data-label=\"Hotelbar\">17:00 \u2013 01:00<\/td>\n      <\/tr>\n\n      <tr>\n        <td data-label=\"Wochentag\">Tuesday the<\/td>\n        <td data-label=\"Datum\">07.04.2026<\/td>\n        <td data-label=\"Fr\u00fchst\u00fcck\">06:30 \u2013 10:30<\/td>\n        <td data-label=\"Mittagskarte\">12:00 \u2013 14:30<\/td>\n        <td data-label=\"Abendessen\">18:00 \u2013 22:00<\/td>\n        <td data-label=\"Hotelbar\">17:00 \u2013 01:00<\/td>\n      <\/tr>\n\n      <tr>\n        <td data-label=\"Wochentag\">Wednesday the<\/td>\n        <td data-label=\"Datum\">08.04.2026<\/td>\n        <td data-label=\"Fr\u00fchst\u00fcck\">06:30 \u2013 10:30<\/td>\n        <td data-label=\"Mittagskarte\">12:00 \u2013 14:30<\/td>\n        <td data-label=\"Abendessen\">18:00 \u2013 22:00<\/td>\n        <td data-label=\"Hotelbar\">17:00 \u2013 01:00<\/td>\n      <\/tr>\n\n      <tr>\n        <td data-label=\"Wochentag\">Thursday the<\/td>\n        <td data-label=\"Datum\">09.04.2026<\/td>\n        <td data-label=\"Fr\u00fchst\u00fcck\">06:30 \u2013 10:30<\/td>\n        <td data-label=\"Mittagskarte\">12:00 \u2013 14:30<\/td>\n        <td data-label=\"Abendessen\">18:00 \u2013 22:00<\/td>\n        <td data-label=\"Hotelbar\">17:00 \u2013 01:00<\/td>\n      <\/tr>\n\n      <tr>\n        <td data-label=\"Wochentag\">Friday the<\/td>\n        <td data-label=\"Datum\">10.04.2026<\/td>\n        <td data-label=\"Fr\u00fchst\u00fcck\">06:30 \u2013 10:30<\/td>\n        <td data-label=\"Mittagskarte\">12:00 \u2013 14:30<\/td>\n        <td data-label=\"Abendessen\">18:00 \u2013 22:00<\/td>\n        <td data-label=\"Hotelbar\">17:00 \u2013 02:00<\/td>\n      <\/tr>\n\n      <tr>\n        <td data-label=\"Wochentag\">Saturday the<\/td>\n        <td data-label=\"Datum\">11.04.2026<\/td>\n        <td data-label=\"Fr\u00fchst\u00fcck\">07:00 \u2013 11:00<\/td>\n        <td data-label=\"Mittagskarte\">12:00 \u2013 14:30<\/td>\n        <td data-label=\"Abendessen\">18:00 \u2013 22:00<\/td>\n        <td data-label=\"Hotelbar\">17:00 \u2013 02:00<\/td>\n      <\/tr>\n\n      <tr>\n        <td data-label=\"Wochentag\">Sunday, the<\/td>\n        <td data-label=\"Datum\">12.04.2026<\/td>\n        <td data-label=\"Fr\u00fchst\u00fcck\">07:00 \u2013 11:30<\/td>\n        <td data-label=\"Mittagskarte\">closed<\/td>\n        <td data-label=\"Abendessen\">closed<\/td>\n        <td data-label=\"Hotelbar\">closed<\/td>\n      <\/tr>\n    <\/tbody>\n  <\/table>\n<\/div>\n\n<\/body>\n<\/html>\t\t<\/div>\n\t\t\t\t<\/div>\n\t\t\t\t\t<\/div>\n\t\t<\/div>\n\t\t\t\t\t<\/div>\n\t\t<\/section>\n\t\t\t\t<\/div>","protected":false},"excerpt":{"rendered":"<p>\u00d6ffnungszeiten zu Ostern 2026 \u00d6ffnungszeiten \u00fcber Ostern Wochentag Datum Fr\u00fchst\u00fcck Mittagskarte Abendessen Hotelbar Montag, den 30.03.2026 06:30 \u2013 10:30 12:00 \u2013 14:30 18:00 \u2013 22:00 17:00 \u2013 01:00 Dienstag, den&hellip;<\/p>","protected":false},"author":1,"featured_media":0,"parent":0,"menu_order":0,"comment_status":"closed","ping_status":"closed","template":"","meta":{"footnotes":""},"class_list":["post-30600","page","type-page","status-publish","hentry"],"_links":{"self":[{"href":"https:\/\/qube-hotel-heidelberg.de\/en\/wp-json\/wp\/v2\/pages\/30600","targetHints":{"allow":["GET"]}}],"collection":[{"href":"https:\/\/qube-hotel-heidelberg.de\/en\/wp-json\/wp\/v2\/pages"}],"about":[{"href":"https:\/\/qube-hotel-heidelberg.de\/en\/wp-json\/wp\/v2\/types\/page"}],"author":[{"embeddable":true,"href":"https:\/\/qube-hotel-heidelberg.de\/en\/wp-json\/wp\/v2\/users\/1"}],"replies":[{"embeddable":true,"href":"https:\/\/qube-hotel-heidelberg.de\/en\/wp-json\/wp\/v2\/comments?post=30600"}],"version-history":[{"count":64,"href":"https:\/\/qube-hotel-heidelberg.de\/en\/wp-json\/wp\/v2\/pages\/30600\/revisions"}],"predecessor-version":[{"id":34400,"href":"https:\/\/qube-hotel-heidelberg.de\/en\/wp-json\/wp\/v2\/pages\/30600\/revisions\/34400"}],"wp:attachment":[{"href":"https:\/\/qube-hotel-heidelberg.de\/en\/wp-json\/wp\/v2\/media?parent=30600"}],"curies":[{"name":"wp","href":"https:\/\/api.w.org\/{rel}","templated":true}]}}