{"id":31751,"date":"2025-06-04T08:42:58","date_gmt":"2025-06-04T08:42:58","guid":{"rendered":"https:\/\/qube-hotel-heidelberg.de\/?page_id=31751"},"modified":"2025-07-24T08:02:17","modified_gmt":"2025-07-24T08:02:17","slug":"barrierefreiheitserklaerung","status":"publish","type":"page","link":"https:\/\/qube-hotel-heidelberg.de\/en\/barrierefreiheitserklaerung\/","title":{"rendered":"Barrierefreiheitserklaerung"},"content":{"rendered":"<div data-elementor-type=\"wp-page\" data-elementor-id=\"31751\" class=\"elementor elementor-31751\" data-elementor-post-type=\"page\">\n\t\t\t\t\t\t<section class=\"elementor-section elementor-top-section elementor-element elementor-element-4fc56a8 elementor-section-full_width scheme_dark elementor-section-height-full elementor-section-height-default elementor-section-items-middle sc_fly_static\" data-id=\"4fc56a8\" data-element_type=\"section\" data-settings=\"{&quot;background_background&quot;:&quot;classic&quot;,&quot;background_motion_fx_motion_fx_scrolling&quot;:&quot;yes&quot;,&quot;background_motion_fx_opacity_effect&quot;:&quot;yes&quot;,&quot;background_motion_fx_opacity_direction&quot;:&quot;in-out&quot;,&quot;background_motion_fx_opacity_range&quot;:{&quot;unit&quot;:&quot;%&quot;,&quot;size&quot;:&quot;&quot;,&quot;sizes&quot;:{&quot;start&quot;:36,&quot;end&quot;:48}},&quot;background_motion_fx_scale_effect&quot;:&quot;yes&quot;,&quot;background_motion_fx_scale_speed&quot;:{&quot;unit&quot;:&quot;px&quot;,&quot;size&quot;:3,&quot;sizes&quot;:[]},&quot;background_motion_fx_scale_range&quot;:{&quot;unit&quot;:&quot;%&quot;,&quot;size&quot;:&quot;&quot;,&quot;sizes&quot;:{&quot;start&quot;:21,&quot;end&quot;:69}},&quot;background_motion_fx_opacity_level&quot;:{&quot;unit&quot;:&quot;px&quot;,&quot;size&quot;:10,&quot;sizes&quot;:[]},&quot;background_motion_fx_scale_direction&quot;:&quot;out-in&quot;,&quot;background_motion_fx_devices&quot;:[&quot;desktop&quot;,&quot;tablet&quot;,&quot;mobile&quot;],&quot;_ha_eqh_enable&quot;:false}\">\n\t\t\t\t\t\t\t<div class=\"elementor-background-overlay\"><\/div>\n\t\t\t\t\t\t\t<div class=\"elementor-container elementor-column-gap-no\">\n\t\t\t\t\t<div class=\"elementor-column elementor-col-100 elementor-top-column elementor-element elementor-element-9934c12 sc-mobile_inner_width_none sc-mobile_content_align_inherit sc-tablet_inner_width_none sc_content_align_inherit sc_layouts_column_icons_position_left sc_fly_static\" data-id=\"9934c12\" data-element_type=\"column\">\n\t\t\t<div class=\"elementor-widget-wrap elementor-element-populated\">\n\t\t\t\t\t\t<div class=\"elementor-element elementor-element-e5773d8 sc_fly_static elementor-widget elementor-widget-spacer\" data-id=\"e5773d8\" data-element_type=\"widget\" data-widget_type=\"spacer.default\">\n\t\t\t\t<div class=\"elementor-widget-container\">\n\t\t\t\t\t<div class=\"elementor-spacer\">\n\t\t\t<div class=\"elementor-spacer-inner\"><\/div>\n\t\t<\/div>\n\t\t\t\t<\/div>\n\t\t\t\t<\/div>\n\t\t\t\t<div class=\"elementor-element elementor-element-e2eb9d3 ha-has-bg-overlay sc_fly_static elementor-widget elementor-widget-trx_sc_title\" data-id=\"e2eb9d3\" data-element_type=\"widget\" data-widget_type=\"trx_sc_title.default\">\n\t\t\t\t<div class=\"elementor-widget-container\">\n\t\t\t<div\t\tclass=\"sc_title sc_title_default\" ><h1 class=\"sc_item_title sc_title_title sc_align_center sc_item_title_style_default sc_item_title_tag trx_addons_inline_910924689\"\n\t\t\t><span class=\"sc_item_title_text\">Accessibility statement<\/span><\/h1><\/div>\t\t<\/div>\n\t\t\t\t<\/div>\n\t\t\t\t<div class=\"elementor-element elementor-element-83d7e50 sc_fly_static elementor-widget elementor-widget-spacer\" data-id=\"83d7e50\" data-element_type=\"widget\" data-widget_type=\"spacer.default\">\n\t\t\t\t<div class=\"elementor-widget-container\">\n\t\t\t\t\t<div class=\"elementor-spacer\">\n\t\t\t<div class=\"elementor-spacer-inner\"><\/div>\n\t\t<\/div>\n\t\t\t\t<\/div>\n\t\t\t\t<\/div>\n\t\t\t\t\t<\/div>\n\t\t<\/div>\n\t\t\t\t\t<\/div>\n\t\t<\/section>\n\t\t\t\t<section class=\"elementor-section elementor-top-section elementor-element elementor-element-71e57da6 elementor-section-boxed elementor-section-height-default elementor-section-height-default sc_fly_static\" data-id=\"71e57da6\" data-element_type=\"section\" data-settings=\"{&quot;background_background&quot;:&quot;classic&quot;,&quot;_ha_eqh_enable&quot;:false}\">\n\t\t\t\t\t\t<div class=\"elementor-container elementor-column-gap-extended\">\n\t\t\t\t\t<div class=\"elementor-column elementor-col-100 elementor-top-column elementor-element elementor-element-b0de2da sc_content_align_inherit sc_layouts_column_icons_position_left sc_fly_static\" data-id=\"b0de2da\" data-element_type=\"column\">\n\t\t\t<div class=\"elementor-widget-wrap elementor-element-populated\">\n\t\t\t\t\t\t<div class=\"elementor-element elementor-element-fa21772 sc_fly_static elementor-widget elementor-widget-elementskit-heading\" data-id=\"fa21772\" data-element_type=\"widget\" data-widget_type=\"elementskit-heading.default\">\n\t\t\t\t<div class=\"elementor-widget-container\">\n\t\t\t<div class=\"ekit-wid-con\" ><div class=\"ekit-heading elementskit-section-title-wraper text_left   ekit_heading_tablet-   ekit_heading_mobile-\"><h2 class=\"ekit-heading--title elementskit-section-title\">Accessibility statement<\/h2>\t\t\t\t<div class='ekit-heading__description'>\n\t\t\t\t\t<h4>Name and address of the company:<\/h4>\n<p><strong>Hotel Bahnstadt GmbH<\/strong><br \/>Green Mile 21<br \/>69115 Heidelberg<br \/>Germany<\/p>\n<p><strong>domain<\/strong>:<a href=\"https:\/\/qube-hotel-heidelberg.de\/en\/\" target=\"_new\" rel=\"noopener\">https:\/\/qube-hotel-heidelberg.de<\/a><br \/><strong>Phone:<\/strong> +49\u00a0 6221 639000<br \/><strong>E-mail:<\/strong>bahnstadt@qube-heidelberg.de<\/p>\n<h4>\u00a0<\/h4>\n<h4>Introduction<\/h4>\n<p>Qube Bahnstadt GmbH endeavours to ensure that its website <strong><a href=\"https:\/\/qube-hotel-heidelberg.de\/en\/\" target=\"_new\" rel=\"noopener\">www.qube-hotel-heidelberg.de<\/a><\/strong>\u00a0to make it accessible in accordance with the Accessibility Improvement Act (BFSG).<br \/>This accessibility statement applies to the website\u00a0<strong><a href=\"https:\/\/qube-hotel-heidelberg.de\/en\/\" target=\"_new\" rel=\"noopener\">www.qube-hotel-heidelberg.de<\/a><\/strong>.<\/p>\n<h5>\u00a0<\/h5>\n<h4>Status of compliance with legal requirements<\/h4>\n<p>\u2611 This website is not accessible due to the following incompatibilities and exceptions\u00a0<strong>partially<\/strong>\u00a0compatible with the Accessibility Improvement Act (BFSG).<\/p>\n<h5>\u00a0<\/h5>\n<h4>Non-accessible content<\/h4>\n<p><strong>Incompatibility with the BFSG and the BFSGV<br \/><\/strong>- Some PDF documents are not accessible.<br \/>- Some images on the website do not have alternative text.<br \/>- The navigation menu cannot be fully operated with the keyboard.<\/p>\n<p><strong>schedule<br \/><\/strong>We are continuously working to improve the accessibility of our website. The full implementation is expected by\u00a0<strong>31.12.2025<\/strong>\u00a0planned.<\/p>\n<p><strong>Accessible alternatives<br \/><\/strong>Non-accessible content can be provided in accessible form upon request by email or telephone.<\/p>\n<h5>\u00a0<\/h5>\n<h4>Disproportionate burden<\/h4>\n<p>Some older content, such as certain PDF documents or embedded maps, can only be adapted with considerable effort. Due to the disproportionate burden, we are currently unable to offer these content in a fully accessible format.<\/p>\n<h5>\u00a0<\/h5>\n<h4>Content outside the scope<\/h4>\n<p>Some embedded external content (e.g. Google Maps, booking functions) does not fall under the requirements of the BFSG.<\/p>\n<h5>\u00a0<\/h5>\n<h4>Preparation of the declaration<\/h4>\n<p>This statement was made on\u00a0<strong>June 20, 2025<\/strong>\u00a0created.<br \/>The assessment is based on an internal self-assessment.<\/p>\n<p>Last review:\u00a0<strong>June 4, 2025<\/strong><\/p>\n<h5>\u00a0<\/h5>\n<h4>Feedback and contact<\/h4>\n<p>If you notice any accessibility issues on our website or require accessible information, please contact us:<\/p>\n<p><strong>E-mail:<\/strong> <a href=\"mailto:bahnstadt@qube-heidelberg.de\">bahnstadt@qube-heidelberg.de<\/a><br \/><strong>Phone:<\/strong> +49\u00a0 6221 639000<br \/><strong>Address:<\/strong> Qube Hotel Bahnstadt, Gr\u00fcne Meile 21, 69115 Heidelberg<\/p>\n\t\t\t\t<\/div>\n\t\t\t<\/div><\/div>\t\t<\/div>\n\t\t\t\t<\/div>\n\t\t\t\t\t<\/div>\n\t\t<\/div>\n\t\t\t\t\t<\/div>\n\t\t<\/section>\n\t\t\t\t<\/div>","protected":false},"excerpt":{"rendered":"<p>Barrierefreiheitserkl\u00e4rung Barrierefreiheitserkl\u00e4rung Name und Anschrift des Unternehmens: Hotel Bahnstadt GmbHGr\u00fcne Meile 2169115 HeidelbergDeutschland Domain:https:\/\/qube-hotel-heidelberg.deTelefon: +49\u00a0 6221 639000E-Mail:bahnstadt@qube-heidelberg.de \u00a0 Einleitung Die Qube Bahnstadt GmbH ist bem\u00fcht, ihre Website www.qube-hotel-heidelberg.de\u00a0im Einklang mit&hellip;<\/p>","protected":false},"author":1,"featured_media":0,"parent":0,"menu_order":0,"comment_status":"closed","ping_status":"closed","template":"","meta":{"footnotes":""},"class_list":["post-31751","page","type-page","status-publish","hentry"],"_links":{"self":[{"href":"https:\/\/qube-hotel-heidelberg.de\/en\/wp-json\/wp\/v2\/pages\/31751","targetHints":{"allow":["GET"]}}],"collection":[{"href":"https:\/\/qube-hotel-heidelberg.de\/en\/wp-json\/wp\/v2\/pages"}],"about":[{"href":"https:\/\/qube-hotel-heidelberg.de\/en\/wp-json\/wp\/v2\/types\/page"}],"author":[{"embeddable":true,"href":"https:\/\/qube-hotel-heidelberg.de\/en\/wp-json\/wp\/v2\/users\/1"}],"replies":[{"embeddable":true,"href":"https:\/\/qube-hotel-heidelberg.de\/en\/wp-json\/wp\/v2\/comments?post=31751"}],"version-history":[{"count":23,"href":"https:\/\/qube-hotel-heidelberg.de\/en\/wp-json\/wp\/v2\/pages\/31751\/revisions"}],"predecessor-version":[{"id":32164,"href":"https:\/\/qube-hotel-heidelberg.de\/en\/wp-json\/wp\/v2\/pages\/31751\/revisions\/32164"}],"wp:attachment":[{"href":"https:\/\/qube-hotel-heidelberg.de\/en\/wp-json\/wp\/v2\/media?parent=31751"}],"curies":[{"name":"wp","href":"https:\/\/api.w.org\/{rel}","templated":true}]}}