{"id":32712,"date":"2025-10-01T12:18:13","date_gmt":"2025-10-01T12:18:13","guid":{"rendered":"https:\/\/qube-hotel-heidelberg.de\/?page_id=32712"},"modified":"2025-10-03T09:14:01","modified_gmt":"2025-10-03T09:14:01","slug":"bahnsatd-silvester-oeffnungszeiten","status":"publish","type":"page","link":"https:\/\/qube-hotel-heidelberg.de\/en\/bahnsatd-silvester-oeffnungszeiten\/","title":{"rendered":"Bahnsatd Silvester \u00d6ffnungszeiten"},"content":{"rendered":"<div data-elementor-type=\"wp-page\" data-elementor-id=\"32712\" class=\"elementor elementor-32712\" data-elementor-post-type=\"page\">\n\t\t\t\t\t\t<section class=\"elementor-section elementor-top-section elementor-element elementor-element-8d07c5f elementor-section-full_width scheme_light elementor-section-height-full elementor-section-height-default elementor-section-items-middle sc_fly_static\" data-id=\"8d07c5f\" data-element_type=\"section\" data-settings=\"{&quot;background_background&quot;:&quot;classic&quot;,&quot;background_motion_fx_motion_fx_scrolling&quot;:&quot;yes&quot;,&quot;background_motion_fx_opacity_effect&quot;:&quot;yes&quot;,&quot;background_motion_fx_opacity_direction&quot;:&quot;in-out&quot;,&quot;background_motion_fx_opacity_range&quot;:{&quot;unit&quot;:&quot;%&quot;,&quot;size&quot;:&quot;&quot;,&quot;sizes&quot;:{&quot;start&quot;:36,&quot;end&quot;:48}},&quot;background_motion_fx_scale_effect&quot;:&quot;yes&quot;,&quot;background_motion_fx_scale_speed&quot;:{&quot;unit&quot;:&quot;px&quot;,&quot;size&quot;:3,&quot;sizes&quot;:[]},&quot;background_motion_fx_scale_range&quot;:{&quot;unit&quot;:&quot;%&quot;,&quot;size&quot;:&quot;&quot;,&quot;sizes&quot;:{&quot;start&quot;:21,&quot;end&quot;:69}},&quot;background_motion_fx_opacity_level&quot;:{&quot;unit&quot;:&quot;px&quot;,&quot;size&quot;:10,&quot;sizes&quot;:[]},&quot;background_motion_fx_scale_direction&quot;:&quot;out-in&quot;,&quot;background_motion_fx_devices&quot;:[&quot;desktop&quot;,&quot;tablet&quot;,&quot;mobile&quot;],&quot;_ha_eqh_enable&quot;:false}\">\n\t\t\t\t\t\t\t<div class=\"elementor-background-overlay\"><\/div>\n\t\t\t\t\t\t\t<div class=\"elementor-container elementor-column-gap-default\">\n\t\t\t\t\t<div class=\"elementor-column elementor-col-100 elementor-top-column elementor-element elementor-element-35ac960 sc-mobile_inner_width_none sc-mobile_content_align_inherit sc-tablet_inner_width_none sc_content_align_inherit sc_layouts_column_icons_position_left sc_fly_static\" data-id=\"35ac960\" data-element_type=\"column\">\n\t\t\t<div class=\"elementor-widget-wrap elementor-element-populated\">\n\t\t\t\t\t\t<div class=\"elementor-element elementor-element-d72bfcd sc_fly_static elementor-widget elementor-widget-spacer\" data-id=\"d72bfcd\" data-element_type=\"widget\" data-widget_type=\"spacer.default\">\n\t\t\t\t<div class=\"elementor-widget-container\">\n\t\t\t\t\t<div class=\"elementor-spacer\">\n\t\t\t<div class=\"elementor-spacer-inner\"><\/div>\n\t\t<\/div>\n\t\t\t\t<\/div>\n\t\t\t\t<\/div>\n\t\t\t\t<div class=\"elementor-element elementor-element-07ccd7c ha-has-bg-overlay sc_fly_static elementor-widget elementor-widget-trx_sc_title\" data-id=\"07ccd7c\" data-element_type=\"widget\" data-widget_type=\"trx_sc_title.default\">\n\t\t\t\t<div class=\"elementor-widget-container\">\n\t\t\t<div\t\tclass=\"sc_title sc_title_default\" ><h1 class=\"sc_item_title sc_title_title sc_align_center sc_item_title_style_default sc_item_title_tag trx_addons_inline_202043091\"\n\t\t\t><span class=\"sc_item_title_text\">Special opening hours<\/span><\/h1><\/div>\t\t<\/div>\n\t\t\t\t<\/div>\n\t\t\t\t<div class=\"elementor-element elementor-element-e0af146 sc_fly_static elementor-widget elementor-widget-spacer\" data-id=\"e0af146\" data-element_type=\"widget\" data-widget_type=\"spacer.default\">\n\t\t\t\t<div class=\"elementor-widget-container\">\n\t\t\t\t\t<div class=\"elementor-spacer\">\n\t\t\t<div class=\"elementor-spacer-inner\"><\/div>\n\t\t<\/div>\n\t\t\t\t<\/div>\n\t\t\t\t<\/div>\n\t\t\t\t\t<\/div>\n\t\t<\/div>\n\t\t\t\t\t<\/div>\n\t\t<\/section>\n\t\t\t\t<section class=\"elementor-section elementor-top-section elementor-element elementor-element-71e57da6 elementor-section-boxed elementor-section-height-default elementor-section-height-default sc_fly_static\" data-id=\"71e57da6\" data-element_type=\"section\" data-settings=\"{&quot;background_background&quot;:&quot;classic&quot;,&quot;_ha_eqh_enable&quot;:false}\">\n\t\t\t\t\t\t<div class=\"elementor-container elementor-column-gap-extended\">\n\t\t\t\t\t<div class=\"elementor-column elementor-col-100 elementor-top-column elementor-element elementor-element-3ff961ed sc_content_align_inherit sc_layouts_column_icons_position_left sc_fly_static\" data-id=\"3ff961ed\" data-element_type=\"column\">\n\t\t\t<div class=\"elementor-widget-wrap elementor-element-populated\">\n\t\t\t\t<div class=\"elementor-element elementor-element-ed54d83 e-con-full e-flex sc_layouts_column_icons_position_left e-con e-child\" data-id=\"ed54d83\" data-element_type=\"container\" data-settings=\"{&quot;_ha_eqh_enable&quot;:false}\">\n\t\t\t\t<div class=\"elementor-element elementor-element-768087b sc_fly_static elementor-widget elementor-widget-text-editor\" data-id=\"768087b\" data-element_type=\"widget\" data-widget_type=\"text-editor.default\">\n\t\t\t\t<div class=\"elementor-widget-container\">\n\t\t\t\t\t\t\t<h4 class=\"ekit-heading--title elementskit-section-title\">New Year's Eve &amp; Holiday Opening Hours<\/h4>\t\t\t\t\t\t<\/div>\n\t\t\t\t<\/div>\n\t\t\t\t<div class=\"elementor-element elementor-element-71054bd sc_fly_static elementor-widget elementor-widget-text-editor\" data-id=\"71054bd\" data-element_type=\"widget\" data-widget_type=\"text-editor.default\">\n\t\t\t\t<div class=\"elementor-widget-container\">\n\t\t\t\t\t\t\t<p>An den Feiertagen, zu Silvester und zum Jahresbeginn gelten abweichende Zeiten f\u00fcr Restaurant, Fr\u00fchst\u00fcck und Bar. Die \u00dcbersicht finden Sie in der folgenden Tabelle.<\/p>\t\t\t\t\t\t<\/div>\n\t\t\t\t<\/div>\n\t\t\t\t<\/div>\n\t\t\t\t<div class=\"elementor-element elementor-element-23b775e sc_fly_static elementor-widget elementor-widget-html\" data-id=\"23b775e\" data-element_type=\"widget\" data-widget_type=\"html.default\">\n\t\t\t\t<div class=\"elementor-widget-container\">\n\t\t\t<style>\n  .qube-schedule table,.qube-schedule th,.qube-schedule td{border:1px solid gray!important;border-collapse:collapse!important}\n  .qube-schedule th,.qube-schedule td{padding:10px!important;color:gray;text-align:left;font-family:'qube'}\n  .qube-schedule thead tr{background:gray}\n  @media (max-width:768px){\n    .qube-schedule table{width:100%}\n    .qube-schedule thead{display:none}\n    .qube-schedule tr{display:block;margin-bottom:1rem}\n    .qube-schedule td{display:block;position:relative;padding-left:10%!important;border-bottom:1px solid #000!important}\n    .qube-schedule td::before{content:attr(data-label);position:absolute;left:0;width:50%;padding-left:15px;font-weight:700}\n  }\n<\/style>\n\n<div class=\"qube-schedule\">\n<div style=\"overflow-x:auto;\">\n  <table>\n    <thead>\n      <tr>\n        <th>weekday<\/th><th>Date<\/th><th>Breakfast<\/th><th>Lunch<\/th><th>Evening Menu<\/th><th>Bar\/Lounge<\/th>\n      <\/tr>\n    <\/thead>\n    <tbody>\n      <tr><td>Monday<\/td><td>22.12.2025<\/td><td>6:30 a.m. to 10:30 a.m.<\/td><td>12:00 p.m. to 2:30 p.m<\/td><td>6:00 p.m. to 10:00 p.m<\/td><td>5:00 p.m. to 1:00 a.m<\/td><\/tr>\n      <tr><td>Tuesday<\/td><td>23.12.2025<\/td><td>6:30 a.m. to 10:30 a.m.<\/td><td>12:00 p.m. to 2:30 p.m<\/td><td>6:00 p.m. to 10:00 p.m<\/td><td>5:00 p.m. to 1:00 a.m<\/td><\/tr>\n      <tr><td>Mittwoch, Heiligabend<\/td><td>24.12.2025<\/td><td>6:30 a.m. to 10:30 a.m.<\/td><td>closed<\/td><td>5:00 p.m. to 9:00 p.m<\/td><td>17:00 Uhr bis 23:00 Uhr<\/td><\/tr>\n      <tr><td>Donnerstag, 1. Weihnachtsfeiertag<\/td><td>25.12.2025<\/td><td>7:00 a.m. to 11:30 a.m.<\/td><td>12:30 Uhr bis 15:00 Uhr<\/td><td>5:00 p.m. to 9:00 p.m<\/td><td>17:00 Uhr bis 23:00 Uhr<\/td><\/tr>\n      <tr><td>Freitag, 2. Weihnachtsfeiertag<\/td><td>26.12.2025<\/td><td>7:00 a.m. to 11:30 a.m.<\/td><td>12:30 Uhr bis 15:00 Uhr<\/td><td>5:00 p.m. to 9:00 p.m<\/td><td>17:00 Uhr bis 23:00 Uhr<\/td><\/tr>\n      <tr><td>Saturday<\/td><td>27.12.2025<\/td><td>7:00 a.m. to 11:30 a.m.<\/td><td>closed<\/td><td>6:00 p.m. to 10:00 p.m<\/td><td>5:00 p.m. to 2:00 a.m<\/td><\/tr>\n      <tr><td>Sunday<\/td><td>28.12.2025<\/td><td>7:00 a.m. to 11:30 a.m.<\/td><td>closed<\/td><td>closed<\/td><td>closed<\/td><\/tr>\n      <tr><td>Monday<\/td><td>29.12.2025<\/td><td>6:30 a.m. to 10:30 a.m.<\/td><td>12:00 p.m. to 2:30 p.m<\/td><td>6:00 p.m. to 10:00 p.m<\/td><td>5:00 p.m. to 1:00 a.m<\/td><\/tr>\n      <tr><td>Tuesday<\/td><td>30.12.2025<\/td><td>6:30 a.m. to 10:30 a.m.<\/td><td>12:00 p.m. to 2:30 p.m<\/td><td>6:00 p.m. to 10:00 p.m<\/td><td>5:00 p.m. to 1:00 a.m<\/td><\/tr>\n      <tr><td>Mittwoch, Silvester<\/td><td>31.12.2025<\/td><td>6:30 a.m. to 10:30 a.m.<\/td><td>closed<\/td><td>19:00 Uhr bis open End<\/td><td>17:00 Uhr bis open End<\/td><\/tr>\n      <tr><td>Donnerstag, Neujahr<\/td><td>01.01.2026<\/td><td>7:00 a.m. to 11:30 a.m.<\/td><td>closed<\/td><td>closed<\/td><td>closed<\/td><\/tr>\n\n      <!-- Bahnstadt: 02.\u201304.01. abends & Bar geschlossen -->\n      <tr><td>Friday<\/td><td>02.01.2026<\/td><td>7:00 a.m. to 11:30 a.m.<\/td><td>closed<\/td><td>closed<\/td><td>closed<\/td><\/tr>\n      <tr><td>Saturday<\/td><td>03.01.2026<\/td><td>7:00 a.m. to 11:30 a.m.<\/td><td>closed<\/td><td>closed<\/td><td>closed<\/td><\/tr>\n      <tr><td>Sunday<\/td><td>04.01.2026<\/td><td>7:00 a.m. to 11:30 a.m.<\/td><td>closed<\/td><td>closed<\/td><td>closed<\/td><\/tr>\n\n      <tr><td>Monday<\/td><td>05.01.2026<\/td><td>7:00 a.m. to 11:30 a.m.<\/td><td>closed<\/td><td>6:00 p.m. to 10:00 p.m<\/td><td>5:00 p.m. to 1:00 a.m<\/td><\/tr>\n      <tr><td>Dienstag, Heilige Drei K\u00f6nige<\/td><td>06.01.2026<\/td><td>7:00 a.m. to 11:30 a.m.<\/td><td>closed<\/td><td>6:00 p.m. to 10:00 p.m<\/td><td>5:00 p.m. to 1:00 a.m<\/td><\/tr>\n      <tr><td>Wednesday<\/td><td>07.01.2026<\/td><td>6:30 a.m. to 10:30 a.m.<\/td><td>12:00 p.m. to 2:30 p.m<\/td><td>6:00 p.m. to 10:00 p.m<\/td><td>5:00 p.m. to 1:00 a.m<\/td><\/tr>\n      <tr><td>Thursday<\/td><td>08.01.2026<\/td><td>6:30 a.m. to 10:30 a.m.<\/td><td>12:00 p.m. to 2:30 p.m<\/td><td>6:00 p.m. to 10:00 p.m<\/td><td>5:00 p.m. to 1:00 a.m<\/td><\/tr>\n      <tr><td>Friday<\/td><td>09.01.2026<\/td><td>6:30 a.m. to 10:30 a.m.<\/td><td>12:00 p.m. to 2:30 p.m<\/td><td>6:00 p.m. to 10:00 p.m<\/td><td>5:00 p.m. to 2:00 a.m<\/td><\/tr>\n      <tr><td>Saturday<\/td><td>10.01.2026<\/td><td>7:00 a.m. to 11:30 a.m.<\/td><td>closed<\/td><td>6:00 p.m. to 10:00 p.m<\/td><td>5:00 p.m. to 2:00 a.m<\/td><\/tr>\n      <tr><td>Sunday<\/td><td>11.01.2026<\/td><td>7:00 a.m. to 11:30 a.m.<\/td><td>closed<\/td><td>closed<\/td><td>closed<\/td><\/tr>\n    <\/tbody>\n  <\/table>\n\n  <h6 style=\"color:gray;\">\n   An folgenden Tagen servieren wir unseren Businesslunch:\n22 & 23.12.2025 \/ 29 & 30.12.2025 und 07 & 08  & 09.01.2026. \n  <\/h6>\n<\/div>\n<\/div>\n\t\t<\/div>\n\t\t\t\t<\/div>\n\t\t\t\t\t<\/div>\n\t\t<\/div>\n\t\t\t\t\t<\/div>\n\t\t<\/section>\n\t\t\t\t<\/div>","protected":false},"excerpt":{"rendered":"<p>Sonder\u00f6ffnungszeiten Silvester &amp; Feiertags-\u00d6ffnungszeiten An den Feiertagen, zu Silvester und zum Jahresbeginn gelten abweichende Zeiten f\u00fcr Restaurant, Fr\u00fchst\u00fcck und Bar. Die \u00dcbersicht finden Sie in der folgenden Tabelle. Wochentag Datum&hellip;<\/p>","protected":false},"author":1,"featured_media":0,"parent":0,"menu_order":0,"comment_status":"closed","ping_status":"closed","template":"","meta":{"footnotes":""},"class_list":["post-32712","page","type-page","status-publish","hentry"],"_links":{"self":[{"href":"https:\/\/qube-hotel-heidelberg.de\/en\/wp-json\/wp\/v2\/pages\/32712","targetHints":{"allow":["GET"]}}],"collection":[{"href":"https:\/\/qube-hotel-heidelberg.de\/en\/wp-json\/wp\/v2\/pages"}],"about":[{"href":"https:\/\/qube-hotel-heidelberg.de\/en\/wp-json\/wp\/v2\/types\/page"}],"author":[{"embeddable":true,"href":"https:\/\/qube-hotel-heidelberg.de\/en\/wp-json\/wp\/v2\/users\/1"}],"replies":[{"embeddable":true,"href":"https:\/\/qube-hotel-heidelberg.de\/en\/wp-json\/wp\/v2\/comments?post=32712"}],"version-history":[{"count":49,"href":"https:\/\/qube-hotel-heidelberg.de\/en\/wp-json\/wp\/v2\/pages\/32712\/revisions"}],"predecessor-version":[{"id":32968,"href":"https:\/\/qube-hotel-heidelberg.de\/en\/wp-json\/wp\/v2\/pages\/32712\/revisions\/32968"}],"wp:attachment":[{"href":"https:\/\/qube-hotel-heidelberg.de\/en\/wp-json\/wp\/v2\/media?parent=32712"}],"curies":[{"name":"wp","href":"https:\/\/api.w.org\/{rel}","templated":true}]}}